{"id":237965,"date":"2022-03-24T13:01:42","date_gmt":"2022-03-24T17:01:42","guid":{"rendered":"https:\/\/devsalient.com\/brisa\/vasculaire\/"},"modified":"2025-02-27T08:18:07","modified_gmt":"2025-02-27T13:18:07","slug":"vasculaire","status":"publish","type":"page","link":"https:\/\/brisamedicspa.com\/fr\/medico-esthetique\/vasculaire\/","title":{"rendered":"Vasculaire"},"content":{"rendered":"<p>[et_pb_section fb_built=&#8221;1&#8243; next_background_color=&#8221;#DEBAA3&#8243; _builder_version=&#8221;4.16&#8243; _module_preset=&#8221;default&#8221; background_color=&#8221;#dddcda&#8221; use_background_color_gradient=&#8221;on&#8221; background_color_gradient_direction=&#8221;90deg&#8221; background_color_gradient_stops=&#8221;#000000 9%|rgba(255,255,255,0) 60%&#8221; background_color_gradient_start=&#8221;#000000&#8243; background_color_gradient_start_position=&#8221;9%&#8221; background_color_gradient_end=&#8221;rgba(255,255,255,0)&#8221; background_color_gradient_end_position=&#8221;60%&#8221; background_image=&#8221;https:\/\/brisamedicspa.com\/wp-content\/uploads\/2022\/09\/2-Triton.jpg&#8221; background_position=&#8221;top_left&#8221; background_repeat=&#8221;repeat&#8221; background_blend=&#8221;overlay&#8221; custom_padding=&#8221;5vw||150px||false|false&#8221; bottom_divider_style=&#8221;ramp2&#8243; bottom_divider_height=&#8221;120px&#8221; bottom_divider_repeat=&#8221;1x&#8221; bottom_divider_flip=&#8221;horizontal|vertical&#8221; saved_tabs=&#8221;all&#8221; global_colors_info=&#8221;{}&#8221;][et_pb_row column_structure=&#8221;1_2,1_2&#8243; _builder_version=&#8221;4.16&#8243; _module_preset=&#8221;default&#8221; custom_padding=&#8221;100px||100px||true|&#8221; global_colors_info=&#8221;{}&#8221;][et_pb_column type=&#8221;1_2&#8243; _builder_version=&#8221;4.16&#8243; _module_preset=&#8221;default&#8221; global_colors_info=&#8221;{}&#8221;][et_pb_text _builder_version=&#8221;4.16&#8243; _dynamic_attributes=&#8221;content&#8221; _module_preset=&#8221;default&#8221; global_colors_info=&#8221;{}&#8221;]@ET-DC@eyJkeW5hbWljIjp0cnVlLCJjb250ZW50IjoicG9zdF90aXRsZSIsInNldHRpbmdzIjp7ImJlZm9yZSI6IjxoMT4iLCJhZnRlciI6IjwvaDE+In19@[\/et_pb_text][\/et_pb_column][et_pb_column type=&#8221;1_2&#8243; _builder_version=&#8221;4.16&#8243; _module_preset=&#8221;default&#8221; global_colors_info=&#8221;{}&#8221;][\/et_pb_column][\/et_pb_row][\/et_pb_section][et_pb_section fb_built=&#8221;1&#8243; _builder_version=&#8221;4.16&#8243; _module_preset=&#8221;default&#8221; background_color=&#8221;#DEBAA3&#8243; background_color_gradient_direction=&#8221;90deg&#8221; background_color_gradient_start=&#8221;#f5f5f5&#8243; background_color_gradient_end=&#8221;#ffffff&#8221; background_enable_image=&#8221;off&#8221; background_size=&#8221;contain&#8221; background_position=&#8221;bottom_right&#8221; custom_margin=&#8221;0px||0px||true|false&#8221; custom_padding=&#8221;0px||0px||true|false&#8221; locked=&#8221;off&#8221; global_colors_info=&#8221;{}&#8221;][et_pb_row column_structure=&#8221;1_2,1_2&#8243; make_equal=&#8221;on&#8221; _builder_version=&#8221;4.16&#8243; _module_preset=&#8221;default&#8221; custom_margin=&#8221;||||true|false&#8221; custom_padding=&#8221;91px||91px||true|false&#8221; global_colors_info=&#8221;{}&#8221;][et_pb_column type=&#8221;1_2&#8243; _builder_version=&#8221;4.16&#8243; _module_preset=&#8221;default&#8221; global_colors_info=&#8221;{}&#8221;][et_pb_text _builder_version=&#8221;4.16&#8243; _module_preset=&#8221;default&#8221; header_2_font=&#8221;Cormorant Garamond|700|||||||&#8221; header_2_font_size=&#8221;34px&#8221; global_colors_info=&#8221;{}&#8221;]<\/p>\n<h2>Traitement Laser pour les Veines des Jambes \u2013 Gatineau, Secteur Aylmer<\/h2>\n<p>Gr\u00e2ce \u00e0 la technologie avanc\u00e9e Elite MPX de Cynosure, nous offrons des traitements laser efficaces pour les l\u00e9sions vasculaires b\u00e9nignes, y compris les varicosit\u00e9s superficielles.<\/p>\n<p>\u2714<span> <strong>Laser Nd:YAG 1064<\/strong> \u2013 Sp\u00e9cifiquement con\u00e7u pour cibler les petites varicosit\u00e9s esth\u00e9tiques, il agit en coagulant les vaisseaux sanguins sans endommager la peau environnante.<\/span><\/p>\n<p><span>Ce traitement est une solution s\u00e9curitaire et non invasive pour r\u00e9duire l\u2019apparence des veines visibles sur les jambes, am\u00e9liorant ainsi l\u2019uniformit\u00e9 et l\u2019\u00e9clat de la peau.<\/span><\/p>\n<p><a href=\"\/fr\/contact\/\"><strong><span>Prenez Rendez-Vous pour un Traitement Laser des Veines \u00e0 Gatineau \u2013 Secteur Aylmer<\/span><\/strong><\/a><\/p>\n<p><strong>*Prix d\u00e9termin\u00e9 \u00e0 la consultation, prix de base 75$\/15 min<\/strong><\/p>\n<p>[\/et_pb_text][et_pb_image src=&#8221;https:\/\/brisamedicspa.com\/wp-content\/uploads\/2022\/09\/Screen-Shot-2022-09-16-at-12.03.50-PM.png&#8221; title_text=&#8221;Screen Shot 2022-09-16 at 12.03.50 PM&#8221; _builder_version=&#8221;4.16&#8243; _module_preset=&#8221;default&#8221; global_colors_info=&#8221;{}&#8221;][\/et_pb_image][\/et_pb_column][et_pb_column type=&#8221;1_2&#8243; _builder_version=&#8221;4.16&#8243; _module_preset=&#8221;default&#8221; background_enable_image=&#8221;off&#8221; global_colors_info=&#8221;{}&#8221;][et_pb_image src=&#8221;https:\/\/brisamedicspa.com\/wp-content\/uploads\/2022\/09\/Screen-Shot-2022-09-16-at-12.02.55-PM.png&#8221; title_text=&#8221;Screen Shot 2022-09-16 at 12.02.55 PM&#8221; _builder_version=&#8221;4.16&#8243; _module_preset=&#8221;default&#8221; scroll_vertical_motion_enable=&#8221;on&#8221; scroll_vertical_motion=&#8221;0|50|50|100|1|0|-1&#8243; global_colors_info=&#8221;{}&#8221;][\/et_pb_image][et_pb_image src=&#8221;https:\/\/brisamedicspa.com\/wp-content\/uploads\/2022\/09\/Screen-Shot-2022-09-16-at-12.03.24-PM.png&#8221; title_text=&#8221;Screen Shot 2022-09-16 at 12.03.24 PM&#8221; _builder_version=&#8221;4.16&#8243; _module_preset=&#8221;default&#8221; scroll_vertical_motion_enable=&#8221;on&#8221; scroll_vertical_motion=&#8221;0|50|50|100|1|0|-1&#8243; global_colors_info=&#8221;{}&#8221;][\/et_pb_image][\/et_pb_column][\/et_pb_row][\/et_pb_section][et_pb_section fb_built=&#8221;1&#8243; admin_label=&#8221;Mission&#8221; _builder_version=&#8221;4.16&#8243; background_color=&#8221;#9D9D9C&#8221; background_color_gradient_start=&#8221;#f2ebe7&#8243; background_color_gradient_end=&#8221;#f6f4f2&#8243; background_enable_image=&#8221;off&#8221; background_size=&#8221;initial&#8221; background_position=&#8221;center_left&#8221; locked=&#8221;off&#8221; global_colors_info=&#8221;{}&#8221;][et_pb_row column_structure=&#8221;1_2,1_2&#8243; _builder_version=&#8221;4.16&#8243; background_color=&#8221;#FFFFFF&#8221; custom_padding=&#8221;||||false|false&#8221; locked=&#8221;off&#8221; global_colors_info=&#8221;{}&#8221;][et_pb_column type=&#8221;1_2&#8243; _builder_version=&#8221;4.16&#8243; background_color=&#8221;#ffffff&#8221; custom_padding=&#8221;20px|20px|20px|20px|true|true&#8221; global_colors_info=&#8221;{}&#8221;][et_pb_text _builder_version=&#8221;4.16&#8243; text_font_size=&#8221;18px&#8221; header_4_font=&#8221;Cormorant Garamond||||||||&#8221; header_4_text_color=&#8221;#0b1115&#8243; header_4_font_size=&#8221;34px&#8221; global_colors_info=&#8221;{}&#8221;]<\/p>\n<h4>Le IPL traite:<\/h4>\n<ul>\n<li style=\"font-weight: 400;\" aria-level=\"1\"><span style=\"font-weight: 400;\">Les taches de vieillesse (pigmentation brune ou rouge\u00e2tre)<\/span><\/li>\n<li style=\"font-weight: 400;\" aria-level=\"1\"><span style=\"font-weight: 400;\">Les l\u00e9sions vasculaires au visage, comme les t\u00e9langiectasies (en araign\u00e9e) et la poikilodermie<\/span><\/li>\n<li style=\"font-weight: 400;\" aria-level=\"1\"><span style=\"font-weight: 400;\">La couperose et la rosac\u00e9e <\/span><\/li>\n<li style=\"font-weight: 400;\" aria-level=\"1\"><span style=\"font-weight: 400;\">Les taches de rousseur<\/span><\/li>\n<li style=\"font-weight: 400;\" aria-level=\"1\"><span style=\"font-weight: 400;\">Les effets n\u00e9fastes du soleil<\/span><\/li>\n<\/ul>\n<p><strong><em>*Prix d\u00e9termin\u00e9 \u00e0 la consultation, prix du visage complet 250$\/s\u00e9ance<\/em><\/strong><\/p>\n<p>[\/et_pb_text][et_pb_image src=&#8221;https:\/\/brisamedicspa.com\/wp-content\/uploads\/2022\/09\/Screen-Shot-2022-09-16-at-11.46.14-AM.png&#8221; title_text=&#8221;Screen Shot 2022-09-16 at 11.46.14 AM&#8221; _builder_version=&#8221;4.16&#8243; _module_preset=&#8221;default&#8221; global_colors_info=&#8221;{}&#8221;][\/et_pb_image][\/et_pb_column][et_pb_column type=&#8221;1_2&#8243; _builder_version=&#8221;4.16&#8243; _module_preset=&#8221;default&#8221; background_color=&#8221;#FFFFFF&#8221; global_colors_info=&#8221;{}&#8221;][et_pb_image src=&#8221;https:\/\/brisamedicspa.com\/wp-content\/uploads\/2022\/09\/Screen-Shot-2022-09-16-at-11.45.52-AM.png&#8221; title_text=&#8221;Screen Shot 2022-09-16 at 11.45.52 AM&#8221; _builder_version=&#8221;4.16&#8243; _module_preset=&#8221;default&#8221; global_colors_info=&#8221;{}&#8221;][\/et_pb_image][et_pb_image src=&#8221;https:\/\/brisamedicspa.com\/wp-content\/uploads\/2022\/09\/Screen-Shot-2022-09-16-at-11.46.36-AM.png&#8221; title_text=&#8221;Screen Shot 2022-09-16 at 11.46.36 AM&#8221; _builder_version=&#8221;4.16&#8243; _module_preset=&#8221;default&#8221; global_colors_info=&#8221;{}&#8221;][\/et_pb_image][et_pb_image src=&#8221;https:\/\/brisamedicspa.com\/wp-content\/uploads\/2022\/09\/Screen-Shot-2022-09-16-at-11.46.57-AM.png&#8221; title_text=&#8221;Screen Shot 2022-09-16 at 11.46.57 AM&#8221; _builder_version=&#8221;4.16&#8243; _module_preset=&#8221;default&#8221; global_colors_info=&#8221;{}&#8221;][\/et_pb_image][\/et_pb_column][\/et_pb_row][\/et_pb_section][et_pb_section fb_built=&#8221;1&#8243; _builder_version=&#8221;4.16&#8243; _module_preset=&#8221;default&#8221; background_color=&#8221;#DEBAA3&#8243; global_colors_info=&#8221;{}&#8221;][et_pb_row column_structure=&#8221;1_2,1_2&#8243; make_equal=&#8221;on&#8221; _builder_version=&#8221;4.16&#8243; _module_preset=&#8221;default&#8221; global_colors_info=&#8221;{}&#8221;][et_pb_column type=&#8221;1_2&#8243; _builder_version=&#8221;4.16&#8243; _module_preset=&#8221;default&#8221; global_colors_info=&#8221;{}&#8221;][et_pb_text _builder_version=&#8221;4.27.4&#8243; _module_preset=&#8221;default&#8221; hover_enabled=&#8221;0&#8243; global_colors_info=&#8221;{}&#8221; sticky_enabled=&#8221;0&#8243;]<\/p>\n<h4>Traitement de l\u2019Hyperpigmentation, des Taches Pigmentaires et des Rougeurs avec Lumecca<\/h4>\n<p>Le Lumecca est la technologie de lumi\u00e8re intense puls\u00e9e (IPL) la plus puissante pour traiter efficacement les l\u00e9sions pigmentaires et vasculaires b\u00e9nignes sur le visage, le cou, le d\u00e9collet\u00e9 et les mains.<\/p>\n<p>\u2714<span> <strong>Corrige les taches pigmentaires<\/strong> \u2013 R\u00e9duit l\u2019apparence des taches brunes caus\u00e9es par le soleil et le vieillissement.<br \/><\/span>\u2714<span> <strong>Att\u00e9nue les rougeurs et les l\u00e9sions vasculaires<\/strong> \u2013 Cible efficacement la couperose, les vaisseaux dilat\u00e9s et les rougeurs diffuses.<br \/><\/span>\u2714<span> <strong>Teint plus uniforme et lumineux<\/strong> \u2013 D\u00e8s la premi\u00e8re s\u00e9ance, les patients observent une nette am\u00e9lioration de la clart\u00e9 et de l\u2019\u00e9clat de leur peau.<\/span><\/p>\n<p><span>Le Lumecca utilise le principe de la photothermolyse, qui \u00e9met une \u00e9nergie optique cibl\u00e9e pour offrir un traitement photofacial confortable et efficace.<\/p>\n<p><strong>Nombre de s\u00e9ances recommand\u00e9 :<\/strong> En moyenne, 1 \u00e0 3 s\u00e9ances suffisent pour obtenir des r\u00e9sultats optimaux.<br \/><\/span><\/p>\n<p><a href=\"\/fr\/contact\/\"><strong><span>Prenez Rendez-Vous pour un Traitement Lumecca \u00e0 Gatineau \u2013 Secteur Aylmer<\/span><\/strong><\/a><\/p>\n<p>[\/et_pb_text][\/et_pb_column][et_pb_column type=&#8221;1_2&#8243; _builder_version=&#8221;4.16&#8243; _module_preset=&#8221;default&#8221; background_enable_image=&#8221;off&#8221; global_colors_info=&#8221;{}&#8221;][et_pb_image src=&#8221;https:\/\/brisamedicspa.com\/wp-content\/uploads\/2022\/09\/Screen-Shot-2022-09-16-at-11.38.13-AM.png&#8221; title_text=&#8221;Screen Shot 2022-09-16 at 11.38.13 AM&#8221; _builder_version=&#8221;4.16&#8243; _module_preset=&#8221;default&#8221; scroll_vertical_motion_enable=&#8221;on&#8221; scroll_vertical_motion=&#8221;0|50|50|100|1|0|-1&#8243; global_colors_info=&#8221;{}&#8221;][\/et_pb_image][et_pb_image src=&#8221;https:\/\/brisamedicspa.com\/wp-content\/uploads\/2022\/09\/Screen-Shot-2022-09-16-at-11.38.26-AM.png&#8221; title_text=&#8221;Screen Shot 2022-09-16 at 11.38.26 AM&#8221; _builder_version=&#8221;4.16&#8243; _module_preset=&#8221;default&#8221; positioning=&#8221;absolute&#8221; position_origin_a=&#8221;bottom_right&#8221; vertical_offset=&#8221;-66px&#8221; vertical_offset_tablet=&#8221;-10px&#8221; vertical_offset_phone=&#8221;-10px&#8221; vertical_offset_last_edited=&#8221;on|phone&#8221; position_origin_a_tablet=&#8221;bottom_right&#8221; position_origin_a_phone=&#8221;bottom_right&#8221; position_origin_a_last_edited=&#8221;on|tablet&#8221; position_origin_f_tablet=&#8221;&#8221; position_origin_f_phone=&#8221;&#8221; position_origin_f_last_edited=&#8221;on|tablet&#8221; position_origin_r_tablet=&#8221;&#8221; position_origin_r_phone=&#8221;&#8221; position_origin_r_last_edited=&#8221;on|tablet&#8221; width=&#8221;100%&#8221; max_width=&#8221;60%&#8221; max_width_tablet=&#8221;45%&#8221; max_width_phone=&#8221;45%&#8221; max_width_last_edited=&#8221;on|tablet&#8221; scroll_vertical_motion_enable=&#8221;on&#8221; scroll_vertical_motion=&#8221;0|50|50|100|1|0|-1&#8243; positioning_tablet=&#8221;absolute&#8221; positioning_phone=&#8221;absolute&#8221; positioning_last_edited=&#8221;on|tablet&#8221; global_colors_info=&#8221;{}&#8221;][\/et_pb_image][\/et_pb_column][\/et_pb_row][\/et_pb_section]<\/p>\n","protected":false},"excerpt":{"rendered":"<p>Traitement Laser pour les Veines des Jambes \u2013 Gatineau, Secteur Aylmer Gr\u00e2ce \u00e0 la technologie avanc\u00e9e Elite MPX de Cynosure, nous offrons des traitements laser efficaces pour les l\u00e9sions vasculaires b\u00e9nignes, y compris les varicosit\u00e9s superficielles. \u2714 Laser Nd:YAG 1064 \u2013 Sp\u00e9cifiquement con\u00e7u pour cibler les petites varicosit\u00e9s esth\u00e9tiques, il agit en coagulant les vaisseaux [&hellip;]<\/p>\n","protected":false},"author":123457,"featured_media":237913,"parent":238241,"menu_order":0,"comment_status":"closed","ping_status":"closed","template":"","meta":{"_et_pb_use_builder":"on","_et_pb_old_content":"","_et_gb_content_width":"","footnotes":""},"class_list":["post-237965","page","type-page","status-publish","has-post-thumbnail","hentry"],"yoast_head":"<!-- This site is optimized with the Yoast SEO plugin v27.2 - https:\/\/yoast.com\/product\/yoast-seo-wordpress\/ -->\n<title>Laser pour veines et taches pigmentaires \u00e0 Gatineau |\u00a0Brisa MedicSpa<\/title>\n<meta name=\"description\" content=\"Traitement laser pour veines et pigmentation \u00e0 Gatineau : ciblez les l\u00e9sions vasculaires, les varices et les probl\u00e8mes de pigmentation avec IPL et laser Nd:YAG pour une peau plus lisse et claire.\" \/>\n<meta name=\"robots\" content=\"index, follow, max-snippet:-1, max-image-preview:large, max-video-preview:-1\" \/>\n<link rel=\"canonical\" href=\"https:\/\/brisamedicspa.com\/fr\/medico-esthetique\/vasculaire\/\" \/>\n<meta property=\"og:locale\" content=\"fr_FR\" \/>\n<meta property=\"og:type\" content=\"article\" \/>\n<meta property=\"og:title\" content=\"Laser pour veines et taches pigmentaires \u00e0 Gatineau |\u00a0Brisa MedicSpa\" \/>\n<meta property=\"og:description\" content=\"Traitement laser pour veines et pigmentation \u00e0 Gatineau : ciblez les l\u00e9sions vasculaires, les varices et les probl\u00e8mes de pigmentation avec IPL et laser Nd:YAG pour une peau plus lisse et claire.\" \/>\n<meta property=\"og:url\" content=\"https:\/\/brisamedicspa.com\/fr\/medico-esthetique\/vasculaire\/\" \/>\n<meta property=\"og:site_name\" content=\"Brisa MedicSpa\" \/>\n<meta property=\"article:modified_time\" content=\"2025-02-27T13:18:07+00:00\" \/>\n<meta property=\"og:image\" content=\"https:\/\/brisamedicspa.com\/wp-content\/uploads\/2022\/03\/Veins.jpg\" \/>\n\t<meta property=\"og:image:width\" content=\"1920\" \/>\n\t<meta property=\"og:image:height\" content=\"575\" \/>\n\t<meta property=\"og:image:type\" content=\"image\/jpeg\" \/>\n<meta name=\"twitter:card\" content=\"summary_large_image\" \/>\n<meta name=\"twitter:label1\" content=\"Est. reading time\" \/>\n\t<meta name=\"twitter:data1\" content=\"3 minutes\" \/>\n<script type=\"application\/ld+json\" class=\"yoast-schema-graph\">{\"@context\":\"https:\/\/schema.org\",\"@graph\":[{\"@type\":\"WebPage\",\"@id\":\"https:\/\/brisamedicspa.com\/fr\/medico-esthetique\/vasculaire\/\",\"url\":\"https:\/\/brisamedicspa.com\/fr\/medico-esthetique\/vasculaire\/\",\"name\":\"Laser pour veines et taches pigmentaires \u00e0 Gatineau |\u00a0Brisa MedicSpa\",\"isPartOf\":{\"@id\":\"https:\/\/brisamedicspa.com\/fr\/#website\"},\"primaryImageOfPage\":{\"@id\":\"https:\/\/brisamedicspa.com\/fr\/medico-esthetique\/vasculaire\/#primaryimage\"},\"image\":{\"@id\":\"https:\/\/brisamedicspa.com\/fr\/medico-esthetique\/vasculaire\/#primaryimage\"},\"thumbnailUrl\":\"https:\/\/brisamedicspa.com\/wp-content\/uploads\/2022\/03\/Veins.jpg\",\"datePublished\":\"2022-03-24T17:01:42+00:00\",\"dateModified\":\"2025-02-27T13:18:07+00:00\",\"description\":\"Traitement laser pour veines et pigmentation \u00e0 Gatineau : ciblez les l\u00e9sions vasculaires, les varices et les probl\u00e8mes de pigmentation avec IPL et laser Nd:YAG pour une peau plus lisse et claire.\",\"breadcrumb\":{\"@id\":\"https:\/\/brisamedicspa.com\/fr\/medico-esthetique\/vasculaire\/#breadcrumb\"},\"inLanguage\":\"fr-FR\",\"potentialAction\":[{\"@type\":\"ReadAction\",\"target\":[\"https:\/\/brisamedicspa.com\/fr\/medico-esthetique\/vasculaire\/\"]}]},{\"@type\":\"ImageObject\",\"inLanguage\":\"fr-FR\",\"@id\":\"https:\/\/brisamedicspa.com\/fr\/medico-esthetique\/vasculaire\/#primaryimage\",\"url\":\"https:\/\/brisamedicspa.com\/wp-content\/uploads\/2022\/03\/Veins.jpg\",\"contentUrl\":\"https:\/\/brisamedicspa.com\/wp-content\/uploads\/2022\/03\/Veins.jpg\",\"width\":1920,\"height\":575},{\"@type\":\"BreadcrumbList\",\"@id\":\"https:\/\/brisamedicspa.com\/fr\/medico-esthetique\/vasculaire\/#breadcrumb\",\"itemListElement\":[{\"@type\":\"ListItem\",\"position\":1,\"name\":\"Home\",\"item\":\"https:\/\/brisamedicspa.com\/fr\/\"},{\"@type\":\"ListItem\",\"position\":2,\"name\":\"Esth\u00e9tique m\u00e9dicale\",\"item\":\"https:\/\/brisamedicspa.com\/fr\/medico-esthetique\/\"},{\"@type\":\"ListItem\",\"position\":3,\"name\":\"Vasculaire\"}]},{\"@type\":\"WebSite\",\"@id\":\"https:\/\/brisamedicspa.com\/fr\/#website\",\"url\":\"https:\/\/brisamedicspa.com\/fr\/\",\"name\":\"Brisa MedicSpa\",\"description\":\"Spa in Gatineau and Aylmer\",\"potentialAction\":[{\"@type\":\"SearchAction\",\"target\":{\"@type\":\"EntryPoint\",\"urlTemplate\":\"https:\/\/brisamedicspa.com\/fr\/?s={search_term_string}\"},\"query-input\":{\"@type\":\"PropertyValueSpecification\",\"valueRequired\":true,\"valueName\":\"search_term_string\"}}],\"inLanguage\":\"fr-FR\"}]}<\/script>\n<!-- \/ Yoast SEO plugin. -->","yoast_head_json":{"title":"Laser pour veines et taches pigmentaires \u00e0 Gatineau |\u00a0Brisa MedicSpa","description":"Traitement laser pour veines et pigmentation \u00e0 Gatineau : ciblez les l\u00e9sions vasculaires, les varices et les probl\u00e8mes de pigmentation avec IPL et laser Nd:YAG pour une peau plus lisse et claire.","robots":{"index":"index","follow":"follow","max-snippet":"max-snippet:-1","max-image-preview":"max-image-preview:large","max-video-preview":"max-video-preview:-1"},"canonical":"https:\/\/brisamedicspa.com\/fr\/medico-esthetique\/vasculaire\/","og_locale":"fr_FR","og_type":"article","og_title":"Laser pour veines et taches pigmentaires \u00e0 Gatineau |\u00a0Brisa MedicSpa","og_description":"Traitement laser pour veines et pigmentation \u00e0 Gatineau : ciblez les l\u00e9sions vasculaires, les varices et les probl\u00e8mes de pigmentation avec IPL et laser Nd:YAG pour une peau plus lisse et claire.","og_url":"https:\/\/brisamedicspa.com\/fr\/medico-esthetique\/vasculaire\/","og_site_name":"Brisa MedicSpa","article_modified_time":"2025-02-27T13:18:07+00:00","og_image":[{"width":1920,"height":575,"url":"https:\/\/brisamedicspa.com\/wp-content\/uploads\/2022\/03\/Veins.jpg","type":"image\/jpeg"}],"twitter_card":"summary_large_image","twitter_misc":{"Est. reading time":"3 minutes"},"schema":{"@context":"https:\/\/schema.org","@graph":[{"@type":"WebPage","@id":"https:\/\/brisamedicspa.com\/fr\/medico-esthetique\/vasculaire\/","url":"https:\/\/brisamedicspa.com\/fr\/medico-esthetique\/vasculaire\/","name":"Laser pour veines et taches pigmentaires \u00e0 Gatineau |\u00a0Brisa MedicSpa","isPartOf":{"@id":"https:\/\/brisamedicspa.com\/fr\/#website"},"primaryImageOfPage":{"@id":"https:\/\/brisamedicspa.com\/fr\/medico-esthetique\/vasculaire\/#primaryimage"},"image":{"@id":"https:\/\/brisamedicspa.com\/fr\/medico-esthetique\/vasculaire\/#primaryimage"},"thumbnailUrl":"https:\/\/brisamedicspa.com\/wp-content\/uploads\/2022\/03\/Veins.jpg","datePublished":"2022-03-24T17:01:42+00:00","dateModified":"2025-02-27T13:18:07+00:00","description":"Traitement laser pour veines et pigmentation \u00e0 Gatineau : ciblez les l\u00e9sions vasculaires, les varices et les probl\u00e8mes de pigmentation avec IPL et laser Nd:YAG pour une peau plus lisse et claire.","breadcrumb":{"@id":"https:\/\/brisamedicspa.com\/fr\/medico-esthetique\/vasculaire\/#breadcrumb"},"inLanguage":"fr-FR","potentialAction":[{"@type":"ReadAction","target":["https:\/\/brisamedicspa.com\/fr\/medico-esthetique\/vasculaire\/"]}]},{"@type":"ImageObject","inLanguage":"fr-FR","@id":"https:\/\/brisamedicspa.com\/fr\/medico-esthetique\/vasculaire\/#primaryimage","url":"https:\/\/brisamedicspa.com\/wp-content\/uploads\/2022\/03\/Veins.jpg","contentUrl":"https:\/\/brisamedicspa.com\/wp-content\/uploads\/2022\/03\/Veins.jpg","width":1920,"height":575},{"@type":"BreadcrumbList","@id":"https:\/\/brisamedicspa.com\/fr\/medico-esthetique\/vasculaire\/#breadcrumb","itemListElement":[{"@type":"ListItem","position":1,"name":"Home","item":"https:\/\/brisamedicspa.com\/fr\/"},{"@type":"ListItem","position":2,"name":"Esth\u00e9tique m\u00e9dicale","item":"https:\/\/brisamedicspa.com\/fr\/medico-esthetique\/"},{"@type":"ListItem","position":3,"name":"Vasculaire"}]},{"@type":"WebSite","@id":"https:\/\/brisamedicspa.com\/fr\/#website","url":"https:\/\/brisamedicspa.com\/fr\/","name":"Brisa MedicSpa","description":"Spa in Gatineau and Aylmer","potentialAction":[{"@type":"SearchAction","target":{"@type":"EntryPoint","urlTemplate":"https:\/\/brisamedicspa.com\/fr\/?s={search_term_string}"},"query-input":{"@type":"PropertyValueSpecification","valueRequired":true,"valueName":"search_term_string"}}],"inLanguage":"fr-FR"}]}},"_links":{"self":[{"href":"https:\/\/brisamedicspa.com\/fr\/wp-json\/wp\/v2\/pages\/237965","targetHints":{"allow":["GET"]}}],"collection":[{"href":"https:\/\/brisamedicspa.com\/fr\/wp-json\/wp\/v2\/pages"}],"about":[{"href":"https:\/\/brisamedicspa.com\/fr\/wp-json\/wp\/v2\/types\/page"}],"author":[{"embeddable":true,"href":"https:\/\/brisamedicspa.com\/fr\/wp-json\/wp\/v2\/users\/123457"}],"replies":[{"embeddable":true,"href":"https:\/\/brisamedicspa.com\/fr\/wp-json\/wp\/v2\/comments?post=237965"}],"version-history":[{"count":23,"href":"https:\/\/brisamedicspa.com\/fr\/wp-json\/wp\/v2\/pages\/237965\/revisions"}],"predecessor-version":[{"id":239115,"href":"https:\/\/brisamedicspa.com\/fr\/wp-json\/wp\/v2\/pages\/237965\/revisions\/239115"}],"up":[{"embeddable":true,"href":"https:\/\/brisamedicspa.com\/fr\/wp-json\/wp\/v2\/pages\/238241"}],"wp:featuredmedia":[{"embeddable":true,"href":"https:\/\/brisamedicspa.com\/fr\/wp-json\/wp\/v2\/media\/237913"}],"wp:attachment":[{"href":"https:\/\/brisamedicspa.com\/fr\/wp-json\/wp\/v2\/media?parent=237965"}],"curies":[{"name":"wp","href":"https:\/\/api.w.org\/{rel}","templated":true}]}}