{"id":237987,"date":"2022-03-25T20:42:10","date_gmt":"2022-03-25T20:42:10","guid":{"rendered":"https:\/\/devsalient.com\/brisa\/podologie\/"},"modified":"2022-12-05T18:01:50","modified_gmt":"2022-12-05T18:01:50","slug":"podologie","status":"publish","type":"page","link":"https:\/\/brisamedicspa.com\/fr\/podologie\/","title":{"rendered":"Podologie"},"content":{"rendered":"<p>[et_pb_section fb_built=&#8221;1&#8243; next_background_color=&#8221;#FFFFFF&#8221; _builder_version=&#8221;4.15.1&#8243; _module_preset=&#8221;default&#8221; background_color=&#8221;#dddcda&#8221; use_background_color_gradient=&#8221;on&#8221; background_color_gradient_start=&#8221;rgba(0,0,0,0.72)&#8221; background_color_gradient_end=&#8221;rgba(255,255,255,0)&#8221; background_color_gradient_direction=&#8221;90deg&#8221; background_color_gradient_start_position=&#8221;9%&#8221; background_color_gradient_end_position=&#8221;60%&#8221; background_image=&#8221;https:\/\/brisamedicspa.com\/wp-content\/uploads\/2022\/11\/Podology-Banner.jpg&#8221; background_position=&#8221;bottom_left&#8221; background_repeat=&#8221;repeat&#8221; background_blend=&#8221;overlay&#8221; custom_padding=&#8221;5vw||150px||false|false&#8221; bottom_divider_style=&#8221;ramp2&#8243; bottom_divider_height=&#8221;120px&#8221; bottom_divider_repeat=&#8221;1x&#8221; bottom_divider_flip=&#8221;horizontal|vertical&#8221; saved_tabs=&#8221;all&#8221; locked=&#8221;off&#8221; global_colors_info=&#8221;{}&#8221;][et_pb_row column_structure=&#8221;1_2,1_2&#8243; _builder_version=&#8221;4.15.1&#8243; _module_preset=&#8221;default&#8221; custom_padding=&#8221;100px||100px||true|&#8221; global_colors_info=&#8221;{}&#8221;][et_pb_column type=&#8221;1_2&#8243; _builder_version=&#8221;4.15.1&#8243; _module_preset=&#8221;default&#8221; global_colors_info=&#8221;{}&#8221;][et_pb_text _builder_version=&#8221;4.15.1&#8243; _dynamic_attributes=&#8221;content&#8221; _module_preset=&#8221;default&#8221; global_colors_info=&#8221;{}&#8221;]@ET-DC@eyJkeW5hbWljIjp0cnVlLCJjb250ZW50IjoicG9zdF90aXRsZSIsInNldHRpbmdzIjp7ImJlZm9yZSI6IjxoMT4iLCJhZnRlciI6IjwvaDE+In19@[\/et_pb_text][\/et_pb_column][et_pb_column type=&#8221;1_2&#8243; _builder_version=&#8221;4.15.1&#8243; _module_preset=&#8221;default&#8221; global_colors_info=&#8221;{}&#8221;][\/et_pb_column][\/et_pb_row][\/et_pb_section][et_pb_section fb_built=&#8221;1&#8243; _builder_version=&#8221;4.15.1&#8243; _module_preset=&#8221;default&#8221; background_color=&#8221;#FFFFFF&#8221; global_colors_info=&#8221;{}&#8221;][et_pb_row column_structure=&#8221;3_5,2_5&#8243; custom_padding_last_edited=&#8221;on|phone&#8221; module_class=&#8221;pa-inline-buttons&#8221; _builder_version=&#8221;4.15.1&#8243; _module_preset=&#8221;default&#8221; background_color=&#8221;#fbf6f3&#8243; custom_padding=&#8221;100px|50px|100px|50px|true|true&#8221; custom_padding_tablet=&#8221;100px|50px|100px|50px|true|true&#8221; custom_padding_phone=&#8221;50px|25px|50px|25px|true|true&#8221; hover_enabled=&#8221;0&#8243; global_colors_info=&#8221;{}&#8221; sticky_enabled=&#8221;0&#8243;][et_pb_column type=&#8221;3_5&#8243; _builder_version=&#8221;4.15.1&#8243; _module_preset=&#8221;default&#8221; global_colors_info=&#8221;{}&#8221;][et_pb_text _builder_version=&#8221;4.15.1&#8243; _module_preset=&#8221;default&#8221; text_font=&#8221;Cormorant Garamond||||||||&#8221; text_font_size=&#8221;31px&#8221; text_line_height=&#8221;1.2em&#8221; header_2_font=&#8221;Cormorant Garamond|500|||||||&#8221; header_2_text_color=&#8221;#0b1115&#8243; header_2_font_size=&#8221;54px&#8221; header_3_font=&#8221;Montserrat|500||on|||||&#8221; header_3_text_color=&#8221;rgba(0,0,0,0.4)&#8221; header_3_font_size=&#8221;12px&#8221; header_3_letter_spacing=&#8221;1px&#8221; header_3_line_height=&#8221;1.8em&#8221; custom_margin=&#8221;||||false|false&#8221; header_2_font_size_tablet=&#8221;38px&#8221; header_2_font_size_phone=&#8221;28px&#8221; header_2_font_size_last_edited=&#8221;on|phone&#8221; global_colors_info=&#8221;{}&#8221;]<\/p>\n<p>Pour vos soins de pieds sp\u00e9cialis\u00e9s et soins de pieds pour diab\u00e9tiques avec re\u00e7u d\u2019assurance. Confiez vos pieds \u00e0 notre podologue certifi\u00e9e Joanne Ouellette.<\/p>\n<p>[\/et_pb_text][et_pb_button button_url=&#8221;tel:8195765597&#8243; button_text=&#8221;819-576-5597&#8243; _builder_version=&#8221;4.15.1&#8243; _module_preset=&#8221;default&#8221; custom_button=&#8221;on&#8221; button_text_color=&#8221;#FFFFFF&#8221; button_bg_color=&#8221;#DEBAA3&#8243; button_border_width=&#8221;0px&#8221; button_border_radius=&#8221;0px&#8221; custom_margin=&#8221;|20px|||false|false&#8221; custom_padding=&#8221;12px|40px|12px|40px|true|true&#8221; hover_enabled=&#8221;0&#8243; global_colors_info=&#8221;{}&#8221; button_bg_enable_color=&#8221;on&#8221; sticky_enabled=&#8221;0&#8243;][\/et_pb_button][et_pb_button button_url=&#8221;tel:jopodologue@gmail.com&#8221; button_text=&#8221;jopodologue@gmail.com&#8221; _builder_version=&#8221;4.15.1&#8243; _module_preset=&#8221;default&#8221; custom_button=&#8221;on&#8221; button_text_color=&#8221;#FFFFFF&#8221; button_bg_color=&#8221;#000000&#8243; button_border_width=&#8221;0px&#8221; button_border_radius=&#8221;0px&#8221; custom_padding=&#8221;12px|40px|12px|40px|true|true&#8221; button_text_size_tablet=&#8221;&#8221; button_text_size_phone=&#8221;14px&#8221; button_text_size_last_edited=&#8221;on|phone&#8221; global_colors_info=&#8221;{}&#8221;][\/et_pb_button][\/et_pb_column][et_pb_column type=&#8221;2_5&#8243; _builder_version=&#8221;4.15.1&#8243; _module_preset=&#8221;default&#8221; global_colors_info=&#8221;{}&#8221;][et_pb_blurb use_icon=&#8221;on&#8221; font_icon=&#8221;&#xe052;||divi||400&#8243; image_icon_width=&#8221;25px&#8221; _builder_version=&#8221;4.15.1&#8243; _module_preset=&#8221;default&#8221; header_font_size=&#8221;16px&#8221; body_font=&#8221;Open Sans|600|||||||&#8221; body_font_size=&#8221;13px&#8221; image_icon_custom_margin=&#8221;||||false|false&#8221; image_icon_custom_padding=&#8221;||||false|false&#8221; custom_margin=&#8221;||10px||false|false&#8221; hover_enabled=&#8221;0&#8243; locked=&#8221;off&#8221; global_colors_info=&#8221;{}&#8221; icon_color=&#8221;#DEBAA3&#8243; sticky_enabled=&#8221;0&#8243;]<\/p>\n<p>Soins de pieds complet <strong> 80$<\/strong><\/p>\n<p>[\/et_pb_blurb][et_pb_blurb use_icon=&#8221;on&#8221; font_icon=&#8221;&#xe052;||divi||400&#8243; image_icon_width=&#8221;25px&#8221; _builder_version=&#8221;4.15.1&#8243; _module_preset=&#8221;default&#8221; header_font_size=&#8221;16px&#8221; body_font=&#8221;Open Sans|600|||||||&#8221; body_font_size=&#8221;13px&#8221; image_icon_custom_margin=&#8221;||||false|false&#8221; image_icon_custom_padding=&#8221;||||false|false&#8221; custom_margin=&#8221;||10px||false|false&#8221; locked=&#8221;off&#8221; global_colors_info=&#8221;{}&#8221; icon_color=&#8221;#DEBAA3&#8243;]<\/p>\n<p>Coupe d\u2019ongles non probl\u00e9matiques seulement<strong> 45$<\/strong><\/p>\n<p>[\/et_pb_blurb][et_pb_blurb use_icon=&#8221;on&#8221; font_icon=&#8221;&#xe052;||divi||400&#8243; image_icon_width=&#8221;25px&#8221; _builder_version=&#8221;4.15.1&#8243; _module_preset=&#8221;default&#8221; header_font_size=&#8221;16px&#8221; body_font=&#8221;Open Sans|600|||||||&#8221; body_font_size=&#8221;13px&#8221; image_icon_custom_margin=&#8221;||||false|false&#8221; image_icon_custom_padding=&#8221;||||false|false&#8221; custom_margin=&#8221;||10px||false|false&#8221; locked=&#8221;off&#8221; global_colors_info=&#8221;{}&#8221; icon_color=&#8221;#DEBAA3&#8243;]<\/p>\n<p>Coupe d\u2019ongles probl\u00e9matiques seulement <strong> 60$<\/strong><\/p>\n<p>[\/et_pb_blurb][et_pb_blurb use_icon=&#8221;on&#8221; font_icon=&#8221;&#xe052;||divi||400&#8243; image_icon_width=&#8221;25px&#8221; _builder_version=&#8221;4.15.1&#8243; _module_preset=&#8221;default&#8221; header_font_size=&#8221;16px&#8221; body_font=&#8221;Open Sans|600|||||||&#8221; body_font_size=&#8221;13px&#8221; image_icon_custom_margin=&#8221;||||false|false&#8221; image_icon_custom_padding=&#8221;||||false|false&#8221; custom_margin=&#8221;||10px||false|false&#8221; locked=&#8221;off&#8221; global_colors_info=&#8221;{}&#8221; icon_color=&#8221;#DEBAA3&#8243;]<\/p>\n<p>R\u00e9duction de la callosit\u00e9 seulement<strong> 60$<\/strong><\/p>\n<p>[\/et_pb_blurb][et_pb_blurb use_icon=&#8221;on&#8221; font_icon=&#8221;&#xe052;||divi||400&#8243; image_icon_width=&#8221;25px&#8221; _builder_version=&#8221;4.15.1&#8243; _module_preset=&#8221;default&#8221; header_font_size=&#8221;16px&#8221; body_font=&#8221;Open Sans|600|||||||&#8221; body_font_size=&#8221;13px&#8221; image_icon_custom_margin=&#8221;||||false|false&#8221; image_icon_custom_padding=&#8221;||||false|false&#8221; custom_margin=&#8221;||10px||false|false&#8221; locked=&#8221;off&#8221; global_colors_info=&#8221;{}&#8221; icon_color=&#8221;#DEBAA3&#8243;]<\/p>\n<p>R\u00e9duction de cors seulement<strong> 60$<\/strong><\/p>\n<p>[\/et_pb_blurb][et_pb_blurb use_icon=&#8221;on&#8221; font_icon=&#8221;&#xe052;||divi||400&#8243; image_icon_width=&#8221;25px&#8221; _builder_version=&#8221;4.15.1&#8243; _module_preset=&#8221;default&#8221; header_font_size=&#8221;16px&#8221; body_font=&#8221;Open Sans|600|||||||&#8221; body_font_size=&#8221;13px&#8221; image_icon_custom_margin=&#8221;||||false|false&#8221; image_icon_custom_padding=&#8221;||||false|false&#8221; custom_margin=&#8221;||10px||false|false&#8221; locked=&#8221;off&#8221; global_colors_info=&#8221;{}&#8221; icon_color=&#8221;#DEBAA3&#8243;]<\/p>\n<p>Pr\u00e9vention pour ongles incarn\u00e9s seulement<strong> 60$<\/strong><\/p>\n<p>[\/et_pb_blurb][\/et_pb_column][\/et_pb_row][\/et_pb_section]<\/p>\n","protected":false},"excerpt":{"rendered":"<p>Pour vos soins de pieds sp\u00e9cialis\u00e9s et soins de pieds pour diab\u00e9tiques avec re\u00e7u d\u2019assurance. Confiez vos pieds \u00e0 notre podologue certifi\u00e9e Joanne Ouellette.Soins de pieds complet 80$Coupe d\u2019ongles non probl\u00e9matiques seulement 45$Coupe d\u2019ongles probl\u00e9matiques seulement 60$R\u00e9duction de la callosit\u00e9 seulement 60$R\u00e9duction de cors seulement 60$Pr\u00e9vention pour ongles incarn\u00e9s seulement 60$<\/p>\n","protected":false},"author":123457,"featured_media":237958,"parent":0,"menu_order":0,"comment_status":"closed","ping_status":"closed","template":"","meta":{"_et_pb_use_builder":"on","_et_pb_old_content":"","_et_gb_content_width":"","footnotes":""},"class_list":["post-237987","page","type-page","status-publish","has-post-thumbnail","hentry"],"yoast_head":"<!-- This site is optimized with the Yoast SEO plugin v27.2 - https:\/\/yoast.com\/product\/yoast-seo-wordpress\/ -->\n<title>Podologie - Brisa MedicSpa<\/title>\n<meta name=\"robots\" content=\"index, follow, max-snippet:-1, max-image-preview:large, max-video-preview:-1\" \/>\n<link rel=\"canonical\" href=\"https:\/\/brisamedicspa.com\/fr\/podologie\/\" \/>\n<meta property=\"og:locale\" content=\"fr_FR\" \/>\n<meta property=\"og:type\" content=\"article\" \/>\n<meta property=\"og:title\" content=\"Podologie - Brisa MedicSpa\" \/>\n<meta property=\"og:description\" content=\"Pour vos soins de pieds sp\u00e9cialis\u00e9s et soins de pieds pour diab\u00e9tiques avec re\u00e7u d\u2019assurance. Confiez vos pieds \u00e0 notre podologue certifi\u00e9e Joanne Ouellette.Soins de pieds complet 80$Coupe d\u2019ongles non probl\u00e9matiques seulement 45$Coupe d\u2019ongles probl\u00e9matiques seulement 60$R\u00e9duction de la callosit\u00e9 seulement 60$R\u00e9duction de cors seulement 60$Pr\u00e9vention pour ongles incarn\u00e9s seulement 60$\" \/>\n<meta property=\"og:url\" content=\"https:\/\/brisamedicspa.com\/fr\/podologie\/\" \/>\n<meta property=\"og:site_name\" content=\"Brisa MedicSpa\" \/>\n<meta property=\"article:modified_time\" content=\"2022-12-05T18:01:50+00:00\" \/>\n<meta property=\"og:image\" content=\"https:\/\/brisamedicspa.com\/wp-content\/uploads\/2022\/03\/Podology.jpg\" \/>\n\t<meta property=\"og:image:width\" content=\"1920\" \/>\n\t<meta property=\"og:image:height\" content=\"575\" \/>\n\t<meta property=\"og:image:type\" content=\"image\/jpeg\" \/>\n<meta name=\"twitter:card\" content=\"summary_large_image\" \/>\n<meta name=\"twitter:label1\" content=\"Est. reading time\" \/>\n\t<meta name=\"twitter:data1\" content=\"5 minutes\" \/>\n<script type=\"application\/ld+json\" class=\"yoast-schema-graph\">{\"@context\":\"https:\/\/schema.org\",\"@graph\":[{\"@type\":\"WebPage\",\"@id\":\"https:\/\/brisamedicspa.com\/fr\/podologie\/\",\"url\":\"https:\/\/brisamedicspa.com\/fr\/podologie\/\",\"name\":\"Podologie - Brisa MedicSpa\",\"isPartOf\":{\"@id\":\"https:\/\/brisamedicspa.com\/fr\/#website\"},\"primaryImageOfPage\":{\"@id\":\"https:\/\/brisamedicspa.com\/fr\/podologie\/#primaryimage\"},\"image\":{\"@id\":\"https:\/\/brisamedicspa.com\/fr\/podologie\/#primaryimage\"},\"thumbnailUrl\":\"https:\/\/brisamedicspa.com\/wp-content\/uploads\/2022\/03\/Podology.jpg\",\"datePublished\":\"2022-03-25T20:42:10+00:00\",\"dateModified\":\"2022-12-05T18:01:50+00:00\",\"breadcrumb\":{\"@id\":\"https:\/\/brisamedicspa.com\/fr\/podologie\/#breadcrumb\"},\"inLanguage\":\"fr-FR\",\"potentialAction\":[{\"@type\":\"ReadAction\",\"target\":[\"https:\/\/brisamedicspa.com\/fr\/podologie\/\"]}]},{\"@type\":\"ImageObject\",\"inLanguage\":\"fr-FR\",\"@id\":\"https:\/\/brisamedicspa.com\/fr\/podologie\/#primaryimage\",\"url\":\"https:\/\/brisamedicspa.com\/wp-content\/uploads\/2022\/03\/Podology.jpg\",\"contentUrl\":\"https:\/\/brisamedicspa.com\/wp-content\/uploads\/2022\/03\/Podology.jpg\",\"width\":1920,\"height\":575},{\"@type\":\"BreadcrumbList\",\"@id\":\"https:\/\/brisamedicspa.com\/fr\/podologie\/#breadcrumb\",\"itemListElement\":[{\"@type\":\"ListItem\",\"position\":1,\"name\":\"Home\",\"item\":\"https:\/\/brisamedicspa.com\/fr\/\"},{\"@type\":\"ListItem\",\"position\":2,\"name\":\"Podologie\"}]},{\"@type\":\"WebSite\",\"@id\":\"https:\/\/brisamedicspa.com\/fr\/#website\",\"url\":\"https:\/\/brisamedicspa.com\/fr\/\",\"name\":\"Brisa MedicSpa\",\"description\":\"Spa in Gatineau and Aylmer\",\"potentialAction\":[{\"@type\":\"SearchAction\",\"target\":{\"@type\":\"EntryPoint\",\"urlTemplate\":\"https:\/\/brisamedicspa.com\/fr\/?s={search_term_string}\"},\"query-input\":{\"@type\":\"PropertyValueSpecification\",\"valueRequired\":true,\"valueName\":\"search_term_string\"}}],\"inLanguage\":\"fr-FR\"}]}<\/script>\n<!-- \/ Yoast SEO plugin. -->","yoast_head_json":{"title":"Podologie - Brisa MedicSpa","robots":{"index":"index","follow":"follow","max-snippet":"max-snippet:-1","max-image-preview":"max-image-preview:large","max-video-preview":"max-video-preview:-1"},"canonical":"https:\/\/brisamedicspa.com\/fr\/podologie\/","og_locale":"fr_FR","og_type":"article","og_title":"Podologie - Brisa MedicSpa","og_description":"Pour vos soins de pieds sp\u00e9cialis\u00e9s et soins de pieds pour diab\u00e9tiques avec re\u00e7u d\u2019assurance. Confiez vos pieds \u00e0 notre podologue certifi\u00e9e Joanne Ouellette.Soins de pieds complet 80$Coupe d\u2019ongles non probl\u00e9matiques seulement 45$Coupe d\u2019ongles probl\u00e9matiques seulement 60$R\u00e9duction de la callosit\u00e9 seulement 60$R\u00e9duction de cors seulement 60$Pr\u00e9vention pour ongles incarn\u00e9s seulement 60$","og_url":"https:\/\/brisamedicspa.com\/fr\/podologie\/","og_site_name":"Brisa MedicSpa","article_modified_time":"2022-12-05T18:01:50+00:00","og_image":[{"width":1920,"height":575,"url":"https:\/\/brisamedicspa.com\/wp-content\/uploads\/2022\/03\/Podology.jpg","type":"image\/jpeg"}],"twitter_card":"summary_large_image","twitter_misc":{"Est. reading time":"5 minutes"},"schema":{"@context":"https:\/\/schema.org","@graph":[{"@type":"WebPage","@id":"https:\/\/brisamedicspa.com\/fr\/podologie\/","url":"https:\/\/brisamedicspa.com\/fr\/podologie\/","name":"Podologie - Brisa MedicSpa","isPartOf":{"@id":"https:\/\/brisamedicspa.com\/fr\/#website"},"primaryImageOfPage":{"@id":"https:\/\/brisamedicspa.com\/fr\/podologie\/#primaryimage"},"image":{"@id":"https:\/\/brisamedicspa.com\/fr\/podologie\/#primaryimage"},"thumbnailUrl":"https:\/\/brisamedicspa.com\/wp-content\/uploads\/2022\/03\/Podology.jpg","datePublished":"2022-03-25T20:42:10+00:00","dateModified":"2022-12-05T18:01:50+00:00","breadcrumb":{"@id":"https:\/\/brisamedicspa.com\/fr\/podologie\/#breadcrumb"},"inLanguage":"fr-FR","potentialAction":[{"@type":"ReadAction","target":["https:\/\/brisamedicspa.com\/fr\/podologie\/"]}]},{"@type":"ImageObject","inLanguage":"fr-FR","@id":"https:\/\/brisamedicspa.com\/fr\/podologie\/#primaryimage","url":"https:\/\/brisamedicspa.com\/wp-content\/uploads\/2022\/03\/Podology.jpg","contentUrl":"https:\/\/brisamedicspa.com\/wp-content\/uploads\/2022\/03\/Podology.jpg","width":1920,"height":575},{"@type":"BreadcrumbList","@id":"https:\/\/brisamedicspa.com\/fr\/podologie\/#breadcrumb","itemListElement":[{"@type":"ListItem","position":1,"name":"Home","item":"https:\/\/brisamedicspa.com\/fr\/"},{"@type":"ListItem","position":2,"name":"Podologie"}]},{"@type":"WebSite","@id":"https:\/\/brisamedicspa.com\/fr\/#website","url":"https:\/\/brisamedicspa.com\/fr\/","name":"Brisa MedicSpa","description":"Spa in Gatineau and Aylmer","potentialAction":[{"@type":"SearchAction","target":{"@type":"EntryPoint","urlTemplate":"https:\/\/brisamedicspa.com\/fr\/?s={search_term_string}"},"query-input":{"@type":"PropertyValueSpecification","valueRequired":true,"valueName":"search_term_string"}}],"inLanguage":"fr-FR"}]}},"_links":{"self":[{"href":"https:\/\/brisamedicspa.com\/fr\/wp-json\/wp\/v2\/pages\/237987","targetHints":{"allow":["GET"]}}],"collection":[{"href":"https:\/\/brisamedicspa.com\/fr\/wp-json\/wp\/v2\/pages"}],"about":[{"href":"https:\/\/brisamedicspa.com\/fr\/wp-json\/wp\/v2\/types\/page"}],"author":[{"embeddable":true,"href":"https:\/\/brisamedicspa.com\/fr\/wp-json\/wp\/v2\/users\/123457"}],"replies":[{"embeddable":true,"href":"https:\/\/brisamedicspa.com\/fr\/wp-json\/wp\/v2\/comments?post=237987"}],"version-history":[{"count":17,"href":"https:\/\/brisamedicspa.com\/fr\/wp-json\/wp\/v2\/pages\/237987\/revisions"}],"predecessor-version":[{"id":238743,"href":"https:\/\/brisamedicspa.com\/fr\/wp-json\/wp\/v2\/pages\/237987\/revisions\/238743"}],"wp:featuredmedia":[{"embeddable":true,"href":"https:\/\/brisamedicspa.com\/fr\/wp-json\/wp\/v2\/media\/237958"}],"wp:attachment":[{"href":"https:\/\/brisamedicspa.com\/fr\/wp-json\/wp\/v2\/media?parent=237987"}],"curies":[{"name":"wp","href":"https:\/\/api.w.org\/{rel}","templated":true}]}}