{"id":238007,"date":"2022-03-24T14:37:22","date_gmt":"2022-03-24T18:37:22","guid":{"rendered":"https:\/\/devsalient.com\/brisa\/perte-de-cheveux\/"},"modified":"2025-02-27T09:09:20","modified_gmt":"2025-02-27T14:09:20","slug":"perte-de-cheveux","status":"publish","type":"page","link":"https:\/\/brisamedicspa.com\/fr\/perte-de-cheveux\/","title":{"rendered":"Perte De Cheveux"},"content":{"rendered":"<p>[et_pb_section fb_built=&#8221;1&#8243; _builder_version=&#8221;4.16&#8243; _module_preset=&#8221;default&#8221; background_color=&#8221;#f2ebe7&#8243; use_background_color_gradient=&#8221;on&#8221; background_color_gradient_direction=&#8221;90deg&#8221; background_color_gradient_stops=&#8221;#ffffff 9%|rgba(255,255,255,0) 60%&#8221; background_color_gradient_start=&#8221;#ffffff&#8221; background_color_gradient_start_position=&#8221;9%&#8221; background_color_gradient_end=&#8221;rgba(255,255,255,0)&#8221; background_color_gradient_end_position=&#8221;60%&#8221; background_image=&#8221;https:\/\/brisamedicspa.com\/wp-content\/uploads\/2022\/12\/hair-treatment.jpg&#8221; background_blend=&#8221;overlay&#8221; custom_padding=&#8221;5vw||150px||false|false&#8221; bottom_divider_style=&#8221;ramp2&#8243; bottom_divider_color=&#8221;#fdf9fa&#8221; bottom_divider_height=&#8221;120px&#8221; bottom_divider_repeat=&#8221;1x&#8221; bottom_divider_flip=&#8221;horizontal|vertical&#8221; saved_tabs=&#8221;all&#8221; global_colors_info=&#8221;{}&#8221;][et_pb_row column_structure=&#8221;1_2,1_2&#8243; _builder_version=&#8221;4.16&#8243; _module_preset=&#8221;default&#8221; background_enable_color=&#8221;off&#8221; custom_margin=&#8221;0px||0px||true|false&#8221; custom_padding=&#8221;0px||0px||true|false&#8221; global_colors_info=&#8221;{}&#8221;][et_pb_column type=&#8221;1_2&#8243; _builder_version=&#8221;4.16&#8243; _module_preset=&#8221;default&#8221; background_enable_color=&#8221;off&#8221; custom_padding=&#8221;50px|50px|50px|50px|true|true&#8221; custom_padding_tablet=&#8221;50px|50px|50px|50px|true|true&#8221; custom_padding_phone=&#8221;25px|||25px|false|false&#8221; custom_padding_last_edited=&#8221;on|desktop&#8221; global_colors_info=&#8221;{}&#8221;][et_pb_text _builder_version=&#8221;4.16&#8243; _dynamic_attributes=&#8221;content&#8221; _module_preset=&#8221;default&#8221; header_text_color=&#8221;#000000&#8243; global_colors_info=&#8221;{}&#8221;]@ET-DC@eyJkeW5hbWljIjp0cnVlLCJjb250ZW50IjoicG9zdF90aXRsZSIsInNldHRpbmdzIjp7ImJlZm9yZSI6IjxoMT4iLCJhZnRlciI6IjwvaDE+In19@[\/et_pb_text][\/et_pb_column][et_pb_column type=&#8221;1_2&#8243; _builder_version=&#8221;4.16&#8243; _module_preset=&#8221;default&#8221; global_colors_info=&#8221;{}&#8221;][\/et_pb_column][\/et_pb_row][\/et_pb_section][et_pb_section fb_built=&#8221;1&#8243; _builder_version=&#8221;4.27.4&#8243; _module_preset=&#8221;default&#8221; background_color=&#8221;rgba(247,236,239,0.31)&#8221; custom_padding=&#8221;0px||||false|false&#8221; global_colors_info=&#8221;{}&#8221;][et_pb_row column_structure=&#8221;1_2,1_2&#8243; make_equal=&#8221;on&#8221; _builder_version=&#8221;4.16&#8243; _module_preset=&#8221;default&#8221; global_colors_info=&#8221;{}&#8221;][et_pb_column type=&#8221;1_2&#8243; _builder_version=&#8221;4.16&#8243; _module_preset=&#8221;default&#8221; global_colors_info=&#8221;{}&#8221;][et_pb_text _builder_version=&#8221;4.27.4&#8243; _module_preset=&#8221;default&#8221; hover_enabled=&#8221;0&#8243; global_colors_info=&#8221;{}&#8221; sticky_enabled=&#8221;0&#8243;]<\/p>\n<h2>Traitements Contre la Perte de Cheveux \u00e0 Gatineau \u2013 Secteur Aylmer<\/h2>\n<p>Chez Brisa Medic Spa, nous proposons des solutions efficaces pour traiter les premiers signes de calvitie et favoriser la repousse capillaire.<\/p>\n<p>Le shampoing Revivogen, d\u00e9velopp\u00e9 par les laboratoires Advanced Skin &amp; Hair, est l\u2019un de nos traitements de pr\u00e9dilection pour les cas peu avanc\u00e9s d\u2019alop\u00e9cie. Plus performant que la plupart des produits antichute, il agit directement sur l\u2019une des principales causes de la calvitie, l\u2019hormone DHT, responsable de la miniaturisation des follicules capillaires. Ce traitement convient aussi bien aux hommes qu\u2019aux femmes et permet d\u2019obtenir une chevelure plus saine, plus dense et plus vigoureuse en trois mois en moyenne, sans effets secondaires.<\/p>\n<p>Nous proposons \u00e9galement le traitement Mesagold Hair+ contre la perte de cheveux, une solution avanc\u00e9e pour stimuler la repousse et renforcer le cuir chevelu.<\/p>\n<p><a href=\"\/fr\/contact\/\"><strong><span>Prenez rendez-vous pour un traitement capillaire \u00e0 Gatineau \u2013 Secteur Aylmer<\/span><\/strong><\/a><\/p>\n<p>&nbsp;<\/p>\n<p>[\/et_pb_text][et_pb_image src=&#8221;https:\/\/brisamedicspa.com\/wp-content\/uploads\/2022\/12\/IMG_0486.jpeg&#8221; title_text=&#8221;IMG_0486&#8243; _builder_version=&#8221;4.16&#8243; _module_preset=&#8221;default&#8221; global_colors_info=&#8221;{}&#8221;][\/et_pb_image][\/et_pb_column][et_pb_column type=&#8221;1_2&#8243; _builder_version=&#8221;4.16&#8243; _module_preset=&#8221;default&#8221; global_colors_info=&#8221;{}&#8221;][et_pb_image src=&#8221;https:\/\/brisamedicspa.com\/wp-content\/uploads\/2022\/12\/mesogold-applicator.jpeg&#8221; title_text=&#8221;mesogold applicator&#8221; _builder_version=&#8221;4.16&#8243; _module_preset=&#8221;default&#8221; global_colors_info=&#8221;{}&#8221;][\/et_pb_image][\/et_pb_column][\/et_pb_row][et_pb_row column_structure=&#8221;2_5,3_5&#8243; make_equal=&#8221;on&#8221; _builder_version=&#8221;4.16&#8243; _module_preset=&#8221;default&#8221; custom_padding=&#8221;100px||100px||true|false&#8221; global_colors_info=&#8221;{}&#8221;][et_pb_column type=&#8221;2_5&#8243; _builder_version=&#8221;4.16&#8243; _module_preset=&#8221;default&#8221; global_colors_info=&#8221;{}&#8221;][et_pb_image src=&#8221;https:\/\/brisamedicspa.com\/wp-content\/uploads\/2022\/03\/hair-treatment-2.jpg&#8221; title_text=&#8221;Traitements Pour Les Cheveux-2&#8243; _builder_version=&#8221;4.16&#8243; _module_preset=&#8221;default&#8221; custom_margin=&#8221;|-111px||||&#8221; custom_padding=&#8221;|0px||||&#8221; global_colors_info=&#8221;{}&#8221;][\/et_pb_image][\/et_pb_column][et_pb_column type=&#8221;3_5&#8243; _builder_version=&#8221;4.16&#8243; _module_preset=&#8221;default&#8221; global_colors_info=&#8221;{}&#8221;][et_pb_text _builder_version=&#8221;4.16&#8243; _module_preset=&#8221;default&#8221; background_color=&#8221;#FFFFFF&#8221; custom_margin=&#8221;20px||20px||false|false&#8221; custom_padding=&#8221;25px|25px|25px|25px|true|true&#8221; global_colors_info=&#8221;{}&#8221;]<\/p>\n<h3>DES INGR\u00c9DIENTS NATURELS<\/h3>\n<p>Comme nous nous fournissons avec les meilleurs shampoings nutritifs pour prendre soin des cheveux de nos clients, nos produits contiennent des ingr\u00e9dients sans danger pour la peau qui hydratent et renforcent le cheveu pour lui redonner toute sa brillance, sa vitalit\u00e9 et son \u00e9lasticit\u00e9. Nous prenons soin de choisir des produits combinant harmonieusement ingr\u00e9dients naturels et m\u00e9dicinaux, car les cheveux de notre pr\u00e9cieuse client\u00e8le m\u00e9ritent d\u2019\u00eatre trait\u00e9s aux petits oignons.<\/p>\n<p>[\/et_pb_text][\/et_pb_column][\/et_pb_row][et_pb_row _builder_version=&#8221;4.16&#8243; _module_preset=&#8221;default&#8221; background_color=&#8221;#DEBAA3&#8243; custom_padding=&#8221;50px||50px||true|false&#8221; global_colors_info=&#8221;{}&#8221;][et_pb_column type=&#8221;4_4&#8243; _builder_version=&#8221;4.16&#8243; _module_preset=&#8221;default&#8221; global_colors_info=&#8221;{}&#8221;][et_pb_text _builder_version=&#8221;4.16&#8243; _module_preset=&#8221;default&#8221; header_4_text_align=&#8221;center&#8221; text_orientation=&#8221;center&#8221; global_colors_info=&#8221;{}&#8221;]<\/p>\n<h4>VOUS VOULEZ OFFRIR \u00c0 VOS CHEVEUX DES TRAITEMENTS EFFICACES?<\/h4>\n<p>[\/et_pb_text][et_pb_button button_url=&#8221;@ET-DC@eyJkeW5hbWljIjp0cnVlLCJjb250ZW50IjoicG9zdF9saW5rX3VybF9wYWdlIiwic2V0dGluZ3MiOnsicG9zdF9pZCI6IjIzNzA1MyJ9fQ==@&#8221; button_text=&#8221;PRENEZ RENDEZ-VOUS AVEC NOUS D\u00c8S AUJOURD\u2019HUI !&#8221; button_alignment=&#8221;center&#8221; _builder_version=&#8221;4.16&#8243; _dynamic_attributes=&#8221;button_url&#8221; _module_preset=&#8221;default&#8221; custom_button=&#8221;on&#8221; button_text_size=&#8221;16px&#8221; button_text_color=&#8221;#FFFFFF&#8221; button_bg_color=&#8221;#000000&#8243; button_border_width=&#8221;0px&#8221; button_border_radius=&#8221;0px&#8221; custom_padding=&#8221;13px|40px|13px|40px|true|true&#8221; button_text_size_tablet=&#8221;16px&#8221; button_text_size_phone=&#8221;11px&#8221; button_text_size_last_edited=&#8221;on|desktop&#8221; global_colors_info=&#8221;{}&#8221;][\/et_pb_button][\/et_pb_column][\/et_pb_row][\/et_pb_section]<\/p>\n","protected":false},"excerpt":{"rendered":"<p>Traitements Contre la Perte de Cheveux \u00e0 Gatineau \u2013 Secteur Aylmer Chez Brisa Medic Spa, nous proposons des solutions efficaces pour traiter les premiers signes de calvitie et favoriser la repousse capillaire. Le shampoing Revivogen, d\u00e9velopp\u00e9 par les laboratoires Advanced Skin &amp; Hair, est l\u2019un de nos traitements de pr\u00e9dilection pour les cas peu avanc\u00e9s [&hellip;]<\/p>\n","protected":false},"author":123457,"featured_media":237920,"parent":0,"menu_order":0,"comment_status":"closed","ping_status":"closed","template":"","meta":{"_et_pb_use_builder":"on","_et_pb_old_content":"","_et_gb_content_width":"","footnotes":""},"class_list":["post-238007","page","type-page","status-publish","has-post-thumbnail","hentry"],"yoast_head":"<!-- This site is optimized with the Yoast SEO plugin v27.2 - https:\/\/yoast.com\/product\/yoast-seo-wordpress\/ -->\n<title>Traitement perte de cheveux \u00e0 Gatineau | Brisa MedicSpa<\/title>\n<meta name=\"description\" content=\"Traitement perte de cheveux \u00e0 Gatineau : Revivogen et Mesagold Hair+ offrent des solutions efficaces pour lutter contre la calvitie, avec des r\u00e9sultats visibles sans effets secondaires.\" \/>\n<meta name=\"robots\" content=\"index, follow, max-snippet:-1, max-image-preview:large, max-video-preview:-1\" \/>\n<link rel=\"canonical\" href=\"https:\/\/brisamedicspa.com\/fr\/perte-de-cheveux\/\" \/>\n<meta property=\"og:locale\" content=\"fr_FR\" \/>\n<meta property=\"og:type\" content=\"article\" \/>\n<meta property=\"og:title\" content=\"Traitement perte de cheveux \u00e0 Gatineau | Brisa MedicSpa\" \/>\n<meta property=\"og:description\" content=\"Traitement perte de cheveux \u00e0 Gatineau : Revivogen et Mesagold Hair+ offrent des solutions efficaces pour lutter contre la calvitie, avec des r\u00e9sultats visibles sans effets secondaires.\" \/>\n<meta property=\"og:url\" content=\"https:\/\/brisamedicspa.com\/fr\/perte-de-cheveux\/\" \/>\n<meta property=\"og:site_name\" content=\"Brisa MedicSpa\" \/>\n<meta property=\"article:modified_time\" content=\"2025-02-27T14:09:20+00:00\" \/>\n<meta property=\"og:image\" content=\"https:\/\/brisamedicspa.com\/wp-content\/uploads\/2022\/03\/hairloss_banner.jpg\" \/>\n\t<meta property=\"og:image:width\" content=\"1000\" \/>\n\t<meta property=\"og:image:height\" content=\"300\" \/>\n\t<meta property=\"og:image:type\" content=\"image\/jpeg\" \/>\n<meta name=\"twitter:card\" content=\"summary_large_image\" \/>\n<meta name=\"twitter:label1\" content=\"Est. reading time\" \/>\n\t<meta name=\"twitter:data1\" content=\"2 minutes\" \/>\n<script type=\"application\/ld+json\" class=\"yoast-schema-graph\">{\"@context\":\"https:\/\/schema.org\",\"@graph\":[{\"@type\":\"WebPage\",\"@id\":\"https:\/\/brisamedicspa.com\/fr\/perte-de-cheveux\/\",\"url\":\"https:\/\/brisamedicspa.com\/fr\/perte-de-cheveux\/\",\"name\":\"Traitement perte de cheveux \u00e0 Gatineau | Brisa MedicSpa\",\"isPartOf\":{\"@id\":\"https:\/\/brisamedicspa.com\/fr\/#website\"},\"primaryImageOfPage\":{\"@id\":\"https:\/\/brisamedicspa.com\/fr\/perte-de-cheveux\/#primaryimage\"},\"image\":{\"@id\":\"https:\/\/brisamedicspa.com\/fr\/perte-de-cheveux\/#primaryimage\"},\"thumbnailUrl\":\"https:\/\/brisamedicspa.com\/wp-content\/uploads\/2022\/03\/hairloss_banner.jpg\",\"datePublished\":\"2022-03-24T18:37:22+00:00\",\"dateModified\":\"2025-02-27T14:09:20+00:00\",\"description\":\"Traitement perte de cheveux \u00e0 Gatineau : Revivogen et Mesagold Hair+ offrent des solutions efficaces pour lutter contre la calvitie, avec des r\u00e9sultats visibles sans effets secondaires.\",\"breadcrumb\":{\"@id\":\"https:\/\/brisamedicspa.com\/fr\/perte-de-cheveux\/#breadcrumb\"},\"inLanguage\":\"fr-FR\",\"potentialAction\":[{\"@type\":\"ReadAction\",\"target\":[\"https:\/\/brisamedicspa.com\/fr\/perte-de-cheveux\/\"]}]},{\"@type\":\"ImageObject\",\"inLanguage\":\"fr-FR\",\"@id\":\"https:\/\/brisamedicspa.com\/fr\/perte-de-cheveux\/#primaryimage\",\"url\":\"https:\/\/brisamedicspa.com\/wp-content\/uploads\/2022\/03\/hairloss_banner.jpg\",\"contentUrl\":\"https:\/\/brisamedicspa.com\/wp-content\/uploads\/2022\/03\/hairloss_banner.jpg\",\"width\":1000,\"height\":300},{\"@type\":\"BreadcrumbList\",\"@id\":\"https:\/\/brisamedicspa.com\/fr\/perte-de-cheveux\/#breadcrumb\",\"itemListElement\":[{\"@type\":\"ListItem\",\"position\":1,\"name\":\"Home\",\"item\":\"https:\/\/brisamedicspa.com\/fr\/\"},{\"@type\":\"ListItem\",\"position\":2,\"name\":\"Perte De Cheveux\"}]},{\"@type\":\"WebSite\",\"@id\":\"https:\/\/brisamedicspa.com\/fr\/#website\",\"url\":\"https:\/\/brisamedicspa.com\/fr\/\",\"name\":\"Brisa MedicSpa\",\"description\":\"Spa in Gatineau and Aylmer\",\"potentialAction\":[{\"@type\":\"SearchAction\",\"target\":{\"@type\":\"EntryPoint\",\"urlTemplate\":\"https:\/\/brisamedicspa.com\/fr\/?s={search_term_string}\"},\"query-input\":{\"@type\":\"PropertyValueSpecification\",\"valueRequired\":true,\"valueName\":\"search_term_string\"}}],\"inLanguage\":\"fr-FR\"}]}<\/script>\n<!-- \/ Yoast SEO plugin. -->","yoast_head_json":{"title":"Traitement perte de cheveux \u00e0 Gatineau | Brisa MedicSpa","description":"Traitement perte de cheveux \u00e0 Gatineau : Revivogen et Mesagold Hair+ offrent des solutions efficaces pour lutter contre la calvitie, avec des r\u00e9sultats visibles sans effets secondaires.","robots":{"index":"index","follow":"follow","max-snippet":"max-snippet:-1","max-image-preview":"max-image-preview:large","max-video-preview":"max-video-preview:-1"},"canonical":"https:\/\/brisamedicspa.com\/fr\/perte-de-cheveux\/","og_locale":"fr_FR","og_type":"article","og_title":"Traitement perte de cheveux \u00e0 Gatineau | Brisa MedicSpa","og_description":"Traitement perte de cheveux \u00e0 Gatineau : Revivogen et Mesagold Hair+ offrent des solutions efficaces pour lutter contre la calvitie, avec des r\u00e9sultats visibles sans effets secondaires.","og_url":"https:\/\/brisamedicspa.com\/fr\/perte-de-cheveux\/","og_site_name":"Brisa MedicSpa","article_modified_time":"2025-02-27T14:09:20+00:00","og_image":[{"width":1000,"height":300,"url":"https:\/\/brisamedicspa.com\/wp-content\/uploads\/2022\/03\/hairloss_banner.jpg","type":"image\/jpeg"}],"twitter_card":"summary_large_image","twitter_misc":{"Est. reading time":"2 minutes"},"schema":{"@context":"https:\/\/schema.org","@graph":[{"@type":"WebPage","@id":"https:\/\/brisamedicspa.com\/fr\/perte-de-cheveux\/","url":"https:\/\/brisamedicspa.com\/fr\/perte-de-cheveux\/","name":"Traitement perte de cheveux \u00e0 Gatineau | Brisa MedicSpa","isPartOf":{"@id":"https:\/\/brisamedicspa.com\/fr\/#website"},"primaryImageOfPage":{"@id":"https:\/\/brisamedicspa.com\/fr\/perte-de-cheveux\/#primaryimage"},"image":{"@id":"https:\/\/brisamedicspa.com\/fr\/perte-de-cheveux\/#primaryimage"},"thumbnailUrl":"https:\/\/brisamedicspa.com\/wp-content\/uploads\/2022\/03\/hairloss_banner.jpg","datePublished":"2022-03-24T18:37:22+00:00","dateModified":"2025-02-27T14:09:20+00:00","description":"Traitement perte de cheveux \u00e0 Gatineau : Revivogen et Mesagold Hair+ offrent des solutions efficaces pour lutter contre la calvitie, avec des r\u00e9sultats visibles sans effets secondaires.","breadcrumb":{"@id":"https:\/\/brisamedicspa.com\/fr\/perte-de-cheveux\/#breadcrumb"},"inLanguage":"fr-FR","potentialAction":[{"@type":"ReadAction","target":["https:\/\/brisamedicspa.com\/fr\/perte-de-cheveux\/"]}]},{"@type":"ImageObject","inLanguage":"fr-FR","@id":"https:\/\/brisamedicspa.com\/fr\/perte-de-cheveux\/#primaryimage","url":"https:\/\/brisamedicspa.com\/wp-content\/uploads\/2022\/03\/hairloss_banner.jpg","contentUrl":"https:\/\/brisamedicspa.com\/wp-content\/uploads\/2022\/03\/hairloss_banner.jpg","width":1000,"height":300},{"@type":"BreadcrumbList","@id":"https:\/\/brisamedicspa.com\/fr\/perte-de-cheveux\/#breadcrumb","itemListElement":[{"@type":"ListItem","position":1,"name":"Home","item":"https:\/\/brisamedicspa.com\/fr\/"},{"@type":"ListItem","position":2,"name":"Perte De Cheveux"}]},{"@type":"WebSite","@id":"https:\/\/brisamedicspa.com\/fr\/#website","url":"https:\/\/brisamedicspa.com\/fr\/","name":"Brisa MedicSpa","description":"Spa in Gatineau and Aylmer","potentialAction":[{"@type":"SearchAction","target":{"@type":"EntryPoint","urlTemplate":"https:\/\/brisamedicspa.com\/fr\/?s={search_term_string}"},"query-input":{"@type":"PropertyValueSpecification","valueRequired":true,"valueName":"search_term_string"}}],"inLanguage":"fr-FR"}]}},"_links":{"self":[{"href":"https:\/\/brisamedicspa.com\/fr\/wp-json\/wp\/v2\/pages\/238007","targetHints":{"allow":["GET"]}}],"collection":[{"href":"https:\/\/brisamedicspa.com\/fr\/wp-json\/wp\/v2\/pages"}],"about":[{"href":"https:\/\/brisamedicspa.com\/fr\/wp-json\/wp\/v2\/types\/page"}],"author":[{"embeddable":true,"href":"https:\/\/brisamedicspa.com\/fr\/wp-json\/wp\/v2\/users\/123457"}],"replies":[{"embeddable":true,"href":"https:\/\/brisamedicspa.com\/fr\/wp-json\/wp\/v2\/comments?post=238007"}],"version-history":[{"count":9,"href":"https:\/\/brisamedicspa.com\/fr\/wp-json\/wp\/v2\/pages\/238007\/revisions"}],"predecessor-version":[{"id":239127,"href":"https:\/\/brisamedicspa.com\/fr\/wp-json\/wp\/v2\/pages\/238007\/revisions\/239127"}],"wp:featuredmedia":[{"embeddable":true,"href":"https:\/\/brisamedicspa.com\/fr\/wp-json\/wp\/v2\/media\/237920"}],"wp:attachment":[{"href":"https:\/\/brisamedicspa.com\/fr\/wp-json\/wp\/v2\/media?parent=238007"}],"curies":[{"name":"wp","href":"https:\/\/api.w.org\/{rel}","templated":true}]}}