{"id":238010,"date":"2022-03-23T19:41:41","date_gmt":"2022-03-23T19:41:41","guid":{"rendered":"https:\/\/devsalient.com\/brisa\/lifting-colombien\/"},"modified":"2022-04-01T17:12:42","modified_gmt":"2022-04-01T17:12:42","slug":"lifting-colombien","status":"publish","type":"page","link":"https:\/\/brisamedicspa.com\/fr\/medico-esthetique\/lifting-colombien\/","title":{"rendered":"Lifting Colombien"},"content":{"rendered":"<p>[et_pb_section fb_built=&#8221;1&#8243; next_background_color=&#8221;#f6f4f2&#8243; _builder_version=&#8221;4.15.1&#8243; _dynamic_attributes=&#8221;background_image&#8221; _module_preset=&#8221;default&#8221; background_color=&#8221;#dddcda&#8221; use_background_color_gradient=&#8221;on&#8221; background_color_gradient_start=&#8221;#ffffff&#8221; background_color_gradient_end=&#8221;rgba(255,255,255,0)&#8221; background_color_gradient_direction=&#8221;90deg&#8221; background_color_gradient_start_position=&#8221;9%&#8221; background_color_gradient_end_position=&#8221;60%&#8221; background_image=&#8221;@ET-DC@eyJkeW5hbWljIjp0cnVlLCJjb250ZW50IjoicG9zdF9mZWF0dXJlZF9pbWFnZSIsInNldHRpbmdzIjp7fX0=@&#8221; background_position=&#8221;top_left&#8221; background_repeat=&#8221;repeat&#8221; background_blend=&#8221;overlay&#8221; custom_padding=&#8221;5vw||150px||false|false&#8221; bottom_divider_style=&#8221;ramp2&#8243; bottom_divider_height=&#8221;120px&#8221; bottom_divider_repeat=&#8221;1x&#8221; bottom_divider_flip=&#8221;horizontal|vertical&#8221; saved_tabs=&#8221;all&#8221; global_colors_info=&#8221;{}&#8221;][et_pb_row column_structure=&#8221;1_2,1_2&#8243; _builder_version=&#8221;4.15.1&#8243; _module_preset=&#8221;default&#8221; custom_padding=&#8221;100px||100px||true|&#8221; global_colors_info=&#8221;{}&#8221;][et_pb_column type=&#8221;1_2&#8243; _builder_version=&#8221;4.15.1&#8243; _module_preset=&#8221;default&#8221; global_colors_info=&#8221;{}&#8221;][et_pb_text _builder_version=&#8221;4.15.1&#8243; _dynamic_attributes=&#8221;content&#8221; _module_preset=&#8221;default&#8221; header_text_color=&#8221;#000000&#8243; global_colors_info=&#8221;{}&#8221;]@ET-DC@eyJkeW5hbWljIjp0cnVlLCJjb250ZW50IjoicG9zdF90aXRsZSIsInNldHRpbmdzIjp7ImJlZm9yZSI6IjxoMT4iLCJhZnRlciI6IjwvaDE+In19@[\/et_pb_text][\/et_pb_column][et_pb_column type=&#8221;1_2&#8243; _builder_version=&#8221;4.15.1&#8243; _module_preset=&#8221;default&#8221; global_colors_info=&#8221;{}&#8221;][\/et_pb_column][\/et_pb_row][\/et_pb_section][et_pb_section fb_built=&#8221;1&#8243; _builder_version=&#8221;4.15.1&#8243; _module_preset=&#8221;default&#8221; background_color=&#8221;#f6f4f2&#8243; global_colors_info=&#8221;{}&#8221;][et_pb_row column_structure=&#8221;1_2,1_2&#8243; make_equal=&#8221;on&#8221; _builder_version=&#8221;4.15.1&#8243; _module_preset=&#8221;default&#8221; global_colors_info=&#8221;{}&#8221;][et_pb_column type=&#8221;1_2&#8243; _builder_version=&#8221;4.15.1&#8243; _module_preset=&#8221;default&#8221; global_colors_info=&#8221;{}&#8221;][et_pb_image src=&#8221;https:\/\/brisamedicspa.com\/wp-content\/uploads\/2022\/03\/Colombian-Lifting-Or-Vacuum-Therapy.jpg&#8221; title_text=&#8221;Le Lifting Colombien Ou La Vacuum Therapy&#8221; _builder_version=&#8221;4.15.1&#8243; _module_preset=&#8221;default&#8221; global_colors_info=&#8221;{}&#8221;][\/et_pb_image][\/et_pb_column][et_pb_column type=&#8221;1_2&#8243; _builder_version=&#8221;4.15.1&#8243; _module_preset=&#8221;default&#8221; global_colors_info=&#8221;{}&#8221;][et_pb_text _builder_version=&#8221;4.15.1&#8243; _module_preset=&#8221;default&#8221; custom_margin=&#8221;||0px||false|false&#8221; global_colors_info=&#8221;{}&#8221;]<\/p>\n<h3>LE LIFTING COLOMBIEN OU LA VACUUM THERAPY<\/h3>\n<p>[\/et_pb_text][et_pb_text _builder_version=&#8221;4.15.1&#8243; _module_preset=&#8221;default&#8221; global_colors_info=&#8221;{}&#8221;]<\/p>\n<p>Le lifting colombien est une technique non effractive utilis\u00e9e pour faire le remodelage des fesses en clinique. Elle porte ce nom, parce qu\u2019elle nous vient de Colombie. En anglais, on l\u2019appelle aussi Vacuum therapy, parce qu\u2019on se sert de ventouses qu\u2019on pose sur les fesses pour faire de la succion, un peu \u00e0 la mani\u00e8re d\u2019un aspirateur.<\/p>\n<p>[\/et_pb_text][et_pb_text _builder_version=&#8221;4.15.1&#8243; _module_preset=&#8221;default&#8221; custom_margin=&#8221;||3px||false|false&#8221; global_colors_info=&#8221;{}&#8221;]<\/p>\n<h3>BIENFAITS DU LIFTING DES FESSES COLOMBIEN<\/h3>\n<p>[\/et_pb_text][et_pb_text _builder_version=&#8221;4.15.1&#8243; _module_preset=&#8221;default&#8221; global_colors_info=&#8221;{}&#8221;]<\/p>\n<p>Peu douloureux, le lifting colombien permet de d\u00e9placer la graisse pour donner une apparence plus galb\u00e9e \u00e0 vos fesses Cette technique s\u2019utilise sur tous les teints et les types de peau. Les ventouses :<\/p>\n<p>[\/et_pb_text][et_pb_blurb title=&#8221;Stimulent les muscles;&#8221; use_icon=&#8221;on&#8221; font_icon=&#8221;&#x24;||divi||400&#8243; _builder_version=&#8221;4.15.1&#8243; _module_preset=&#8221;default&#8221; custom_margin=&#8221;||0px||false|false&#8221; custom_padding=&#8221;||||false|false&#8221; locked=&#8221;off&#8221; global_colors_info=&#8221;{}&#8221;][\/et_pb_blurb][et_pb_blurb title=&#8221;Raffermissent la peau&#8221; use_icon=&#8221;on&#8221; font_icon=&#8221;&#x24;||divi||400&#8243; _builder_version=&#8221;4.15.1&#8243; _module_preset=&#8221;default&#8221; custom_margin=&#8221;||0px||false|false&#8221; custom_padding=&#8221;||||false|false&#8221; locked=&#8221;off&#8221; global_colors_info=&#8221;{}&#8221;][\/et_pb_blurb][et_pb_blurb title=&#8221;D\u00e9logent les d\u00e9p\u00f4ts graisseux&#8221; use_icon=&#8221;on&#8221; font_icon=&#8221;&#x24;||divi||400&#8243; _builder_version=&#8221;4.15.1&#8243; _module_preset=&#8221;default&#8221; custom_margin=&#8221;||0px||false|false&#8221; custom_padding=&#8221;||||false|false&#8221; locked=&#8221;off&#8221; global_colors_info=&#8221;{}&#8221;][\/et_pb_blurb][et_pb_blurb title=&#8221;Stimulent la circulation sanguine&#8221; use_icon=&#8221;on&#8221; font_icon=&#8221;&#x24;||divi||400&#8243; _builder_version=&#8221;4.15.1&#8243; _module_preset=&#8221;default&#8221; custom_margin=&#8221;||0px||false|false&#8221; custom_padding=&#8221;||||false|false&#8221; locked=&#8221;off&#8221; global_colors_info=&#8221;{}&#8221;][\/et_pb_blurb][et_pb_blurb title=&#8221;Favorisent la circulation de la lymphe dans les vaisseaux lymphatiques;&#8221; use_icon=&#8221;on&#8221; font_icon=&#8221;&#x24;||divi||400&#8243; _builder_version=&#8221;4.15.1&#8243; _module_preset=&#8221;default&#8221; custom_margin=&#8221;||0px||false|false&#8221; custom_padding=&#8221;||||false|false&#8221; locked=&#8221;off&#8221; global_colors_info=&#8221;{}&#8221;][\/et_pb_blurb][et_pb_blurb title=&#8221;Facilitent l\u2019\u00e9limination des toxines par le corps.&#8221; use_icon=&#8221;on&#8221; font_icon=&#8221;&#x24;||divi||400&#8243; _builder_version=&#8221;4.15.1&#8243; _module_preset=&#8221;default&#8221; custom_margin=&#8221;||0px||false|false&#8221; custom_padding=&#8221;||||false|false&#8221; locked=&#8221;off&#8221; global_colors_info=&#8221;{}&#8221;][\/et_pb_blurb][\/et_pb_column][\/et_pb_row][\/et_pb_section][et_pb_section fb_built=&#8221;1&#8243; _builder_version=&#8221;4.15.1&#8243; _module_preset=&#8221;default&#8221; background_color=&#8221;#FFFFFF&#8221; global_colors_info=&#8221;{}&#8221;][et_pb_row column_structure=&#8221;1_2,1_2&#8243; make_equal=&#8221;on&#8221; _builder_version=&#8221;4.15.1&#8243; _module_preset=&#8221;default&#8221; global_colors_info=&#8221;{}&#8221;][et_pb_column type=&#8221;1_2&#8243; _builder_version=&#8221;4.15.1&#8243; _module_preset=&#8221;default&#8221; background_color=&#8221;#FFFFFF&#8221; custom_padding=&#8221;25px|25px|25px|25px|true|true&#8221; scroll_vertical_motion_enable=&#8221;on&#8221; scroll_vertical_motion=&#8221;0|50|50|100|1|0|-1&#8243; box_shadow_style=&#8221;preset3&#8243; box_shadow_color=&#8221;rgba(157,157,156,0.4)&#8221; global_colors_info=&#8221;{}&#8221;][et_pb_toggle title=&#8221;COMBIEN DE TEMPS DURE LE TRAITEMENT?&#8221; open=&#8221;on&#8221; closed_toggle_background_color=&#8221;#FFFFFF&#8221; icon_color=&#8221;#E3BEC9&#8243; _builder_version=&#8221;4.15.1&#8243; _module_preset=&#8221;default&#8221; title_text_color=&#8221;#000000&#8243; title_level=&#8221;h3&#8243; title_font=&#8221;Cormorant Garamond||||||||&#8221; title_line_height=&#8221;1.3em&#8221; border_width_all=&#8221;0px&#8221; border_width_bottom=&#8221;1px&#8221; border_color_bottom=&#8221;#E3BEC9&#8243; global_colors_info=&#8221;{}&#8221;]<\/p>\n<p>Une s\u00e9ance de lifting colombien dure environ 1 h 30. Pour de meilleurs r\u00e9sultats, nous vous recommandons de suivre de 6 \u00e0 10 s\u00e9ances, une fois ou deux par semaine, tous les 6 \u00e0 12 mois. En compl\u00e9ment de votre traitement, il est pr\u00e9f\u00e9rable de maintenir de saines habitudes de vie par une alimentation \u00e9quilibr\u00e9e et de l\u2019activit\u00e9 physique r\u00e9guli\u00e8re qui comprend des exercices de musculation.<\/p>\n<p>[\/et_pb_toggle][et_pb_toggle title=&#8221;Y A-T-IL DES CONTRE-INDICATIONS?&#8221; closed_toggle_background_color=&#8221;#FFFFFF&#8221; icon_color=&#8221;#E3BEC9&#8243; _builder_version=&#8221;4.15.1&#8243; _module_preset=&#8221;default&#8221; title_text_color=&#8221;#000000&#8243; title_level=&#8221;h3&#8243; title_font=&#8221;Cormorant Garamond||||||||&#8221; title_line_height=&#8221;1.3em&#8221; border_width_all=&#8221;0px&#8221; border_width_bottom=&#8221;1px&#8221; border_color_bottom=&#8221;#E3BEC9&#8243; global_colors_info=&#8221;{}&#8221;]<\/p>\n<p>Si vous avez des implants, des injections aux fesses, un cancer, une maladie auto-immune, un ant\u00e9c\u00e9dent de thrombose ou le diab\u00e8te, si vous avez subi une chirurgie au cours des 6 derniers mois ou encore si vous \u00eates enceinte, il est pr\u00e9f\u00e9rable de consulter votre m\u00e9decin avant de prendre rendez-vous avec nous.<\/p>\n<p>[\/et_pb_toggle][et_pb_toggle title=&#8221;QUELS SONT LES EFFETS SECONDAIRES DE LA VACUUM THERAPY?&#8221; closed_toggle_background_color=&#8221;#FFFFFF&#8221; icon_color=&#8221;#E3BEC9&#8243; _builder_version=&#8221;4.15.1&#8243; _module_preset=&#8221;default&#8221; title_text_color=&#8221;#000000&#8243; title_level=&#8221;h3&#8243; title_font=&#8221;Cormorant Garamond||||||||&#8221; title_line_height=&#8221;1.3em&#8221; border_width_all=&#8221;0px&#8221; border_color_bottom=&#8221;#E3BEC9&#8243; global_colors_info=&#8221;{}&#8221;]<\/p>\n<p>Quant aux effets secondaires, les plus communs sont de voir appara\u00eetre sur la peau des ecchymoses, des rougeurs ou une l\u00e9g\u00e8re enflure. Dans de tr\u00e8s rares cas, il peut arriver que des cloques, des cro\u00fbtes ou des ampoules se forment, surtout chez les personnes \u00e0 la peau tr\u00e8s l\u00e2che. Pour minimiser l\u2019apparition d\u2019effets secondaires, nous vous recommandons de bien hydrater votre corps en buvant beaucoup d\u2019eau avant le d\u00e9but de votre s\u00e9ance de lifting colombien.<\/p>\n<p>[\/et_pb_toggle][\/et_pb_column][et_pb_column type=&#8221;1_2&#8243; _builder_version=&#8221;4.15.1&#8243; _module_preset=&#8221;default&#8221; global_colors_info=&#8221;{}&#8221;][et_pb_image src=&#8221;https:\/\/brisamedicspa.com\/wp-content\/uploads\/2022\/03\/FAQ.jpg&#8221; title_text=&#8221;Young woman back in swimsuit, isolated&#8221; _builder_version=&#8221;4.15.1&#8243; _module_preset=&#8221;default&#8221; global_colors_info=&#8221;{}&#8221;][\/et_pb_image][\/et_pb_column][\/et_pb_row][\/et_pb_section]<\/p>\n","protected":false},"excerpt":{"rendered":"<p>LE LIFTING COLOMBIEN OU LA VACUUM THERAPYLe lifting colombien est une technique non effractive utilis\u00e9e pour faire le remodelage des fesses en clinique. Elle porte ce nom, parce qu\u2019elle nous vient de Colombie. En anglais, on l\u2019appelle aussi Vacuum therapy, parce qu\u2019on se sert de ventouses qu\u2019on pose sur les fesses pour faire de la [&hellip;]<\/p>\n","protected":false},"author":123458,"featured_media":237907,"parent":238241,"menu_order":0,"comment_status":"closed","ping_status":"closed","template":"","meta":{"_et_pb_use_builder":"on","_et_pb_old_content":"","_et_gb_content_width":"","footnotes":""},"class_list":["post-238010","page","type-page","status-publish","has-post-thumbnail","hentry"],"yoast_head":"<!-- This site is optimized with the Yoast SEO plugin v27.5 - https:\/\/yoast.com\/product\/yoast-seo-wordpress\/ -->\n<title>Lifting colombien - Laser Gatineau - Brisa MedicSpa<\/title>\n<meta name=\"robots\" content=\"index, follow, max-snippet:-1, max-image-preview:large, max-video-preview:-1\" \/>\n<link rel=\"canonical\" href=\"https:\/\/brisamedicspa.com\/fr\/medico-esthetique\/lifting-colombien\/\" \/>\n<meta property=\"og:locale\" content=\"fr_FR\" \/>\n<meta property=\"og:type\" content=\"article\" \/>\n<meta property=\"og:title\" content=\"Lifting colombien - Laser Gatineau - Brisa MedicSpa\" \/>\n<meta property=\"og:description\" content=\"LE LIFTING COLOMBIEN OU LA VACUUM THERAPYLe lifting colombien est une technique non effractive utilis\u00e9e pour faire le remodelage des fesses en clinique. Elle porte ce nom, parce qu\u2019elle nous vient de Colombie. En anglais, on l\u2019appelle aussi Vacuum therapy, parce qu\u2019on se sert de ventouses qu\u2019on pose sur les fesses pour faire de la [&hellip;]\" \/>\n<meta property=\"og:url\" content=\"https:\/\/brisamedicspa.com\/fr\/medico-esthetique\/lifting-colombien\/\" \/>\n<meta property=\"og:site_name\" content=\"Brisa MedicSpa\" \/>\n<meta property=\"article:modified_time\" content=\"2022-04-01T17:12:42+00:00\" \/>\n<meta property=\"og:image\" content=\"https:\/\/brisamedicspa.com\/wp-content\/uploads\/2022\/03\/Colombian-Lifting.jpg\" \/>\n\t<meta property=\"og:image:width\" content=\"1000\" \/>\n\t<meta property=\"og:image:height\" content=\"300\" \/>\n\t<meta property=\"og:image:type\" content=\"image\/jpeg\" \/>\n<meta name=\"twitter:card\" content=\"summary_large_image\" \/>\n<meta name=\"twitter:label1\" content=\"Est. reading time\" \/>\n\t<meta name=\"twitter:data1\" content=\"6 minutes\" \/>\n<script type=\"application\/ld+json\" class=\"yoast-schema-graph\">{\"@context\":\"https:\\\/\\\/schema.org\",\"@graph\":[{\"@type\":\"WebPage\",\"@id\":\"https:\\\/\\\/brisamedicspa.com\\\/fr\\\/medico-esthetique\\\/lifting-colombien\\\/\",\"url\":\"https:\\\/\\\/brisamedicspa.com\\\/fr\\\/medico-esthetique\\\/lifting-colombien\\\/\",\"name\":\"Lifting colombien - Laser Gatineau - Brisa MedicSpa\",\"isPartOf\":{\"@id\":\"https:\\\/\\\/brisamedicspa.com\\\/fr\\\/#website\"},\"primaryImageOfPage\":{\"@id\":\"https:\\\/\\\/brisamedicspa.com\\\/fr\\\/medico-esthetique\\\/lifting-colombien\\\/#primaryimage\"},\"image\":{\"@id\":\"https:\\\/\\\/brisamedicspa.com\\\/fr\\\/medico-esthetique\\\/lifting-colombien\\\/#primaryimage\"},\"thumbnailUrl\":\"https:\\\/\\\/brisamedicspa.com\\\/wp-content\\\/uploads\\\/2022\\\/03\\\/Colombian-Lifting.jpg\",\"datePublished\":\"2022-03-23T19:41:41+00:00\",\"dateModified\":\"2022-04-01T17:12:42+00:00\",\"breadcrumb\":{\"@id\":\"https:\\\/\\\/brisamedicspa.com\\\/fr\\\/medico-esthetique\\\/lifting-colombien\\\/#breadcrumb\"},\"inLanguage\":\"fr-FR\",\"potentialAction\":[{\"@type\":\"ReadAction\",\"target\":[\"https:\\\/\\\/brisamedicspa.com\\\/fr\\\/medico-esthetique\\\/lifting-colombien\\\/\"]}]},{\"@type\":\"ImageObject\",\"inLanguage\":\"fr-FR\",\"@id\":\"https:\\\/\\\/brisamedicspa.com\\\/fr\\\/medico-esthetique\\\/lifting-colombien\\\/#primaryimage\",\"url\":\"https:\\\/\\\/brisamedicspa.com\\\/wp-content\\\/uploads\\\/2022\\\/03\\\/Colombian-Lifting.jpg\",\"contentUrl\":\"https:\\\/\\\/brisamedicspa.com\\\/wp-content\\\/uploads\\\/2022\\\/03\\\/Colombian-Lifting.jpg\",\"width\":1000,\"height\":300},{\"@type\":\"BreadcrumbList\",\"@id\":\"https:\\\/\\\/brisamedicspa.com\\\/fr\\\/medico-esthetique\\\/lifting-colombien\\\/#breadcrumb\",\"itemListElement\":[{\"@type\":\"ListItem\",\"position\":1,\"name\":\"Home\",\"item\":\"https:\\\/\\\/brisamedicspa.com\\\/fr\\\/\"},{\"@type\":\"ListItem\",\"position\":2,\"name\":\"Esth\u00e9tique m\u00e9dicale\",\"item\":\"https:\\\/\\\/brisamedicspa.com\\\/fr\\\/medico-esthetique\\\/\"},{\"@type\":\"ListItem\",\"position\":3,\"name\":\"Lifting Colombien\"}]},{\"@type\":\"WebSite\",\"@id\":\"https:\\\/\\\/brisamedicspa.com\\\/fr\\\/#website\",\"url\":\"https:\\\/\\\/brisamedicspa.com\\\/fr\\\/\",\"name\":\"Brisa MedicSpa\",\"description\":\"Spa in Gatineau and Aylmer\",\"potentialAction\":[{\"@type\":\"SearchAction\",\"target\":{\"@type\":\"EntryPoint\",\"urlTemplate\":\"https:\\\/\\\/brisamedicspa.com\\\/fr\\\/?s={search_term_string}\"},\"query-input\":{\"@type\":\"PropertyValueSpecification\",\"valueRequired\":true,\"valueName\":\"search_term_string\"}}],\"inLanguage\":\"fr-FR\"}]}<\/script>\n<!-- \/ Yoast SEO plugin. -->","yoast_head_json":{"title":"Lifting colombien - Laser Gatineau - Brisa MedicSpa","robots":{"index":"index","follow":"follow","max-snippet":"max-snippet:-1","max-image-preview":"max-image-preview:large","max-video-preview":"max-video-preview:-1"},"canonical":"https:\/\/brisamedicspa.com\/fr\/medico-esthetique\/lifting-colombien\/","og_locale":"fr_FR","og_type":"article","og_title":"Lifting colombien - Laser Gatineau - Brisa MedicSpa","og_description":"LE LIFTING COLOMBIEN OU LA VACUUM THERAPYLe lifting colombien est une technique non effractive utilis\u00e9e pour faire le remodelage des fesses en clinique. Elle porte ce nom, parce qu\u2019elle nous vient de Colombie. En anglais, on l\u2019appelle aussi Vacuum therapy, parce qu\u2019on se sert de ventouses qu\u2019on pose sur les fesses pour faire de la [&hellip;]","og_url":"https:\/\/brisamedicspa.com\/fr\/medico-esthetique\/lifting-colombien\/","og_site_name":"Brisa MedicSpa","article_modified_time":"2022-04-01T17:12:42+00:00","og_image":[{"width":1000,"height":300,"url":"https:\/\/brisamedicspa.com\/wp-content\/uploads\/2022\/03\/Colombian-Lifting.jpg","type":"image\/jpeg"}],"twitter_card":"summary_large_image","twitter_misc":{"Est. reading time":"6 minutes"},"schema":{"@context":"https:\/\/schema.org","@graph":[{"@type":"WebPage","@id":"https:\/\/brisamedicspa.com\/fr\/medico-esthetique\/lifting-colombien\/","url":"https:\/\/brisamedicspa.com\/fr\/medico-esthetique\/lifting-colombien\/","name":"Lifting colombien - Laser Gatineau - Brisa MedicSpa","isPartOf":{"@id":"https:\/\/brisamedicspa.com\/fr\/#website"},"primaryImageOfPage":{"@id":"https:\/\/brisamedicspa.com\/fr\/medico-esthetique\/lifting-colombien\/#primaryimage"},"image":{"@id":"https:\/\/brisamedicspa.com\/fr\/medico-esthetique\/lifting-colombien\/#primaryimage"},"thumbnailUrl":"https:\/\/brisamedicspa.com\/wp-content\/uploads\/2022\/03\/Colombian-Lifting.jpg","datePublished":"2022-03-23T19:41:41+00:00","dateModified":"2022-04-01T17:12:42+00:00","breadcrumb":{"@id":"https:\/\/brisamedicspa.com\/fr\/medico-esthetique\/lifting-colombien\/#breadcrumb"},"inLanguage":"fr-FR","potentialAction":[{"@type":"ReadAction","target":["https:\/\/brisamedicspa.com\/fr\/medico-esthetique\/lifting-colombien\/"]}]},{"@type":"ImageObject","inLanguage":"fr-FR","@id":"https:\/\/brisamedicspa.com\/fr\/medico-esthetique\/lifting-colombien\/#primaryimage","url":"https:\/\/brisamedicspa.com\/wp-content\/uploads\/2022\/03\/Colombian-Lifting.jpg","contentUrl":"https:\/\/brisamedicspa.com\/wp-content\/uploads\/2022\/03\/Colombian-Lifting.jpg","width":1000,"height":300},{"@type":"BreadcrumbList","@id":"https:\/\/brisamedicspa.com\/fr\/medico-esthetique\/lifting-colombien\/#breadcrumb","itemListElement":[{"@type":"ListItem","position":1,"name":"Home","item":"https:\/\/brisamedicspa.com\/fr\/"},{"@type":"ListItem","position":2,"name":"Esth\u00e9tique m\u00e9dicale","item":"https:\/\/brisamedicspa.com\/fr\/medico-esthetique\/"},{"@type":"ListItem","position":3,"name":"Lifting Colombien"}]},{"@type":"WebSite","@id":"https:\/\/brisamedicspa.com\/fr\/#website","url":"https:\/\/brisamedicspa.com\/fr\/","name":"Brisa MedicSpa","description":"Spa in Gatineau and Aylmer","potentialAction":[{"@type":"SearchAction","target":{"@type":"EntryPoint","urlTemplate":"https:\/\/brisamedicspa.com\/fr\/?s={search_term_string}"},"query-input":{"@type":"PropertyValueSpecification","valueRequired":true,"valueName":"search_term_string"}}],"inLanguage":"fr-FR"}]}},"_links":{"self":[{"href":"https:\/\/brisamedicspa.com\/fr\/wp-json\/wp\/v2\/pages\/238010","targetHints":{"allow":["GET"]}}],"collection":[{"href":"https:\/\/brisamedicspa.com\/fr\/wp-json\/wp\/v2\/pages"}],"about":[{"href":"https:\/\/brisamedicspa.com\/fr\/wp-json\/wp\/v2\/types\/page"}],"author":[{"embeddable":true,"href":"https:\/\/brisamedicspa.com\/fr\/wp-json\/wp\/v2\/users\/123458"}],"replies":[{"embeddable":true,"href":"https:\/\/brisamedicspa.com\/fr\/wp-json\/wp\/v2\/comments?post=238010"}],"version-history":[{"count":9,"href":"https:\/\/brisamedicspa.com\/fr\/wp-json\/wp\/v2\/pages\/238010\/revisions"}],"predecessor-version":[{"id":238253,"href":"https:\/\/brisamedicspa.com\/fr\/wp-json\/wp\/v2\/pages\/238010\/revisions\/238253"}],"up":[{"embeddable":true,"href":"https:\/\/brisamedicspa.com\/fr\/wp-json\/wp\/v2\/pages\/238241"}],"wp:featuredmedia":[{"embeddable":true,"href":"https:\/\/brisamedicspa.com\/fr\/wp-json\/wp\/v2\/media\/237907"}],"wp:attachment":[{"href":"https:\/\/brisamedicspa.com\/fr\/wp-json\/wp\/v2\/media?parent=238010"}],"curies":[{"name":"wp","href":"https:\/\/api.w.org\/{rel}","templated":true}]}}