{"id":238019,"date":"2022-03-24T13:00:06","date_gmt":"2022-03-24T17:00:06","guid":{"rendered":"https:\/\/devsalient.com\/brisa\/sculpsure\/"},"modified":"2025-02-27T08:49:08","modified_gmt":"2025-02-27T13:49:08","slug":"sculpsure","status":"publish","type":"page","link":"https:\/\/brisamedicspa.com\/fr\/sculpsure\/","title":{"rendered":"SculpSure"},"content":{"rendered":"<p>[et_pb_section fb_built=&#8221;1&#8243; next_background_color=&#8221;#f7f7f7&#8243; _builder_version=&#8221;4.16&#8243; _module_preset=&#8221;default&#8221; background_color=&#8221;#dddcda&#8221; use_background_color_gradient=&#8221;on&#8221; background_color_gradient_direction=&#8221;90deg&#8221; background_color_gradient_stops=&#8221;#debaa3 9%|rgba(255,255,255,0) 60%&#8221; background_color_gradient_start=&#8221;#debaa3&#8243; background_color_gradient_start_position=&#8221;9%&#8221; background_color_gradient_end=&#8221;rgba(255,255,255,0)&#8221; background_color_gradient_end_position=&#8221;60%&#8221; background_image=&#8221;https:\/\/brisamedicspa.com\/wp-content\/uploads\/2022\/03\/Sculpsure.jpg&#8221; background_repeat=&#8221;repeat&#8221; background_blend=&#8221;overlay&#8221; custom_padding=&#8221;5vw||150px||false|false&#8221; bottom_divider_style=&#8221;ramp2&#8243; bottom_divider_height=&#8221;120px&#8221; bottom_divider_repeat=&#8221;1x&#8221; bottom_divider_flip=&#8221;horizontal|vertical&#8221; saved_tabs=&#8221;all&#8221; global_colors_info=&#8221;{}&#8221;][et_pb_row column_structure=&#8221;1_2,1_2&#8243; _builder_version=&#8221;4.16&#8243; _module_preset=&#8221;default&#8221; custom_padding=&#8221;100px||100px||true|&#8221; global_colors_info=&#8221;{}&#8221;][et_pb_column type=&#8221;1_2&#8243; _builder_version=&#8221;4.16&#8243; _module_preset=&#8221;default&#8221; global_colors_info=&#8221;{}&#8221;][et_pb_text _builder_version=&#8221;4.16&#8243; _dynamic_attributes=&#8221;content&#8221; _module_preset=&#8221;default&#8221; header_text_color=&#8221;#000000&#8243; global_colors_info=&#8221;{}&#8221;]@ET-DC@eyJkeW5hbWljIjp0cnVlLCJjb250ZW50IjoicG9zdF90aXRsZSIsInNldHRpbmdzIjp7ImJlZm9yZSI6IjxoMT4iLCJhZnRlciI6IjwvaDE+In19@[\/et_pb_text][\/et_pb_column][et_pb_column type=&#8221;1_2&#8243; _builder_version=&#8221;4.16&#8243; _module_preset=&#8221;default&#8221; global_colors_info=&#8221;{}&#8221;][\/et_pb_column][\/et_pb_row][\/et_pb_section][et_pb_section fb_built=&#8221;1&#8243; _builder_version=&#8221;4.27.4&#8243; _module_preset=&#8221;default&#8221; background_color=&#8221;#f7f7f7&#8243; custom_padding=&#8221;0px||||false|false&#8221; global_colors_info=&#8221;{}&#8221;][et_pb_row _builder_version=&#8221;4.16&#8243; _module_preset=&#8221;default&#8221; global_colors_info=&#8221;{}&#8221;][et_pb_column type=&#8221;4_4&#8243; _builder_version=&#8221;4.16&#8243; _module_preset=&#8221;default&#8221; global_colors_info=&#8221;{}&#8221;][et_pb_text _builder_version=&#8221;4.16&#8243; text_font=&#8221;Cormorant Garamond|600|||||||&#8221; text_text_color=&#8221;#1f2a4b&#8221; text_font_size=&#8221;54px&#8221; text_line_height=&#8221;1.3em&#8221; text_orientation=&#8221;center&#8221; locked=&#8221;off&#8221; global_colors_info=&#8221;{}&#8221;]<\/p>\n<p>Affinez votre silhouette<\/p>\n<p>[\/et_pb_text][et_pb_text _builder_version=&#8221;4.27.4&#8243; _module_preset=&#8221;default&#8221; header_3_text_align=&#8221;center&#8221; header_3_font_size=&#8221;32px&#8221; text_orientation=&#8221;center&#8221; max_width=&#8221;50%&#8221; max_width_tablet=&#8221;100%&#8221; max_width_phone=&#8221;100%&#8221; max_width_last_edited=&#8221;on|desktop&#8221; global_colors_info=&#8221;{}&#8221;]<\/p>\n<p>Ce traitement minceur permet de r\u00e9duire les zones ind\u00e9sirables, telles que les poign\u00e9es d\u2019amour et le ventre, tout en s\u2019adaptant \u00e0 toutes les silhouettes et tous les types de peaux.<\/p>\n<p>\u2714<span> <strong>Amincissement cibl\u00e9<\/strong> \u2013 Traite efficacement diff\u00e9rentes zones du corps pour affiner la silhouette.<br \/><\/span>\u2714<span> <strong>S\u00e9curitaire et non chirurgical<\/strong> \u2013 Une alternative sans douleur pour perdre du poids de fa\u00e7on naturelle.<br \/><\/span>\u2714<span> <strong>R\u00e9sultats visibles en peu de temps<\/strong> \u2013 Une solution rapide et efficace pour remodeler votre corps.<\/span><\/p>\n<p><span>Beaucoup de personnes ressentent un inconfort face aux premiers signes de rel\u00e2chement cutan\u00e9. Le remodelage corporel est une technique amincissante qui contribue \u00e0 am\u00e9liorer l\u2019apparence du corps et \u00e0 retrouver bien-\u00eatre et confiance en soi.<\/span><\/p>\n<p><a href=\"\/fr\/contact\/\"><strong><span>Prenez Rendez-Vous pour un Remodelage Corporel \u00e0 Gatineau \u2013 Secteur Aylmer<\/span><\/strong><\/a><\/p>\n<p>[\/et_pb_text][\/et_pb_column][\/et_pb_row][et_pb_row column_structure=&#8221;1_2,1_2&#8243; make_equal=&#8221;on&#8221; _builder_version=&#8221;4.16&#8243; _module_preset=&#8221;default&#8221; global_colors_info=&#8221;{}&#8221;][et_pb_column type=&#8221;1_2&#8243; _builder_version=&#8221;4.16&#8243; _module_preset=&#8221;default&#8221; background_color=&#8221;#FFFFFF&#8221; custom_padding=&#8221;50px|50px|50px|50px|true|true&#8221; custom_padding_tablet=&#8221;50px|50px|50px|50px|true|true&#8221; custom_padding_phone=&#8221;25px|25px|25px|25px|true|true&#8221; custom_padding_last_edited=&#8221;on|phone&#8221; global_colors_info=&#8221;{}&#8221;][et_pb_text _builder_version=&#8221;4.27.4&#8243; _module_preset=&#8221;default&#8221; global_colors_info=&#8221;{}&#8221;]<\/p>\n<h4>Laser Hyperthermique pour R\u00e9duction de Graisse et Remodelage Corporel<\/h4>\n<p>Cette technologie avanc\u00e9e est le premier laser approuv\u00e9 par Sant\u00e9 Canada pour le remodelage corporel non invasif de plusieurs zones cibl\u00e9es, incluant :<\/p>\n<p>\u2714<span> <strong>Ventre, bras et poign\u00e9es d\u2019amour<\/strong><br \/><\/span>\u2714<span> <strong>Dos, int\u00e9rieur et ext\u00e9rieur des cuisses<\/strong><\/span><\/p>\n<p><span>Gr\u00e2ce \u00e0 une \u00e9nergie contr\u00f4l\u00e9e de pointe, ce traitement est id\u00e9al pour les patients souhaitant r\u00e9duire l\u2019exc\u00e8s de graisse sans chirurgie ni temps de r\u00e9cup\u00e9ration.<\/span><\/p>\n<p><strong><span>Les Avantages du Laser Hyperthermique :<\/span><\/strong><\/p>\n<p>[\/et_pb_text][et_pb_blurb use_icon=&#8221;on&#8221; font_icon=&#8221;&#x24;||divi||400&#8243; icon_color=&#8221;#DEBAA3&#8243; image_icon_width=&#8221;30px&#8221; _builder_version=&#8221;4.27.4&#8243; _module_preset=&#8221;default&#8221; header_text_color=&#8221;#5C5C5C&#8221; body_text_color=&#8221;#8F8F8F&#8221; custom_margin=&#8221;||10px||false|false&#8221; global_colors_info=&#8221;{}&#8221;]<\/p>\n<p><strong>Applicateur plat sans traumatisme d\u2019aspiration<\/strong> \u2013 Confort optimal pendant le traitement.<\/p>\n<p>[\/et_pb_blurb][et_pb_blurb use_icon=&#8221;on&#8221; font_icon=&#8221;&#x24;||divi||400&#8243; icon_color=&#8221;#DEBAA3&#8243; image_icon_width=&#8221;30px&#8221; _builder_version=&#8221;4.27.4&#8243; _module_preset=&#8221;default&#8221; header_text_color=&#8221;#5C5C5C&#8221; body_text_color=&#8221;#8F8F8F&#8221; custom_margin=&#8221;||10px||false|false&#8221; global_colors_info=&#8221;{}&#8221;]<\/p>\n<p><strong>Prise en charge globale de la silhouette<\/strong> \u2013 Agit sur plusieurs zones pour un remodelage harmonieux.<\/p>\n<p>[\/et_pb_blurb][et_pb_blurb use_icon=&#8221;on&#8221; font_icon=&#8221;&#x24;||divi||400&#8243; icon_color=&#8221;#DEBAA3&#8243; image_icon_width=&#8221;30px&#8221; _builder_version=&#8221;4.27.4&#8243; _module_preset=&#8221;default&#8221; header_text_color=&#8221;#5C5C5C&#8221; body_text_color=&#8221;#8F8F8F&#8221; custom_margin=&#8221;||10px||false|false&#8221; global_colors_info=&#8221;{}&#8221;]<\/p>\n<p><strong>Syst\u00e8me d\u2019attache simple et efficace<\/strong> \u2013 Assure une application pr\u00e9cise et s\u00e9curitaire.<\/p>\n<p>[\/et_pb_blurb][et_pb_text _builder_version=&#8221;4.27.4&#8243; _module_preset=&#8221;default&#8221; global_colors_info=&#8221;{}&#8221;]<\/p>\n<p><span>Cette solution non invasive permet d\u2019obtenir une silhouette affin\u00e9e sans douleur ni interruption des activit\u00e9s quotidiennes.<\/span><\/p>\n<p>[\/et_pb_text][\/et_pb_column][et_pb_column type=&#8221;1_2&#8243; _builder_version=&#8221;4.16&#8243; _module_preset=&#8221;default&#8221; global_colors_info=&#8221;{}&#8221;][et_pb_image src=&#8221;https:\/\/brisamedicspa.com\/wp-content\/uploads\/2022\/09\/Screen-Shot-2022-09-15-at-11.23.28-AM.png&#8221; title_text=&#8221;Screen Shot 2022-09-15 at 11.23.28 AM&#8221; _builder_version=&#8221;4.16&#8243; _module_preset=&#8221;default&#8221; global_colors_info=&#8221;{}&#8221;][\/et_pb_image][\/et_pb_column][\/et_pb_row][\/et_pb_section][et_pb_section fb_built=&#8221;1&#8243; _builder_version=&#8221;4.16&#8243; _module_preset=&#8221;default&#8221; background_color=&#8221;#DEBAA3&#8243; custom_padding=&#8221;100px||100px||true|&#8221; global_colors_info=&#8221;{}&#8221;][et_pb_row column_structure=&#8221;1_2,1_2&#8243; make_equal=&#8221;on&#8221; _builder_version=&#8221;4.16&#8243; _module_preset=&#8221;default&#8221; global_colors_info=&#8221;{}&#8221;][et_pb_column type=&#8221;1_2&#8243; _builder_version=&#8221;4.16&#8243; _module_preset=&#8221;default&#8221; global_colors_info=&#8221;{}&#8221;][et_pb_image src=&#8221;https:\/\/brisamedicspa.com\/wp-content\/uploads\/2022\/09\/Screen-Shot-2022-09-15-at-11.24.27-AM.png&#8221; title_text=&#8221;Screen Shot 2022-09-15 at 11.24.27 AM&#8221; _builder_version=&#8221;4.16&#8243; _module_preset=&#8221;default&#8221; scroll_vertical_motion_enable=&#8221;on&#8221; scroll_vertical_motion=&#8221;0|50|50|100|1|0|-1&#8243; global_colors_info=&#8221;{}&#8221;][\/et_pb_image][et_pb_image src=&#8221;https:\/\/brisamedicspa.com\/wp-content\/uploads\/2022\/09\/Screen-Shot-2022-09-15-at-11.25.43-AM.png&#8221; title_text=&#8221;Screen Shot 2022-09-15 at 11.25.43 AM&#8221; _builder_version=&#8221;4.27.4&#8243; _module_preset=&#8221;default&#8221; positioning=&#8221;relative&#8221; position_origin_a=&#8221;bottom_right&#8221; vertical_offset=&#8221;0px&#8221; horizontal_offset=&#8221;116px&#8221; vertical_offset_tablet=&#8221;-10px&#8221; vertical_offset_phone=&#8221;-10px&#8221; vertical_offset_last_edited=&#8221;on|desktop&#8221; position_origin_a_tablet=&#8221;bottom_right&#8221; position_origin_a_phone=&#8221;bottom_right&#8221; position_origin_a_last_edited=&#8221;on|tablet&#8221; position_origin_f_tablet=&#8221;&#8221; position_origin_f_phone=&#8221;&#8221; position_origin_f_last_edited=&#8221;on|tablet&#8221; position_origin_r_tablet=&#8221;&#8221; position_origin_r_phone=&#8221;&#8221; position_origin_r_last_edited=&#8221;on|tablet&#8221; width=&#8221;100%&#8221; max_width=&#8221;60%&#8221; max_width_tablet=&#8221;45%&#8221; max_width_phone=&#8221;45%&#8221; max_width_last_edited=&#8221;on|tablet&#8221; positioning_tablet=&#8221;absolute&#8221; positioning_phone=&#8221;absolute&#8221; positioning_last_edited=&#8221;on|tablet&#8221; global_colors_info=&#8221;{}&#8221;][\/et_pb_image][\/et_pb_column][et_pb_column type=&#8221;1_2&#8243; _builder_version=&#8221;4.16&#8243; _module_preset=&#8221;default&#8221; background_color=&#8221;#FFFFFF&#8221; custom_padding=&#8221;50px|50px|50px|50px|true|true&#8221; custom_padding_tablet=&#8221;50px|50px|50px|50px|true|true&#8221; custom_padding_phone=&#8221;25px|25px|25px|25px|true|true&#8221; custom_padding_last_edited=&#8221;on|phone&#8221; global_colors_info=&#8221;{}&#8221;][et_pb_text _builder_version=&#8221;4.27.4&#8243; _module_preset=&#8221;default&#8221; hover_enabled=&#8221;0&#8243; global_colors_info=&#8221;{}&#8221; sticky_enabled=&#8221;0&#8243;]<\/p>\n<p><strong><span>La Science de la Lumi\u00e8re au Service de la Perte de Poids<\/span><\/strong><\/p>\n<p>Gr\u00e2ce \u00e0 une technologie de pointe bas\u00e9e sur la lumi\u00e8re, ce traitement cible efficacement les cellules adipeuses pour une r\u00e9duction durable de la graisse.<\/p>\n<p>\u2714<span> <strong>Absorption optimale par le tissu adipeux<\/strong> \u2013 La longueur d\u2019onde est sp\u00e9cifiquement con\u00e7ue pour p\u00e9n\u00e9trer et cibler la graisse sous-cutan\u00e9e.<br \/><\/span>\u2714<span> <strong>Diffusion thermique en profondeur<\/strong> \u2013 Permet d\u2019\u00e9liminer efficacement la graisse diffuse en stimulant le processus naturel du corps.<br \/><\/span>\u2714<span> <strong>\u00c9limination d\u00e9finitive des cellules graisseuses<\/strong> \u2013 Une fois d\u00e9truites, ces cellules ne reviennent pas, garantissant des r\u00e9sultats durables.<\/span><\/p>\n<p><span>Les premiers r\u00e9sultats sont visibles d\u00e8s 6 semaines, avec une am\u00e9lioration optimale apr\u00e8s 12 semaines.<\/span><\/p>\n<p>[\/et_pb_text][et_pb_blurb title=&#8221;Fonctionne sur tous les types de peaux&#8221; use_icon=&#8221;on&#8221; font_icon=&#8221;&#x24;||divi||400&#8243; image_icon_width=&#8221;30px&#8221; _builder_version=&#8221;4.16&#8243; _module_preset=&#8221;default&#8221; header_text_color=&#8221;#5C5C5C&#8221; body_text_color=&#8221;#8F8F8F&#8221; custom_margin=&#8221;||10px||false|false&#8221; global_colors_info=&#8221;{}&#8221;][\/et_pb_blurb][et_pb_blurb title=&#8221;Technologie prouv\u00e9e cliniquement&#8221; use_icon=&#8221;on&#8221; font_icon=&#8221;&#x24;||divi||400&#8243; image_icon_width=&#8221;30px&#8221; _builder_version=&#8221;4.16&#8243; _module_preset=&#8221;default&#8221; header_text_color=&#8221;#5C5C5C&#8221; body_text_color=&#8221;#8F8F8F&#8221; custom_margin=&#8221;||10px||false|false&#8221; global_colors_info=&#8221;{}&#8221;][\/et_pb_blurb][et_pb_blurb title=&#8221;Plus de 90% de taux de satisfaction patients&#8221; use_icon=&#8221;on&#8221; font_icon=&#8221;&#x24;||divi||400&#8243; image_icon_width=&#8221;30px&#8221; _builder_version=&#8221;4.16&#8243; _module_preset=&#8221;default&#8221; header_text_color=&#8221;#5C5C5C&#8221; body_text_color=&#8221;#8F8F8F&#8221; custom_margin=&#8221;||10px||false|false&#8221; global_colors_info=&#8221;{}&#8221;][\/et_pb_blurb][et_pb_text quote_border_weight=&#8221;2px&#8221; quote_border_color=&#8221;#E3BEC9&#8243; _builder_version=&#8221;4.16&#8243; _module_preset=&#8221;default&#8221; quote_text_color=&#8221;#000000&#8243; global_colors_info=&#8221;{}&#8221;]<\/p>\n<p><strong>Technologie<\/strong>: Sculpsure<br \/><strong>Traitement<\/strong>: 1 \u00e0 3 sessions<br \/><strong>Intervalle<\/strong>: 6 \u00e0 12 semaines<br \/><strong>Dur\u00e9e<\/strong>: 25 minutes<br \/><span style=\"font-weight: 400;\"><strong>25 minutes<\/strong>: Aucun temps de convalescence<br \/><\/span><span style=\"font-weight: 400;\"><strong>R\u00e9sultats<\/strong>: 12 semaines apr\u00e8s le dernier traitement<br \/><strong>Maintenance requise<\/strong>: Aucune<\/span><\/p>\n<p>[\/et_pb_text][et_pb_text _builder_version=&#8221;4.27.4&#8243; _module_preset=&#8221;default&#8221; hover_enabled=&#8221;0&#8243; global_colors_info=&#8221;{}&#8221; sticky_enabled=&#8221;0&#8243;]<\/p>\n<p><a href=\"\/fr\/contact\/\"><strong>Prenez Rendez-Vous pour un Traitement Minceur \u00e0 Gatineau \u2013 Secteur Aylmer<\/strong><\/a><\/p>\n<p><strong><em>*Le tarif peut \u00eatre d\u00e9termin\u00e9 lors d\u2019une consultation.<br \/>*Prix de base 250$ par applicateur <\/em><br \/><\/strong><\/p>\n<p>[\/et_pb_text][\/et_pb_column][\/et_pb_row][\/et_pb_section]<\/p>\n","protected":false},"excerpt":{"rendered":"<p>Affinez votre silhouetteCe traitement minceur permet de r\u00e9duire les zones ind\u00e9sirables, telles que les poign\u00e9es d\u2019amour et le ventre, tout en s\u2019adaptant \u00e0 toutes les silhouettes et tous les types de peaux. \u2714 Amincissement cibl\u00e9 \u2013 Traite efficacement diff\u00e9rentes zones du corps pour affiner la silhouette.\u2714 S\u00e9curitaire et non chirurgical \u2013 Une alternative sans douleur [&hellip;]<\/p>\n","protected":false},"author":123457,"featured_media":237915,"parent":0,"menu_order":0,"comment_status":"closed","ping_status":"closed","template":"","meta":{"_et_pb_use_builder":"on","_et_pb_old_content":"","_et_gb_content_width":"","footnotes":""},"class_list":["post-238019","page","type-page","status-publish","has-post-thumbnail","hentry"],"yoast_head":"<!-- This site is optimized with the Yoast SEO plugin v27.2 - https:\/\/yoast.com\/product\/yoast-seo-wordpress\/ -->\n<title>Traitement SculpSure \u00e0 Gatineau | Brisa MedicSpa<\/title>\n<meta name=\"description\" content=\"Traitement SculpSure \u00e0 Gatineau : r\u00e9duction cibl\u00e9e des zones graisseuses (ventre, bras, cuisses) avec technologie laser hyperthermique, non invasif et rapide.\" \/>\n<meta name=\"robots\" content=\"index, follow, max-snippet:-1, max-image-preview:large, max-video-preview:-1\" \/>\n<link rel=\"canonical\" href=\"https:\/\/brisamedicspa.com\/fr\/sculpsure\/\" \/>\n<meta property=\"og:locale\" content=\"fr_FR\" \/>\n<meta property=\"og:type\" content=\"article\" \/>\n<meta property=\"og:title\" content=\"Traitement SculpSure \u00e0 Gatineau | Brisa MedicSpa\" \/>\n<meta property=\"og:description\" content=\"Traitement SculpSure \u00e0 Gatineau : r\u00e9duction cibl\u00e9e des zones graisseuses (ventre, bras, cuisses) avec technologie laser hyperthermique, non invasif et rapide.\" \/>\n<meta property=\"og:url\" content=\"https:\/\/brisamedicspa.com\/fr\/sculpsure\/\" \/>\n<meta property=\"og:site_name\" content=\"Brisa MedicSpa\" \/>\n<meta property=\"article:modified_time\" content=\"2025-02-27T13:49:08+00:00\" \/>\n<meta property=\"og:image\" content=\"https:\/\/brisamedicspa.com\/wp-content\/uploads\/2022\/03\/Redefine-your-shape.jpg\" \/>\n\t<meta property=\"og:image:width\" content=\"1920\" \/>\n\t<meta property=\"og:image:height\" content=\"575\" \/>\n\t<meta property=\"og:image:type\" content=\"image\/jpeg\" \/>\n<meta name=\"twitter:card\" content=\"summary_large_image\" \/>\n<meta name=\"twitter:label1\" content=\"Est. reading time\" \/>\n\t<meta name=\"twitter:data1\" content=\"3 minutes\" \/>\n<script type=\"application\/ld+json\" class=\"yoast-schema-graph\">{\"@context\":\"https:\/\/schema.org\",\"@graph\":[{\"@type\":\"WebPage\",\"@id\":\"https:\/\/brisamedicspa.com\/fr\/sculpsure\/\",\"url\":\"https:\/\/brisamedicspa.com\/fr\/sculpsure\/\",\"name\":\"Traitement SculpSure \u00e0 Gatineau | Brisa MedicSpa\",\"isPartOf\":{\"@id\":\"https:\/\/brisamedicspa.com\/fr\/#website\"},\"primaryImageOfPage\":{\"@id\":\"https:\/\/brisamedicspa.com\/fr\/sculpsure\/#primaryimage\"},\"image\":{\"@id\":\"https:\/\/brisamedicspa.com\/fr\/sculpsure\/#primaryimage\"},\"thumbnailUrl\":\"https:\/\/brisamedicspa.com\/wp-content\/uploads\/2022\/03\/Redefine-your-shape.jpg\",\"datePublished\":\"2022-03-24T17:00:06+00:00\",\"dateModified\":\"2025-02-27T13:49:08+00:00\",\"description\":\"Traitement SculpSure \u00e0 Gatineau : r\u00e9duction cibl\u00e9e des zones graisseuses (ventre, bras, cuisses) avec technologie laser hyperthermique, non invasif et rapide.\",\"breadcrumb\":{\"@id\":\"https:\/\/brisamedicspa.com\/fr\/sculpsure\/#breadcrumb\"},\"inLanguage\":\"fr-FR\",\"potentialAction\":[{\"@type\":\"ReadAction\",\"target\":[\"https:\/\/brisamedicspa.com\/fr\/sculpsure\/\"]}]},{\"@type\":\"ImageObject\",\"inLanguage\":\"fr-FR\",\"@id\":\"https:\/\/brisamedicspa.com\/fr\/sculpsure\/#primaryimage\",\"url\":\"https:\/\/brisamedicspa.com\/wp-content\/uploads\/2022\/03\/Redefine-your-shape.jpg\",\"contentUrl\":\"https:\/\/brisamedicspa.com\/wp-content\/uploads\/2022\/03\/Redefine-your-shape.jpg\",\"width\":1920,\"height\":575},{\"@type\":\"BreadcrumbList\",\"@id\":\"https:\/\/brisamedicspa.com\/fr\/sculpsure\/#breadcrumb\",\"itemListElement\":[{\"@type\":\"ListItem\",\"position\":1,\"name\":\"Home\",\"item\":\"https:\/\/brisamedicspa.com\/fr\/\"},{\"@type\":\"ListItem\",\"position\":2,\"name\":\"SculpSure\"}]},{\"@type\":\"WebSite\",\"@id\":\"https:\/\/brisamedicspa.com\/fr\/#website\",\"url\":\"https:\/\/brisamedicspa.com\/fr\/\",\"name\":\"Brisa MedicSpa\",\"description\":\"Spa in Gatineau and Aylmer\",\"potentialAction\":[{\"@type\":\"SearchAction\",\"target\":{\"@type\":\"EntryPoint\",\"urlTemplate\":\"https:\/\/brisamedicspa.com\/fr\/?s={search_term_string}\"},\"query-input\":{\"@type\":\"PropertyValueSpecification\",\"valueRequired\":true,\"valueName\":\"search_term_string\"}}],\"inLanguage\":\"fr-FR\"}]}<\/script>\n<!-- \/ Yoast SEO plugin. -->","yoast_head_json":{"title":"Traitement SculpSure \u00e0 Gatineau | Brisa MedicSpa","description":"Traitement SculpSure \u00e0 Gatineau : r\u00e9duction cibl\u00e9e des zones graisseuses (ventre, bras, cuisses) avec technologie laser hyperthermique, non invasif et rapide.","robots":{"index":"index","follow":"follow","max-snippet":"max-snippet:-1","max-image-preview":"max-image-preview:large","max-video-preview":"max-video-preview:-1"},"canonical":"https:\/\/brisamedicspa.com\/fr\/sculpsure\/","og_locale":"fr_FR","og_type":"article","og_title":"Traitement SculpSure \u00e0 Gatineau | Brisa MedicSpa","og_description":"Traitement SculpSure \u00e0 Gatineau : r\u00e9duction cibl\u00e9e des zones graisseuses (ventre, bras, cuisses) avec technologie laser hyperthermique, non invasif et rapide.","og_url":"https:\/\/brisamedicspa.com\/fr\/sculpsure\/","og_site_name":"Brisa MedicSpa","article_modified_time":"2025-02-27T13:49:08+00:00","og_image":[{"width":1920,"height":575,"url":"https:\/\/brisamedicspa.com\/wp-content\/uploads\/2022\/03\/Redefine-your-shape.jpg","type":"image\/jpeg"}],"twitter_card":"summary_large_image","twitter_misc":{"Est. reading time":"3 minutes"},"schema":{"@context":"https:\/\/schema.org","@graph":[{"@type":"WebPage","@id":"https:\/\/brisamedicspa.com\/fr\/sculpsure\/","url":"https:\/\/brisamedicspa.com\/fr\/sculpsure\/","name":"Traitement SculpSure \u00e0 Gatineau | Brisa MedicSpa","isPartOf":{"@id":"https:\/\/brisamedicspa.com\/fr\/#website"},"primaryImageOfPage":{"@id":"https:\/\/brisamedicspa.com\/fr\/sculpsure\/#primaryimage"},"image":{"@id":"https:\/\/brisamedicspa.com\/fr\/sculpsure\/#primaryimage"},"thumbnailUrl":"https:\/\/brisamedicspa.com\/wp-content\/uploads\/2022\/03\/Redefine-your-shape.jpg","datePublished":"2022-03-24T17:00:06+00:00","dateModified":"2025-02-27T13:49:08+00:00","description":"Traitement SculpSure \u00e0 Gatineau : r\u00e9duction cibl\u00e9e des zones graisseuses (ventre, bras, cuisses) avec technologie laser hyperthermique, non invasif et rapide.","breadcrumb":{"@id":"https:\/\/brisamedicspa.com\/fr\/sculpsure\/#breadcrumb"},"inLanguage":"fr-FR","potentialAction":[{"@type":"ReadAction","target":["https:\/\/brisamedicspa.com\/fr\/sculpsure\/"]}]},{"@type":"ImageObject","inLanguage":"fr-FR","@id":"https:\/\/brisamedicspa.com\/fr\/sculpsure\/#primaryimage","url":"https:\/\/brisamedicspa.com\/wp-content\/uploads\/2022\/03\/Redefine-your-shape.jpg","contentUrl":"https:\/\/brisamedicspa.com\/wp-content\/uploads\/2022\/03\/Redefine-your-shape.jpg","width":1920,"height":575},{"@type":"BreadcrumbList","@id":"https:\/\/brisamedicspa.com\/fr\/sculpsure\/#breadcrumb","itemListElement":[{"@type":"ListItem","position":1,"name":"Home","item":"https:\/\/brisamedicspa.com\/fr\/"},{"@type":"ListItem","position":2,"name":"SculpSure"}]},{"@type":"WebSite","@id":"https:\/\/brisamedicspa.com\/fr\/#website","url":"https:\/\/brisamedicspa.com\/fr\/","name":"Brisa MedicSpa","description":"Spa in Gatineau and Aylmer","potentialAction":[{"@type":"SearchAction","target":{"@type":"EntryPoint","urlTemplate":"https:\/\/brisamedicspa.com\/fr\/?s={search_term_string}"},"query-input":{"@type":"PropertyValueSpecification","valueRequired":true,"valueName":"search_term_string"}}],"inLanguage":"fr-FR"}]}},"_links":{"self":[{"href":"https:\/\/brisamedicspa.com\/fr\/wp-json\/wp\/v2\/pages\/238019","targetHints":{"allow":["GET"]}}],"collection":[{"href":"https:\/\/brisamedicspa.com\/fr\/wp-json\/wp\/v2\/pages"}],"about":[{"href":"https:\/\/brisamedicspa.com\/fr\/wp-json\/wp\/v2\/types\/page"}],"author":[{"embeddable":true,"href":"https:\/\/brisamedicspa.com\/fr\/wp-json\/wp\/v2\/users\/123457"}],"replies":[{"embeddable":true,"href":"https:\/\/brisamedicspa.com\/fr\/wp-json\/wp\/v2\/comments?post=238019"}],"version-history":[{"count":24,"href":"https:\/\/brisamedicspa.com\/fr\/wp-json\/wp\/v2\/pages\/238019\/revisions"}],"predecessor-version":[{"id":239121,"href":"https:\/\/brisamedicspa.com\/fr\/wp-json\/wp\/v2\/pages\/238019\/revisions\/239121"}],"wp:featuredmedia":[{"embeddable":true,"href":"https:\/\/brisamedicspa.com\/fr\/wp-json\/wp\/v2\/media\/237915"}],"wp:attachment":[{"href":"https:\/\/brisamedicspa.com\/fr\/wp-json\/wp\/v2\/media?parent=238019"}],"curies":[{"name":"wp","href":"https:\/\/api.w.org\/{rel}","templated":true}]}}