{"id":238038,"date":"2022-03-24T19:48:56","date_gmt":"2022-03-24T19:48:56","guid":{"rendered":"https:\/\/devsalient.com\/brisa\/laser-ipl\/"},"modified":"2022-03-28T15:04:58","modified_gmt":"2022-03-28T15:04:58","slug":"laser-ipl","status":"publish","type":"page","link":"https:\/\/brisamedicspa.com\/fr\/laser-ipl\/","title":{"rendered":"Laser &amp; IPL"},"content":{"rendered":"<p>[et_pb_section fb_built=&#8221;1&#8243; next_background_color=&#8221;#f6f4f2&#8243; _builder_version=&#8221;4.15.1&#8243; _dynamic_attributes=&#8221;background_image&#8221; _module_preset=&#8221;default&#8221; background_color=&#8221;#dddcda&#8221; use_background_color_gradient=&#8221;on&#8221; background_color_gradient_start=&#8221;#ffffff&#8221; background_color_gradient_end=&#8221;rgba(255,255,255,0)&#8221; background_color_gradient_direction=&#8221;90deg&#8221; background_color_gradient_start_position=&#8221;9%&#8221; background_color_gradient_end_position=&#8221;60%&#8221; background_image=&#8221;@ET-DC@eyJkeW5hbWljIjp0cnVlLCJjb250ZW50IjoicG9zdF9mZWF0dXJlZF9pbWFnZSIsInNldHRpbmdzIjp7fX0=@&#8221; background_position=&#8221;top_left&#8221; background_repeat=&#8221;repeat&#8221; background_blend=&#8221;overlay&#8221; custom_padding=&#8221;5vw||150px||false|false&#8221; bottom_divider_style=&#8221;ramp2&#8243; bottom_divider_height=&#8221;120px&#8221; bottom_divider_repeat=&#8221;1x&#8221; bottom_divider_flip=&#8221;horizontal|vertical&#8221; saved_tabs=&#8221;all&#8221; global_colors_info=&#8221;{}&#8221; global_module=&#8221;237528&#8243; theme_builder_area=&#8221;post_content&#8221;][et_pb_row column_structure=&#8221;1_2,1_2&#8243; _builder_version=&#8221;4.15.1&#8243; _module_preset=&#8221;default&#8221; custom_padding=&#8221;100px||100px||true|&#8221; global_colors_info=&#8221;{}&#8221; theme_builder_area=&#8221;post_content&#8221;][et_pb_column type=&#8221;1_2&#8243; _builder_version=&#8221;4.15.1&#8243; _module_preset=&#8221;default&#8221; global_colors_info=&#8221;{}&#8221; theme_builder_area=&#8221;post_content&#8221;][et_pb_text _builder_version=&#8221;4.15.1&#8243; _dynamic_attributes=&#8221;content&#8221; _module_preset=&#8221;default&#8221; header_text_color=&#8221;#000000&#8243; global_colors_info=&#8221;{}&#8221; theme_builder_area=&#8221;post_content&#8221;]@ET-DC@eyJkeW5hbWljIjp0cnVlLCJjb250ZW50IjoicG9zdF90aXRsZSIsInNldHRpbmdzIjp7ImJlZm9yZSI6IjxoMT4iLCJhZnRlciI6IjxcL2gxPiJ9fQ==@[\/et_pb_text][et_pb_button button_text=&#8221;Voir les produits&#8221; _builder_version=&#8221;4.15.1&#8243; _module_preset=&#8221;18822932-6933-4530-b019-bed5332c0e41&#8243; custom_button=&#8221;on&#8221; button_text_size=&#8221;12px&#8221; button_text_color=&#8221;#ffffff&#8221; button_bg_color=&#8221;#E3BEC9&#8243; button_border_width=&#8221;0px&#8221; button_border_radius=&#8221;0px&#8221; button_letter_spacing=&#8221;1px&#8221; button_font=&#8221;Montserrat|500||on|||||&#8221; button_icon=&#8221;&#x35;||divi||400&#8243; button_on_hover=&#8221;off&#8221; custom_padding=&#8221;15px|30px|15px|30px|true|true&#8221; hover_enabled=&#8221;0&#8243; locked=&#8221;off&#8221; global_colors_info=&#8221;{}&#8221; theme_builder_area=&#8221;post_content&#8221; button_url=&#8221;@ET-DC@eyJkeW5hbWljIjp0cnVlLCJjb250ZW50IjoicG9zdF9saW5rX3VybF9wYWdlIiwic2V0dGluZ3MiOnsicG9zdF9pZCI6IjIzNzYyOCJ9fQ==@&#8221; _dynamic_attributes=&#8221;button_url&#8221; sticky_enabled=&#8221;0&#8243;][\/et_pb_button][\/et_pb_column][et_pb_column type=&#8221;1_2&#8243; _builder_version=&#8221;4.15.1&#8243; _module_preset=&#8221;default&#8221; global_colors_info=&#8221;{}&#8221; theme_builder_area=&#8221;post_content&#8221;][\/et_pb_column][\/et_pb_row][\/et_pb_section][et_pb_section fb_built=&#8221;1&#8243; _builder_version=&#8221;4.15.1&#8243; _module_preset=&#8221;default&#8221; background_color=&#8221;#f6f4f2&#8243; global_colors_info=&#8221;{}&#8221;][et_pb_row _builder_version=&#8221;4.15.1&#8243; _module_preset=&#8221;default&#8221; global_colors_info=&#8221;{}&#8221;][et_pb_column type=&#8221;4_4&#8243; _builder_version=&#8221;4.15.1&#8243; _module_preset=&#8221;default&#8221; global_colors_info=&#8221;{}&#8221;][et_pb_text _builder_version=&#8221;4.15.1&#8243; _module_preset=&#8221;default&#8221; header_3_text_align=&#8221;center&#8221; header_3_font_size=&#8221;36px&#8221; header_4_text_align=&#8221;center&#8221; hover_enabled=&#8221;0&#8243; global_colors_info=&#8221;{}&#8221; sticky_enabled=&#8221;0&#8243;]<\/p>\n<h3>\u00c9pilation au Laser<\/h3>\n<p>[\/et_pb_text][\/et_pb_column][\/et_pb_row][et_pb_row column_structure=&#8221;1_3,1_3,1_3&#8243; use_custom_gutter=&#8221;on&#8221; gutter_width=&#8221;2&#8243; _builder_version=&#8221;4.15.1&#8243; _module_preset=&#8221;default&#8221; global_colors_info=&#8221;{}&#8221;][et_pb_column type=&#8221;1_3&#8243; _builder_version=&#8221;4.15.1&#8243; _module_preset=&#8221;default&#8221; background_color=&#8221;#FFFFFF&#8221; custom_padding=&#8221;25px|25px|25px|25px|true|true&#8221; global_colors_info=&#8221;{}&#8221;][et_pb_text _builder_version=&#8221;4.15.1&#8243; _module_preset=&#8221;default&#8221; global_colors_info=&#8221;{}&#8221;]<\/p>\n<h4>Visage et cou<\/h4>\n<p>[\/et_pb_text][et_pb_divider _builder_version=&#8221;4.15.1&#8243; _module_preset=&#8221;default&#8221; global_colors_info=&#8221;{}&#8221;][\/et_pb_divider][et_pb_text _builder_version=&#8221;4.15.1&#8243; _module_preset=&#8221;default&#8221; text_font=&#8221;Open Sans|600|||||||&#8221; global_colors_info=&#8221;{}&#8221;]<\/p>\n<p style=\"text-align: left;\">Entre-sourcils<span style=\"float: right;\">$50.00<\/span><\/p>\n<p style=\"text-align: left;\">L\u00e8vre sup\u00e9rieure <span style=\"float: right;\">$60.00<\/span><\/p>\n<p style=\"text-align: left;\">Menton <span style=\"float: right;\">$75.00<\/span><\/p>\n<p style=\"text-align: left;\">Favoris <span style=\"float: right;\">$75.00<\/span><\/p>\n<p style=\"text-align: left;\">Joues <span style=\"float: right;\">$75.00<\/span><\/p>\n<p style=\"text-align: left;\">Oreilles <span style=\"float: right;\">$75.00<\/span><\/p>\n<p style=\"text-align: left;\">L\u00e8vres sup\u00e9rieures et menton <span style=\"float: right;\">$125.00<\/span><\/p>\n<p style=\"text-align: left;\">Visage <span style=\"float: right;\">$225.00<\/span><\/p>\n<p style=\"text-align: left;\">Barbe <span style=\"float: right;\">$250.00<\/span><\/p>\n<p style=\"text-align: left;\">Cou <span style=\"float: right;\">$85.00 -100.00<\/span><\/p>\n<p style=\"text-align: left;\">Nuque <span style=\"float: right;\">$85.00-100.00<\/span><\/p>\n<p>[\/et_pb_text][et_pb_divider _builder_version=&#8221;4.15.1&#8243; _module_preset=&#8221;default&#8221; global_colors_info=&#8221;{}&#8221;][\/et_pb_divider][et_pb_button button_url=&#8221;@ET-DC@eyJkeW5hbWljIjp0cnVlLCJjb250ZW50IjoicG9zdF9saW5rX3VybF9wYWdlIiwic2V0dGluZ3MiOnsicG9zdF9pZCI6IjIzNzA1MyJ9fQ==@&#8221; button_text=&#8221;R\u00c9SERVEZ MAINTENANT&#8221; button_alignment=&#8221;left&#8221; _builder_version=&#8221;4.15.1&#8243; _dynamic_attributes=&#8221;button_url&#8221; _module_preset=&#8221;default&#8221; custom_button=&#8221;on&#8221; button_text_size=&#8221;16px&#8221; button_text_color=&#8221;#FFFFFF&#8221; button_bg_color=&#8221;#000000&#8243; button_border_width=&#8221;0px&#8221; button_border_radius=&#8221;0px&#8221; button_use_icon=&#8221;off&#8221; custom_padding=&#8221;8px|25px|8px|25px|true|true&#8221; global_colors_info=&#8221;{}&#8221;][\/et_pb_button][\/et_pb_column][et_pb_column type=&#8221;1_3&#8243; _builder_version=&#8221;4.15.1&#8243; _module_preset=&#8221;default&#8221; background_color=&#8221;#f2dede&#8221; custom_padding=&#8221;25px|25px|25px|25px|true|true&#8221; global_colors_info=&#8221;{}&#8221;][et_pb_text _builder_version=&#8221;4.15.1&#8243; _module_preset=&#8221;default&#8221; global_colors_info=&#8221;{}&#8221;]<\/p>\n<h4>Haut du corps<\/h4>\n<p>[\/et_pb_text][et_pb_divider _builder_version=&#8221;4.15.1&#8243; _module_preset=&#8221;default&#8221; global_colors_info=&#8221;{}&#8221;][\/et_pb_divider][et_pb_text _builder_version=&#8221;4.15.1&#8243; _module_preset=&#8221;default&#8221; text_font=&#8221;Open Sans|600|||||||&#8221; global_colors_info=&#8221;{}&#8221;]<\/p>\n<p style=\"text-align: left;\">Aisselles <span style=\"float: right;\">$85.00<\/span><\/p>\n<p style=\"text-align: left;\">1\/2 ou 1\/2 de torse <span style=\"float: right;\">$175.00<\/span><\/p>\n<p style=\"text-align: left;\">1\/2 ou 1\/2 dos et \u00e9paules <span style=\"float: right;\">$225.00<\/span><\/p>\n<p style=\"text-align: left;\">Dos complet ou torse <span style=\"float: right;\">$300.00<\/span><\/p>\n<p style=\"text-align: left;\">Dos complet ou poitrine avec \u00e9paules <span style=\"float: right;\">$350.00<\/span><\/p>\n<p style=\"text-align: left;\">Bras complet femme <span style=\"float: right;\">$200.00<\/span><\/p>\n<p style=\"text-align: left;\">Bras complet homme <span style=\"float: right;\">$250.00<\/span><\/p>\n<p style=\"text-align: left;\">Avant-bras femme <span style=\"float: right;\">$125.00<\/span><\/p>\n<p style=\"text-align: left;\">Avant-bras homme <span style=\"float: right;\">$175.00<\/span><\/p>\n<p style=\"text-align: left;\">Mains <span style=\"float: right;\">$75.00<\/span><\/p>\n<p style=\"text-align: left;\">Poitrine (ar\u00e9ole) <span style=\"float: right;\">$50.00<\/span><\/p>\n<p>[\/et_pb_text][et_pb_divider _builder_version=&#8221;4.15.1&#8243; _module_preset=&#8221;default&#8221; global_colors_info=&#8221;{}&#8221;][\/et_pb_divider][et_pb_button button_url=&#8221;@ET-DC@eyJkeW5hbWljIjp0cnVlLCJjb250ZW50IjoicG9zdF9saW5rX3VybF9wYWdlIiwic2V0dGluZ3MiOnsicG9zdF9pZCI6IjIzNzA1MyJ9fQ==@&#8221; button_text=&#8221;R\u00c9SERVEZ MAINTENANT&#8221; button_alignment=&#8221;left&#8221; _builder_version=&#8221;4.15.1&#8243; _dynamic_attributes=&#8221;button_url&#8221; _module_preset=&#8221;default&#8221; custom_button=&#8221;on&#8221; button_text_size=&#8221;16px&#8221; button_text_color=&#8221;#FFFFFF&#8221; button_bg_color=&#8221;#000000&#8243; button_border_width=&#8221;0px&#8221; button_border_radius=&#8221;0px&#8221; button_use_icon=&#8221;off&#8221; custom_padding=&#8221;8px|25px|8px|25px|true|true&#8221; global_colors_info=&#8221;{}&#8221;][\/et_pb_button][\/et_pb_column][et_pb_column type=&#8221;1_3&#8243; _builder_version=&#8221;4.15.1&#8243; _module_preset=&#8221;default&#8221; background_color=&#8221;#f9ecd9&#8243; custom_padding=&#8221;25px|25px|25px|25px|true|true&#8221; global_colors_info=&#8221;{}&#8221;][et_pb_text _builder_version=&#8221;4.15.1&#8243; _module_preset=&#8221;default&#8221; global_colors_info=&#8221;{}&#8221;]<\/p>\n<h4>Bas du corps<\/h4>\n<p>[\/et_pb_text][et_pb_divider _builder_version=&#8221;4.15.1&#8243; _module_preset=&#8221;default&#8221; global_colors_info=&#8221;{}&#8221;][\/et_pb_divider][et_pb_text _builder_version=&#8221;4.15.1&#8243; _module_preset=&#8221;default&#8221; text_font=&#8221;Open Sans|600|||||||&#8221; global_colors_info=&#8221;{}&#8221;]<\/p>\n<p style=\"text-align: left;\">Ligne sous le nombril <span style=\"float: right;\">$75.00<\/span><\/p>\n<p style=\"text-align: left;\">Ligne de bikini (aine) <span style=\"float: right;\">$100.00<\/span><\/p>\n<p style=\"text-align: left;\">Bikini plus (aine et au-dessus du pubis) <span style=\"float: right;\">$125-$150.00<\/span><\/p>\n<p style=\"text-align: left;\">Bikini br\u00e9silien (glut\u00e9al) <span style=\"float: right;\">$175.00<\/span><\/p>\n<p style=\"text-align: left;\">Bikini complet et interfessier <span style=\"float: right;\">$225.00<\/span><\/p>\n<p style=\"text-align: left;\">Au-dessus du fessier <span style=\"float: right;\">$100.00<\/span><\/p>\n<p style=\"text-align: left;\">Cuisses <span style=\"float: right;\">$250.00<\/span><\/p>\n<p style=\"text-align: left;\">Moiti\u00e9 de jambe <span style=\"float: right;\">$200.00<\/span><\/p>\n<p style=\"text-align: left;\">Pied et orteils <span style=\"float: right;\">$75.00<\/span><\/p>\n<p style=\"text-align: left;\">Jambes compl\u00e8tes et pied <span style=\"float: right;\">$400.00<\/span><\/p>\n<p>[\/et_pb_text][et_pb_divider _builder_version=&#8221;4.15.1&#8243; _module_preset=&#8221;default&#8221; global_colors_info=&#8221;{}&#8221;][\/et_pb_divider][et_pb_button button_url=&#8221;@ET-DC@eyJkeW5hbWljIjp0cnVlLCJjb250ZW50IjoicG9zdF9saW5rX3VybF9wYWdlIiwic2V0dGluZ3MiOnsicG9zdF9pZCI6IjIzNzA1MyJ9fQ==@&#8221; button_text=&#8221;R\u00c9SERVEZ MAINTENANT&#8221; button_alignment=&#8221;left&#8221; _builder_version=&#8221;4.15.1&#8243; _dynamic_attributes=&#8221;button_url&#8221; _module_preset=&#8221;default&#8221; custom_button=&#8221;on&#8221; button_text_size=&#8221;16px&#8221; button_text_color=&#8221;#FFFFFF&#8221; button_bg_color=&#8221;#000000&#8243; button_border_width=&#8221;0px&#8221; button_border_radius=&#8221;0px&#8221; button_use_icon=&#8221;off&#8221; custom_padding=&#8221;8px|25px|8px|25px|true|true&#8221; global_colors_info=&#8221;{}&#8221;][\/et_pb_button][\/et_pb_column][\/et_pb_row][\/et_pb_section][et_pb_section fb_built=&#8221;1&#8243; theme_builder_area=&#8221;post_content&#8221; _builder_version=&#8221;4.15.1&#8243; _module_preset=&#8221;default&#8221; title_text=&#8221;Laser-Treatment&#8221; background_image=&#8221;https:\/\/brisamedicspa.com\/wp-content\/uploads\/2022\/03\/Laser-Treatment.jpg&#8221; use_background_color_gradient=&#8221;on&#8221; background_color_gradient_start=&#8221;#9d9d9c&#8221; background_color_gradient_end=&#8221;#ffffff&#8221; background_color_gradient_start_position=&#8221;50%&#8221; background_color_gradient_end_position=&#8221;35%&#8221; background_blend=&#8221;overlay&#8221; hover_enabled=&#8221;0&#8243; sticky_enabled=&#8221;0&#8243;][et_pb_row _builder_version=&#8221;4.15.1&#8243; _module_preset=&#8221;default&#8221; column_structure=&#8221;1_4,1_2,1_4&#8243; hover_enabled=&#8221;0&#8243; sticky_enabled=&#8221;0&#8243; use_custom_gutter=&#8221;on&#8221; gutter_width=&#8221;2&#8243; custom_padding=&#8221;||||false|false&#8221; locked=&#8221;off&#8221; theme_builder_area=&#8221;post_content&#8221;][et_pb_column _builder_version=&#8221;4.15.1&#8243; _module_preset=&#8221;default&#8221; type=&#8221;1_4&#8243; theme_builder_area=&#8221;post_content&#8221;][\/et_pb_column][et_pb_column _builder_version=&#8221;4.15.1&#8243; _module_preset=&#8221;default&#8221; type=&#8221;1_2&#8243; background_color=&#8221;#eaeaea&#8221; hover_enabled=&#8221;0&#8243; sticky_enabled=&#8221;0&#8243; custom_padding=&#8221;50px|50px|50px|50px|true|true&#8221; theme_builder_area=&#8221;post_content&#8221; custom_padding_last_edited=&#8221;on|phone&#8221; custom_padding_phone=&#8221;|25px||25px|true|true&#8221; custom_padding_tablet=&#8221;50px|50px|50px|50px|true|true&#8221;][et_pb_text _builder_version=&#8221;4.15.1&#8243; _module_preset=&#8221;default&#8221; hover_enabled=&#8221;0&#8243; global_colors_info=&#8221;{}&#8221; sticky_enabled=&#8221;0&#8243; text_orientation=&#8221;center&#8221; theme_builder_area=&#8221;post_content&#8221; header_4_text_align=&#8221;center&#8221;]<\/p>\n<h4>Autres traitements au laser<\/h4>\n<p>Photo-Rajeunissement<\/p>\n<p>[\/et_pb_text][et_pb_divider _builder_version=&#8221;4.15.1&#8243; _module_preset=&#8221;default&#8221; hover_enabled=&#8221;0&#8243; global_colors_info=&#8221;{}&#8221; theme_builder_area=&#8221;post_content&#8221; color=&#8221;#9D9D9C&#8221; sticky_enabled=&#8221;0&#8243;][\/et_pb_divider][et_pb_text _builder_version=&#8221;4.15.1&#8243; _module_preset=&#8221;default&#8221; text_font=&#8221;Open Sans|600|||||||&#8221; hover_enabled=&#8221;0&#8243; global_colors_info=&#8221;{}&#8221; sticky_enabled=&#8221;0&#8243; theme_builder_area=&#8221;post_content&#8221;]<\/p>\n<p><strong>Stimule la production de collag\u00e8ne, resserre les pores<\/strong><\/p>\n<p style=\"text-align: left;\">lignes fines et antibact\u00e9riennes<span style=\"float: right;\">$250.00<\/span><\/p>\n<p style=\"text-align: left;\">Traitements pour les veines-araign\u00e9es<span style=\"float: right;\"> $75.00 \u2013 $350.00<\/span><\/p>\n<p style=\"text-align: left;\">Traitements des taches de vieillissement <span style=\"float: right;\">$75.00+<\/span><\/p>\n<p>[\/et_pb_text][et_pb_text _builder_version=&#8221;4.15.1&#8243; _module_preset=&#8221;default&#8221; theme_builder_area=&#8221;post_content&#8221; text_orientation=&#8221;center&#8221; text_font=&#8221;Open Sans||on||||||&#8221; hover_enabled=&#8221;0&#8243; sticky_enabled=&#8221;0&#8243;]<\/p>\n<p>* Veuillez noter que pour certains traitements, un certificat m\u00e9dical<br \/>sera n\u00e9cessaire afin de confirmer que la tache peut \u00eatre trait\u00e9e sans probl\u00e8me.<\/p>\n<p>[\/et_pb_text][et_pb_text _builder_version=&#8221;4.15.1&#8243; _module_preset=&#8221;default&#8221; text_font=&#8221;Open Sans|600|||||||&#8221; hover_enabled=&#8221;0&#8243; global_colors_info=&#8221;{}&#8221; sticky_enabled=&#8221;0&#8243; theme_builder_area=&#8221;post_content&#8221;]<\/p>\n<p style=\"text-align: left;\">Traitements IPL <span style=\"float: right;\">$250.00<\/span><\/p>\n<p style=\"text-align: center;\">Traitements de la rosac\u00e9e et des taches de pigmentations<\/p>\n<p style=\"text-align: center;\"><em><strong>* Prix par s\u00e9ance *<\/strong><\/em><\/p>\n<p>[\/et_pb_text][et_pb_divider _builder_version=&#8221;4.15.1&#8243; _module_preset=&#8221;default&#8221; hover_enabled=&#8221;0&#8243; global_colors_info=&#8221;{}&#8221; theme_builder_area=&#8221;post_content&#8221; color=&#8221;#9D9D9C&#8221; sticky_enabled=&#8221;0&#8243;][\/et_pb_divider][et_pb_button button_url=&#8221;@ET-DC@eyJkeW5hbWljIjp0cnVlLCJjb250ZW50IjoicG9zdF9saW5rX3VybF9wYWdlIiwic2V0dGluZ3MiOnsicG9zdF9pZCI6IjIzNzA1MyJ9fQ==@&#8221; button_text=&#8221;R\u00c9SERVEZ MAINTENANT&#8221; button_alignment=&#8221;center&#8221; _builder_version=&#8221;4.15.1&#8243; _dynamic_attributes=&#8221;button_url&#8221; _module_preset=&#8221;default&#8221; custom_button=&#8221;on&#8221; button_text_size=&#8221;16px&#8221; button_text_color=&#8221;#FFFFFF&#8221; button_bg_color=&#8221;#000000&#8243; button_border_width=&#8221;0px&#8221; button_border_radius=&#8221;0px&#8221; button_use_icon=&#8221;off&#8221; custom_padding=&#8221;8px|25px|8px|25px|true|true&#8221; hover_enabled=&#8221;0&#8243; global_colors_info=&#8221;{}&#8221; theme_builder_area=&#8221;post_content&#8221; sticky_enabled=&#8221;0&#8243;][\/et_pb_button][\/et_pb_column][et_pb_column _builder_version=&#8221;4.15.1&#8243; _module_preset=&#8221;default&#8221; type=&#8221;1_4&#8243; theme_builder_area=&#8221;post_content&#8221;][\/et_pb_column][\/et_pb_row][\/et_pb_section]<\/p>\n","protected":false},"excerpt":{"rendered":"<p>\u00c9pilation au LaserVisage et couEntre-sourcils$50.00 L\u00e8vre sup\u00e9rieure $60.00 Menton $75.00 Favoris $75.00 Joues $75.00 Oreilles $75.00 L\u00e8vres sup\u00e9rieures et menton $125.00 Visage $225.00 Barbe $250.00 Cou $85.00 -100.00 Nuque $85.00-100.00Haut du corpsAisselles $85.00 1\/2 ou 1\/2 de torse $175.00 1\/2 ou 1\/2 dos et \u00e9paules $225.00 Dos complet ou torse $300.00 Dos complet ou poitrine [&hellip;]<\/p>\n","protected":false},"author":123457,"featured_media":237898,"parent":0,"menu_order":0,"comment_status":"closed","ping_status":"closed","template":"","meta":{"_et_pb_use_builder":"on","_et_pb_old_content":"","_et_gb_content_width":"","footnotes":""},"class_list":["post-238038","page","type-page","status-publish","has-post-thumbnail","hentry"],"yoast_head":"<!-- This site is optimized with the Yoast SEO plugin v27.2 - https:\/\/yoast.com\/product\/yoast-seo-wordpress\/ -->\n<title>\u00c9pilation Laser Gatineau - Laser Gatineau - Brisa MedicSpa<\/title>\n<meta name=\"description\" content=\"Brisa MedicSpa offre une vaste gamme d&#039;options \u00e9pilation laser et d&#039;IPL pour les clients qui recherchent des options d&#039;\u00e9pilation faciles \u00e0 Gatineau.\" \/>\n<meta name=\"robots\" content=\"index, follow, max-snippet:-1, max-image-preview:large, max-video-preview:-1\" \/>\n<link rel=\"canonical\" href=\"https:\/\/brisamedicspa.com\/fr\/laser-ipl\/\" \/>\n<meta property=\"og:locale\" content=\"fr_FR\" \/>\n<meta property=\"og:type\" content=\"article\" \/>\n<meta property=\"og:title\" content=\"\u00c9pilation Laser Gatineau - Laser Gatineau - Brisa MedicSpa\" \/>\n<meta property=\"og:description\" content=\"Brisa MedicSpa offre une vaste gamme d&#039;options \u00e9pilation laser et d&#039;IPL pour les clients qui recherchent des options d&#039;\u00e9pilation faciles \u00e0 Gatineau.\" \/>\n<meta property=\"og:url\" content=\"https:\/\/brisamedicspa.com\/fr\/laser-ipl\/\" \/>\n<meta property=\"og:site_name\" content=\"Brisa MedicSpa\" \/>\n<meta property=\"article:modified_time\" content=\"2022-03-28T15:04:58+00:00\" \/>\n<meta property=\"og:image\" content=\"https:\/\/brisamedicspa.com\/wp-content\/uploads\/2022\/03\/Our-Tech.jpg\" \/>\n\t<meta property=\"og:image:width\" content=\"1920\" \/>\n\t<meta property=\"og:image:height\" content=\"575\" \/>\n\t<meta property=\"og:image:type\" content=\"image\/jpeg\" \/>\n<meta name=\"twitter:card\" content=\"summary_large_image\" \/>\n<meta name=\"twitter:label1\" content=\"Est. reading time\" \/>\n\t<meta name=\"twitter:data1\" content=\"8 minutes\" \/>\n<script type=\"application\/ld+json\" class=\"yoast-schema-graph\">{\"@context\":\"https:\/\/schema.org\",\"@graph\":[{\"@type\":\"WebPage\",\"@id\":\"https:\/\/brisamedicspa.com\/fr\/laser-ipl\/\",\"url\":\"https:\/\/brisamedicspa.com\/fr\/laser-ipl\/\",\"name\":\"\u00c9pilation Laser Gatineau - Laser Gatineau - Brisa MedicSpa\",\"isPartOf\":{\"@id\":\"https:\/\/brisamedicspa.com\/fr\/#website\"},\"primaryImageOfPage\":{\"@id\":\"https:\/\/brisamedicspa.com\/fr\/laser-ipl\/#primaryimage\"},\"image\":{\"@id\":\"https:\/\/brisamedicspa.com\/fr\/laser-ipl\/#primaryimage\"},\"thumbnailUrl\":\"https:\/\/brisamedicspa.com\/wp-content\/uploads\/2022\/03\/Our-Tech.jpg\",\"datePublished\":\"2022-03-24T19:48:56+00:00\",\"dateModified\":\"2022-03-28T15:04:58+00:00\",\"description\":\"Brisa MedicSpa offre une vaste gamme d'options \u00e9pilation laser et d'IPL pour les clients qui recherchent des options d'\u00e9pilation faciles \u00e0 Gatineau.\",\"breadcrumb\":{\"@id\":\"https:\/\/brisamedicspa.com\/fr\/laser-ipl\/#breadcrumb\"},\"inLanguage\":\"fr-FR\",\"potentialAction\":[{\"@type\":\"ReadAction\",\"target\":[\"https:\/\/brisamedicspa.com\/fr\/laser-ipl\/\"]}]},{\"@type\":\"ImageObject\",\"inLanguage\":\"fr-FR\",\"@id\":\"https:\/\/brisamedicspa.com\/fr\/laser-ipl\/#primaryimage\",\"url\":\"https:\/\/brisamedicspa.com\/wp-content\/uploads\/2022\/03\/Our-Tech.jpg\",\"contentUrl\":\"https:\/\/brisamedicspa.com\/wp-content\/uploads\/2022\/03\/Our-Tech.jpg\",\"width\":1920,\"height\":575},{\"@type\":\"BreadcrumbList\",\"@id\":\"https:\/\/brisamedicspa.com\/fr\/laser-ipl\/#breadcrumb\",\"itemListElement\":[{\"@type\":\"ListItem\",\"position\":1,\"name\":\"Home\",\"item\":\"https:\/\/brisamedicspa.com\/fr\/\"},{\"@type\":\"ListItem\",\"position\":2,\"name\":\"Laser &amp; IPL\"}]},{\"@type\":\"WebSite\",\"@id\":\"https:\/\/brisamedicspa.com\/fr\/#website\",\"url\":\"https:\/\/brisamedicspa.com\/fr\/\",\"name\":\"Brisa MedicSpa\",\"description\":\"Spa in Gatineau and Aylmer\",\"potentialAction\":[{\"@type\":\"SearchAction\",\"target\":{\"@type\":\"EntryPoint\",\"urlTemplate\":\"https:\/\/brisamedicspa.com\/fr\/?s={search_term_string}\"},\"query-input\":{\"@type\":\"PropertyValueSpecification\",\"valueRequired\":true,\"valueName\":\"search_term_string\"}}],\"inLanguage\":\"fr-FR\"}]}<\/script>\n<!-- \/ Yoast SEO plugin. -->","yoast_head_json":{"title":"\u00c9pilation Laser Gatineau - Laser Gatineau - Brisa MedicSpa","description":"Brisa MedicSpa offre une vaste gamme d'options \u00e9pilation laser et d'IPL pour les clients qui recherchent des options d'\u00e9pilation faciles \u00e0 Gatineau.","robots":{"index":"index","follow":"follow","max-snippet":"max-snippet:-1","max-image-preview":"max-image-preview:large","max-video-preview":"max-video-preview:-1"},"canonical":"https:\/\/brisamedicspa.com\/fr\/laser-ipl\/","og_locale":"fr_FR","og_type":"article","og_title":"\u00c9pilation Laser Gatineau - Laser Gatineau - Brisa MedicSpa","og_description":"Brisa MedicSpa offre une vaste gamme d'options \u00e9pilation laser et d'IPL pour les clients qui recherchent des options d'\u00e9pilation faciles \u00e0 Gatineau.","og_url":"https:\/\/brisamedicspa.com\/fr\/laser-ipl\/","og_site_name":"Brisa MedicSpa","article_modified_time":"2022-03-28T15:04:58+00:00","og_image":[{"width":1920,"height":575,"url":"https:\/\/brisamedicspa.com\/wp-content\/uploads\/2022\/03\/Our-Tech.jpg","type":"image\/jpeg"}],"twitter_card":"summary_large_image","twitter_misc":{"Est. reading time":"8 minutes"},"schema":{"@context":"https:\/\/schema.org","@graph":[{"@type":"WebPage","@id":"https:\/\/brisamedicspa.com\/fr\/laser-ipl\/","url":"https:\/\/brisamedicspa.com\/fr\/laser-ipl\/","name":"\u00c9pilation Laser Gatineau - Laser Gatineau - Brisa MedicSpa","isPartOf":{"@id":"https:\/\/brisamedicspa.com\/fr\/#website"},"primaryImageOfPage":{"@id":"https:\/\/brisamedicspa.com\/fr\/laser-ipl\/#primaryimage"},"image":{"@id":"https:\/\/brisamedicspa.com\/fr\/laser-ipl\/#primaryimage"},"thumbnailUrl":"https:\/\/brisamedicspa.com\/wp-content\/uploads\/2022\/03\/Our-Tech.jpg","datePublished":"2022-03-24T19:48:56+00:00","dateModified":"2022-03-28T15:04:58+00:00","description":"Brisa MedicSpa offre une vaste gamme d'options \u00e9pilation laser et d'IPL pour les clients qui recherchent des options d'\u00e9pilation faciles \u00e0 Gatineau.","breadcrumb":{"@id":"https:\/\/brisamedicspa.com\/fr\/laser-ipl\/#breadcrumb"},"inLanguage":"fr-FR","potentialAction":[{"@type":"ReadAction","target":["https:\/\/brisamedicspa.com\/fr\/laser-ipl\/"]}]},{"@type":"ImageObject","inLanguage":"fr-FR","@id":"https:\/\/brisamedicspa.com\/fr\/laser-ipl\/#primaryimage","url":"https:\/\/brisamedicspa.com\/wp-content\/uploads\/2022\/03\/Our-Tech.jpg","contentUrl":"https:\/\/brisamedicspa.com\/wp-content\/uploads\/2022\/03\/Our-Tech.jpg","width":1920,"height":575},{"@type":"BreadcrumbList","@id":"https:\/\/brisamedicspa.com\/fr\/laser-ipl\/#breadcrumb","itemListElement":[{"@type":"ListItem","position":1,"name":"Home","item":"https:\/\/brisamedicspa.com\/fr\/"},{"@type":"ListItem","position":2,"name":"Laser &amp; IPL"}]},{"@type":"WebSite","@id":"https:\/\/brisamedicspa.com\/fr\/#website","url":"https:\/\/brisamedicspa.com\/fr\/","name":"Brisa MedicSpa","description":"Spa in Gatineau and Aylmer","potentialAction":[{"@type":"SearchAction","target":{"@type":"EntryPoint","urlTemplate":"https:\/\/brisamedicspa.com\/fr\/?s={search_term_string}"},"query-input":{"@type":"PropertyValueSpecification","valueRequired":true,"valueName":"search_term_string"}}],"inLanguage":"fr-FR"}]}},"_links":{"self":[{"href":"https:\/\/brisamedicspa.com\/fr\/wp-json\/wp\/v2\/pages\/238038","targetHints":{"allow":["GET"]}}],"collection":[{"href":"https:\/\/brisamedicspa.com\/fr\/wp-json\/wp\/v2\/pages"}],"about":[{"href":"https:\/\/brisamedicspa.com\/fr\/wp-json\/wp\/v2\/types\/page"}],"author":[{"embeddable":true,"href":"https:\/\/brisamedicspa.com\/fr\/wp-json\/wp\/v2\/users\/123457"}],"replies":[{"embeddable":true,"href":"https:\/\/brisamedicspa.com\/fr\/wp-json\/wp\/v2\/comments?post=238038"}],"version-history":[{"count":6,"href":"https:\/\/brisamedicspa.com\/fr\/wp-json\/wp\/v2\/pages\/238038\/revisions"}],"predecessor-version":[{"id":238116,"href":"https:\/\/brisamedicspa.com\/fr\/wp-json\/wp\/v2\/pages\/238038\/revisions\/238116"}],"wp:featuredmedia":[{"embeddable":true,"href":"https:\/\/brisamedicspa.com\/fr\/wp-json\/wp\/v2\/media\/237898"}],"wp:attachment":[{"href":"https:\/\/brisamedicspa.com\/fr\/wp-json\/wp\/v2\/media?parent=238038"}],"curies":[{"name":"wp","href":"https:\/\/api.w.org\/{rel}","templated":true}]}}