{"id":238235,"date":"2022-03-21T19:11:55","date_gmt":"2022-03-21T19:11:55","guid":{"rendered":"https:\/\/devsalient.com\/brisa\/the-spa\/"},"modified":"2022-04-04T18:16:34","modified_gmt":"2022-04-04T18:16:34","slug":"le-spa","status":"publish","type":"page","link":"https:\/\/brisamedicspa.com\/fr\/le-spa\/","title":{"rendered":"Le Spa"},"content":{"rendered":"<p>[et_pb_section fb_built=&#8221;1&#8243; next_background_color=&#8221;#ffffff&#8221; admin_label=&#8221;Header&#8221; _builder_version=&#8221;4.15.1&#8243; background_color=&#8221;#f2ebe7&#8243; background_image=&#8221;https:\/\/brisamedicspa.com\/wp-content\/uploads\/2022\/03\/About-Banner.jpg&#8221; custom_padding=&#8221;5vw||150px||false|false&#8221; bottom_divider_style=&#8221;ramp2&#8243; bottom_divider_height=&#8221;120px&#8221; bottom_divider_repeat=&#8221;1x&#8221; bottom_divider_flip=&#8221;horizontal|vertical&#8221; global_colors_info=&#8221;{}&#8221;][et_pb_row column_structure=&#8221;3_5,2_5&#8243; _builder_version=&#8221;4.15&#8243; global_colors_info=&#8221;{}&#8221;][et_pb_column type=&#8221;3_5&#8243; _builder_version=&#8221;4.15&#8243; z_index=&#8221;10&#8243; global_colors_info=&#8221;{}&#8221;][et_pb_text _builder_version=&#8221;4.15.1&#8243; header_font=&#8221;Cormorant Garamond|600|||||||&#8221; header_text_color=&#8221;#1f2a4b&#8221; header_font_size=&#8221;74px&#8221; header_2_font=&#8221;Montserrat|500||on|||||&#8221; header_2_text_color=&#8221;rgba(0,0,0,0.4)&#8221; header_2_font_size=&#8221;12px&#8221; header_2_letter_spacing=&#8221;1px&#8221; header_2_line_height=&#8221;1.8em&#8221; width_tablet=&#8221;&#8221; width_phone=&#8221;100%&#8221; width_last_edited=&#8221;on|phone&#8221; header_font_tablet=&#8221;&#8221; header_font_phone=&#8221;&#8221; header_font_last_edited=&#8221;on|desktop&#8221; header_font_size_tablet=&#8221;48px&#8221; header_font_size_phone=&#8221;28px&#8221; header_font_size_last_edited=&#8221;on|phone&#8221; locked=&#8221;off&#8221; global_colors_info=&#8221;{}&#8221;]<\/p>\n<h2>About<\/h2>\n<h1>LE SPA<\/h1>\n<p>[\/et_pb_text][\/et_pb_column][et_pb_column type=&#8221;2_5&#8243; _builder_version=&#8221;4.15&#8243; global_colors_info=&#8221;{}&#8221;][\/et_pb_column][\/et_pb_row][\/et_pb_section][et_pb_section fb_built=&#8221;1&#8243; _builder_version=&#8221;4.15.1&#8243; _module_preset=&#8221;default&#8221; global_colors_info=&#8221;{}&#8221;][et_pb_row column_structure=&#8221;1_2,1_2&#8243; use_custom_gutter=&#8221;on&#8221; gutter_width=&#8221;4&#8243; make_equal=&#8221;on&#8221; _builder_version=&#8221;4.15.1&#8243; locked=&#8221;off&#8221; global_colors_info=&#8221;{}&#8221;][et_pb_column type=&#8221;1_2&#8243; _builder_version=&#8221;4.15.1&#8243; custom_padding=&#8221;||||false|false&#8221; global_colors_info=&#8221;{}&#8221;][et_pb_image src=&#8221;https:\/\/brisamedicspa.com\/wp-content\/uploads\/2022\/03\/CTA-1.1.jpg&#8221; title_text=&#8221;CTA 1.1&#8243; _builder_version=&#8221;4.15.1&#8243; _module_preset=&#8221;default&#8221; custom_margin=&#8221;|||-10%|false|false&#8221; custom_margin_tablet=&#8221;0%|||0%|false|false&#8221; custom_margin_phone=&#8221;&#8221; custom_margin_last_edited=&#8221;on|tablet&#8221; scroll_rotating=&#8221;0|100|100|100|20\u00b0|0|0&#8243; global_colors_info=&#8221;{}&#8221;][\/et_pb_image][\/et_pb_column][et_pb_column type=&#8221;1_2&#8243; _builder_version=&#8221;4.15.1&#8243; custom_css_main_element=&#8221;margin-top:auto;||margin-bottom:auto;&#8221; global_colors_info=&#8221;{}&#8221;][et_pb_text _builder_version=&#8221;4.15.1&#8243; text_font=&#8221;Cormorant Garamond|600|||||||&#8221; text_text_color=&#8221;#1f2a4b&#8221; text_font_size=&#8221;34px&#8221; text_line_height=&#8221;1.3em&#8221; locked=&#8221;off&#8221; global_colors_info=&#8221;{}&#8221;]<\/p>\n<p>BRISA MEDICSPA<\/p>\n<p>[\/et_pb_text][et_pb_text _builder_version=&#8221;4.15.1&#8243; text_line_height=&#8221;2em&#8221; locked=&#8221;off&#8221; global_colors_info=&#8221;{}&#8221;]<\/p>\n<p>Nous offrons une panoplie de services et tous sous un m\u00eame toit, en commen\u00e7ant bien s\u00fbr par une consultation personnalis\u00e9e pour cibler vos soucis et vos attentes. Le tout offert dans une atmosph\u00e8re relaxante et d\u00e9tendue. Nos professionnelles sont bien form\u00e9es pour r\u00e9pondre \u00e0 toutes vos questions.<\/p>\n<p>[\/et_pb_text][\/et_pb_column][\/et_pb_row][\/et_pb_section][et_pb_section fb_built=&#8221;1&#8243; admin_label=&#8221;Mission&#8221; _builder_version=&#8221;4.15&#8243; background_color=&#8221;#f2ebe7&#8243; use_background_color_gradient=&#8221;on&#8221; background_color_gradient_start=&#8221;#f2ebe7&#8243; background_color_gradient_end=&#8221;#f6f4f2&#8243; background_color_gradient_start_position=&#8221;50%&#8221; background_color_gradient_end_position=&#8221;0%&#8221; background_enable_image=&#8221;off&#8221; background_size=&#8221;initial&#8221; background_position=&#8221;center_left&#8221; global_colors_info=&#8221;{}&#8221;][et_pb_row _builder_version=&#8221;4.15.1&#8243; custom_padding=&#8221;||||false|false&#8221; locked=&#8221;off&#8221; global_colors_info=&#8221;{}&#8221;][et_pb_column type=&#8221;4_4&#8243; _builder_version=&#8221;4.15&#8243; background_color=&#8221;#ffffff&#8221; custom_padding=&#8221;20px|20px|20px|20px|true|true&#8221; global_colors_info=&#8221;{}&#8221;][et_pb_text _builder_version=&#8221;4.15.1&#8243; text_font_size=&#8221;18px&#8221; header_4_font=&#8221;Cormorant Garamond||||||||&#8221; header_4_text_color=&#8221;#0b1115&#8243; header_4_font_size=&#8221;34px&#8221; custom_padding=&#8221;50px|100px|50px|100px|false|false&#8221; global_colors_info=&#8221;{}&#8221;]<\/p>\n<h4>Notre philosophie<\/h4>\n<p><span>Offrir un service personnalis\u00e9 qui vise \u00e0 trouver la solution appropri\u00e9e pour nos clients selon leurs modes de vie, besoins et budgets car tout le monde m\u00e9rite d\u2019\u00eatre bien dans sa peau!<\/span><\/p>\n<p>[\/et_pb_text][\/et_pb_column][\/et_pb_row][\/et_pb_section][et_pb_section fb_built=&#8221;1&#8243; admin_label=&#8221;Feature&#8221; _builder_version=&#8221;4.15.1&#8243; background_color=&#8221;rgba(227,190,201,0.29)&#8221; locked=&#8221;off&#8221; global_colors_info=&#8221;{}&#8221;][et_pb_row column_structure=&#8221;3_5,2_5&#8243; _builder_version=&#8221;4.15&#8243; global_colors_info=&#8221;{}&#8221;][et_pb_column type=&#8221;3_5&#8243; _builder_version=&#8221;4.15&#8243; custom_padding=&#8221;2vw||||false|false&#8221; global_colors_info=&#8221;{}&#8221;][et_pb_text _builder_version=&#8221;4.15.1&#8243; header_2_font=&#8221;Cormorant Garamond|500|||||||&#8221; header_2_text_color=&#8221;#0b1115&#8243; header_2_font_size=&#8221;54px&#8221; header_2_font_size_tablet=&#8221;38px&#8221; header_2_font_size_phone=&#8221;28px&#8221; header_2_font_size_last_edited=&#8221;on|phone&#8221; locked=&#8221;off&#8221; global_colors_info=&#8221;{}&#8221;]<\/p>\n<h2>R\u00e9servez votre prochain rendez-vous d\u00e8s maintenant!<\/h2>\n<p>[\/et_pb_text][et_pb_text _builder_version=&#8221;4.15.1&#8243; text_line_height=&#8221;2em&#8221; locked=&#8221;off&#8221; global_colors_info=&#8221;{}&#8221;]<\/p>\n<p>Chez Brisa MedicSpa, nous voulons \u00eatre \u00e0 l\u2019avant-garde de la technologie dans les soins esth\u00e9tiques. Pour notre client\u00e8le, nous ne voulons leur offrir que le meilleur. C\u2019est pourquoi nous nous sommes dot\u00e9es des produits Venus Versa\u2122 et Elite MPX afin de vous offrir les soins esth\u00e9tiques de qualit\u00e9 que vous m\u00e9ritez.<\/p>\n<p>[\/et_pb_text][et_pb_button button_url=&#8221;@ET-DC@eyJkeW5hbWljIjp0cnVlLCJjb250ZW50IjoicG9zdF9saW5rX3VybF9wYWdlIiwic2V0dGluZ3MiOnsicG9zdF9pZCI6IjIzNzA1MyJ9fQ==@&#8221; button_text=&#8221;Prenez rendez-vous&#8221; _builder_version=&#8221;4.15.1&#8243; _dynamic_attributes=&#8221;button_url&#8221; custom_button=&#8221;on&#8221; button_text_size=&#8221;12px&#8221; button_text_color=&#8221;#ffffff&#8221; button_bg_color=&#8221;#E3BEC9&#8243; button_border_width=&#8221;0px&#8221; button_border_radius=&#8221;0px&#8221; button_letter_spacing=&#8221;1px&#8221; button_font=&#8221;Montserrat|500||on|||||&#8221; button_icon=&#8221;&#x35;||divi||400&#8243; button_on_hover=&#8221;off&#8221; custom_padding=&#8221;15px|30px|15px|30px|true|true&#8221; locked=&#8221;off&#8221; global_colors_info=&#8221;{}&#8221;][\/et_pb_button][\/et_pb_column][et_pb_column type=&#8221;2_5&#8243; _builder_version=&#8221;4.15&#8243; global_colors_info=&#8221;{}&#8221;][et_pb_image src=&#8221;https:\/\/brisamedicspa.com\/wp-content\/uploads\/2022\/03\/CTA-1.jpg&#8221; title_text=&#8221;CTA 1&#8243; show_bottom_space=&#8221;off&#8221; _builder_version=&#8221;4.15.1&#8243; _module_preset=&#8221;default&#8221; width=&#8221;80%&#8221; module_alignment=&#8221;right&#8221; global_colors_info=&#8221;{}&#8221;][\/et_pb_image][et_pb_image src=&#8221;https:\/\/brisamedicspa.com\/wp-content\/uploads\/2022\/03\/CTA-2.jpg&#8221; title_text=&#8221;CTA 2&#8243; _builder_version=&#8221;4.15.1&#8243; _module_preset=&#8221;default&#8221; positioning=&#8221;absolute&#8221; position_origin_a=&#8221;bottom_left&#8221; width=&#8221;50%&#8221; global_colors_info=&#8221;{}&#8221;][\/et_pb_image][\/et_pb_column][\/et_pb_row][\/et_pb_section]<\/p>\n","protected":false},"excerpt":{"rendered":"<p>About LE SPABRISA MEDICSPANous offrons une panoplie de services et tous sous un m\u00eame toit, en commen\u00e7ant bien s\u00fbr par une consultation personnalis\u00e9e pour cibler vos soucis et vos attentes. Le tout offert dans une atmosph\u00e8re relaxante et d\u00e9tendue. Nos professionnelles sont bien form\u00e9es pour r\u00e9pondre \u00e0 toutes vos questions.Notre philosophie Offrir un service personnalis\u00e9 [&hellip;]<\/p>\n","protected":false},"author":123457,"featured_media":0,"parent":0,"menu_order":0,"comment_status":"closed","ping_status":"closed","template":"","meta":{"_et_pb_use_builder":"on","_et_pb_old_content":"","_et_gb_content_width":"","footnotes":""},"class_list":["post-238235","page","type-page","status-publish","hentry"],"yoast_head":"<!-- This site is optimized with the Yoast SEO plugin v27.2 - https:\/\/yoast.com\/product\/yoast-seo-wordpress\/ -->\n<title>Spa in Gatineau and Aylmer - Spas in Gatineau - Brisa MedicSpa<\/title>\n<meta name=\"description\" content=\"We offer a variety of services starting with a personalized consultation to target your concerns and expectations in a relaxing environment.\" \/>\n<meta name=\"robots\" content=\"index, follow, max-snippet:-1, max-image-preview:large, max-video-preview:-1\" \/>\n<link rel=\"canonical\" href=\"https:\/\/brisamedicspa.com\/fr\/le-spa\/\" \/>\n<meta property=\"og:locale\" content=\"fr_FR\" \/>\n<meta property=\"og:type\" content=\"article\" \/>\n<meta property=\"og:title\" content=\"Spa in Gatineau and Aylmer - Spas in Gatineau - Brisa MedicSpa\" \/>\n<meta property=\"og:description\" content=\"We offer a variety of services starting with a personalized consultation to target your concerns and expectations in a relaxing environment.\" \/>\n<meta property=\"og:url\" content=\"https:\/\/brisamedicspa.com\/fr\/le-spa\/\" \/>\n<meta property=\"og:site_name\" content=\"Brisa MedicSpa\" \/>\n<meta property=\"article:modified_time\" content=\"2022-04-04T18:16:34+00:00\" \/>\n<meta name=\"twitter:card\" content=\"summary_large_image\" \/>\n<meta name=\"twitter:label1\" content=\"Est. reading time\" \/>\n\t<meta name=\"twitter:data1\" content=\"5 minutes\" \/>\n<script type=\"application\/ld+json\" class=\"yoast-schema-graph\">{\"@context\":\"https:\/\/schema.org\",\"@graph\":[{\"@type\":\"WebPage\",\"@id\":\"https:\/\/brisamedicspa.com\/fr\/le-spa\/\",\"url\":\"https:\/\/brisamedicspa.com\/fr\/le-spa\/\",\"name\":\"Spa in Gatineau and Aylmer - Spas in Gatineau - Brisa MedicSpa\",\"isPartOf\":{\"@id\":\"https:\/\/brisamedicspa.com\/fr\/#website\"},\"datePublished\":\"2022-03-21T19:11:55+00:00\",\"dateModified\":\"2022-04-04T18:16:34+00:00\",\"description\":\"We offer a variety of services starting with a personalized consultation to target your concerns and expectations in a relaxing environment.\",\"breadcrumb\":{\"@id\":\"https:\/\/brisamedicspa.com\/fr\/le-spa\/#breadcrumb\"},\"inLanguage\":\"fr-FR\",\"potentialAction\":[{\"@type\":\"ReadAction\",\"target\":[\"https:\/\/brisamedicspa.com\/fr\/le-spa\/\"]}]},{\"@type\":\"BreadcrumbList\",\"@id\":\"https:\/\/brisamedicspa.com\/fr\/le-spa\/#breadcrumb\",\"itemListElement\":[{\"@type\":\"ListItem\",\"position\":1,\"name\":\"Home\",\"item\":\"https:\/\/brisamedicspa.com\/fr\/\"},{\"@type\":\"ListItem\",\"position\":2,\"name\":\"Le Spa\"}]},{\"@type\":\"WebSite\",\"@id\":\"https:\/\/brisamedicspa.com\/fr\/#website\",\"url\":\"https:\/\/brisamedicspa.com\/fr\/\",\"name\":\"Brisa MedicSpa\",\"description\":\"Spa in Gatineau and Aylmer\",\"potentialAction\":[{\"@type\":\"SearchAction\",\"target\":{\"@type\":\"EntryPoint\",\"urlTemplate\":\"https:\/\/brisamedicspa.com\/fr\/?s={search_term_string}\"},\"query-input\":{\"@type\":\"PropertyValueSpecification\",\"valueRequired\":true,\"valueName\":\"search_term_string\"}}],\"inLanguage\":\"fr-FR\"}]}<\/script>\n<!-- \/ Yoast SEO plugin. -->","yoast_head_json":{"title":"Spa in Gatineau and Aylmer - Spas in Gatineau - Brisa MedicSpa","description":"We offer a variety of services starting with a personalized consultation to target your concerns and expectations in a relaxing environment.","robots":{"index":"index","follow":"follow","max-snippet":"max-snippet:-1","max-image-preview":"max-image-preview:large","max-video-preview":"max-video-preview:-1"},"canonical":"https:\/\/brisamedicspa.com\/fr\/le-spa\/","og_locale":"fr_FR","og_type":"article","og_title":"Spa in Gatineau and Aylmer - Spas in Gatineau - Brisa MedicSpa","og_description":"We offer a variety of services starting with a personalized consultation to target your concerns and expectations in a relaxing environment.","og_url":"https:\/\/brisamedicspa.com\/fr\/le-spa\/","og_site_name":"Brisa MedicSpa","article_modified_time":"2022-04-04T18:16:34+00:00","twitter_card":"summary_large_image","twitter_misc":{"Est. reading time":"5 minutes"},"schema":{"@context":"https:\/\/schema.org","@graph":[{"@type":"WebPage","@id":"https:\/\/brisamedicspa.com\/fr\/le-spa\/","url":"https:\/\/brisamedicspa.com\/fr\/le-spa\/","name":"Spa in Gatineau and Aylmer - Spas in Gatineau - Brisa MedicSpa","isPartOf":{"@id":"https:\/\/brisamedicspa.com\/fr\/#website"},"datePublished":"2022-03-21T19:11:55+00:00","dateModified":"2022-04-04T18:16:34+00:00","description":"We offer a variety of services starting with a personalized consultation to target your concerns and expectations in a relaxing environment.","breadcrumb":{"@id":"https:\/\/brisamedicspa.com\/fr\/le-spa\/#breadcrumb"},"inLanguage":"fr-FR","potentialAction":[{"@type":"ReadAction","target":["https:\/\/brisamedicspa.com\/fr\/le-spa\/"]}]},{"@type":"BreadcrumbList","@id":"https:\/\/brisamedicspa.com\/fr\/le-spa\/#breadcrumb","itemListElement":[{"@type":"ListItem","position":1,"name":"Home","item":"https:\/\/brisamedicspa.com\/fr\/"},{"@type":"ListItem","position":2,"name":"Le Spa"}]},{"@type":"WebSite","@id":"https:\/\/brisamedicspa.com\/fr\/#website","url":"https:\/\/brisamedicspa.com\/fr\/","name":"Brisa MedicSpa","description":"Spa in Gatineau and Aylmer","potentialAction":[{"@type":"SearchAction","target":{"@type":"EntryPoint","urlTemplate":"https:\/\/brisamedicspa.com\/fr\/?s={search_term_string}"},"query-input":{"@type":"PropertyValueSpecification","valueRequired":true,"valueName":"search_term_string"}}],"inLanguage":"fr-FR"}]}},"_links":{"self":[{"href":"https:\/\/brisamedicspa.com\/fr\/wp-json\/wp\/v2\/pages\/238235","targetHints":{"allow":["GET"]}}],"collection":[{"href":"https:\/\/brisamedicspa.com\/fr\/wp-json\/wp\/v2\/pages"}],"about":[{"href":"https:\/\/brisamedicspa.com\/fr\/wp-json\/wp\/v2\/types\/page"}],"author":[{"embeddable":true,"href":"https:\/\/brisamedicspa.com\/fr\/wp-json\/wp\/v2\/users\/123457"}],"replies":[{"embeddable":true,"href":"https:\/\/brisamedicspa.com\/fr\/wp-json\/wp\/v2\/comments?post=238235"}],"version-history":[{"count":5,"href":"https:\/\/brisamedicspa.com\/fr\/wp-json\/wp\/v2\/pages\/238235\/revisions"}],"predecessor-version":[{"id":238280,"href":"https:\/\/brisamedicspa.com\/fr\/wp-json\/wp\/v2\/pages\/238235\/revisions\/238280"}],"wp:attachment":[{"href":"https:\/\/brisamedicspa.com\/fr\/wp-json\/wp\/v2\/media?parent=238235"}],"curies":[{"name":"wp","href":"https:\/\/api.w.org\/{rel}","templated":true}]}}