{"id":238955,"date":"2025-02-21T14:00:53","date_gmt":"2025-02-21T19:00:53","guid":{"rendered":"https:\/\/brisamedicspa.com\/?page_id=238955"},"modified":"2025-03-19T13:46:56","modified_gmt":"2025-03-19T17:46:56","slug":"prolift","status":"publish","type":"page","link":"https:\/\/brisamedicspa.com\/fr\/medico-esthetique\/prolift\/","title":{"rendered":"Prolift"},"content":{"rendered":"<p>[et_pb_section fb_built=&#8221;1&#8243; next_background_color=&#8221;#f6f4f2&#8243; _builder_version=&#8221;4.16&#8243; _module_preset=&#8221;default&#8221; background_color=&#8221;#dddcda&#8221; use_background_color_gradient=&#8221;on&#8221; background_color_gradient_direction=&#8221;90deg&#8221; background_color_gradient_stops=&#8221;#9d9d9c 9%|rgba(255,255,255,0) 60%&#8221; background_color_gradient_start=&#8221;#9d9d9c&#8221; background_color_gradient_start_position=&#8221;9%&#8221; background_color_gradient_end=&#8221;rgba(255,255,255,0)&#8221; background_color_gradient_end_position=&#8221;60%&#8221; background_image=&#8221;https:\/\/brisamedicspa.com\/wp-content\/uploads\/2022\/09\/2-Triton.jpg&#8221; background_position=&#8221;bottom_center&#8221; background_repeat=&#8221;repeat&#8221; background_blend=&#8221;overlay&#8221; custom_padding=&#8221;5vw||150px||false|false&#8221; bottom_divider_style=&#8221;ramp2&#8243; bottom_divider_height=&#8221;120px&#8221; bottom_divider_repeat=&#8221;1x&#8221; bottom_divider_flip=&#8221;horizontal|vertical&#8221; saved_tabs=&#8221;all&#8221; global_colors_info=&#8221;{}&#8221;][et_pb_row column_structure=&#8221;1_2,1_2&#8243; _builder_version=&#8221;4.16&#8243; _module_preset=&#8221;default&#8221; custom_padding=&#8221;100px||100px||true|&#8221; global_colors_info=&#8221;{}&#8221;][et_pb_column type=&#8221;1_2&#8243; _builder_version=&#8221;4.16&#8243; _module_preset=&#8221;default&#8221; global_colors_info=&#8221;{}&#8221;][et_pb_text _builder_version=&#8221;4.16&#8243; _dynamic_attributes=&#8221;content&#8221; _module_preset=&#8221;default&#8221; global_colors_info=&#8221;{}&#8221;]@ET-DC@eyJkeW5hbWljIjp0cnVlLCJjb250ZW50IjoicG9zdF90aXRsZSIsInNldHRpbmdzIjp7ImJlZm9yZSI6IjxoMT4iLCJhZnRlciI6IjwvaDE+IiwiZW5hYmxlX2h0bWwiOiJvZmYifX0=@[\/et_pb_text][\/et_pb_column][et_pb_column type=&#8221;1_2&#8243; _builder_version=&#8221;4.16&#8243; _module_preset=&#8221;default&#8221; global_colors_info=&#8221;{}&#8221;][\/et_pb_column][\/et_pb_row][\/et_pb_section][et_pb_section fb_built=&#8221;1&#8243; _builder_version=&#8221;4.27.4&#8243; _module_preset=&#8221;default&#8221; background_color=&#8221;#f6f4f2&#8243; custom_padding=&#8221;0px||0px||false|false&#8221; global_colors_info=&#8221;{}&#8221;][et_pb_row column_structure=&#8221;1_2,1_2&#8243; make_equal=&#8221;on&#8221; _builder_version=&#8221;4.16&#8243; _module_preset=&#8221;default&#8221; global_colors_info=&#8221;{}&#8221;][et_pb_column type=&#8221;1_2&#8243; _builder_version=&#8221;4.16&#8243; _module_preset=&#8221;default&#8221; background_color=&#8221;#FFFFFF&#8221; custom_padding=&#8221;50px|50px|50px|50px|true|true&#8221; custom_padding_tablet=&#8221;50px|50px|50px|50px|true|true&#8221; custom_padding_phone=&#8221;25px|25px|25px|25px|true|true&#8221; custom_padding_last_edited=&#8221;on|phone&#8221; scroll_vertical_motion_enable=&#8221;on&#8221; scroll_vertical_motion=&#8221;0|50|50|100|1|0|-1&#8243; global_colors_info=&#8221;{}&#8221;][et_pb_text _builder_version=&#8221;4.27.4&#8243; _module_preset=&#8221;default&#8221; custom_margin=&#8221;||||false|false&#8221; global_colors_info=&#8221;{}&#8221;]<\/p>\n<h4>Prolift RFM<\/h4>\n<p>[\/et_pb_text][et_pb_blurb title=&#8221;Technologie : Prolift RFM&#8221; use_icon=&#8221;on&#8221; font_icon=&#8221;&#x24;||divi||400&#8243; icon_color=&#8221;#DEBAA3&#8243; _builder_version=&#8221;4.27.4&#8243; _module_preset=&#8221;default&#8221; custom_margin=&#8221;||0px|||&#8221; global_colors_info=&#8221;{}&#8221;][\/et_pb_blurb][et_pb_blurb title=&#8221;Traitements : 3-4 s\u00e9ances&#8221; use_icon=&#8221;on&#8221; font_icon=&#8221;&#x24;||divi||400&#8243; icon_color=&#8221;#DEBAA3&#8243; _builder_version=&#8221;4.27.4&#8243; _module_preset=&#8221;default&#8221; custom_margin=&#8221;||0px|||&#8221; global_colors_info=&#8221;{}&#8221;][\/et_pb_blurb][et_pb_blurb title=&#8221;Intervalle: 4 \u00e0 6 semaines&#8221; use_icon=&#8221;on&#8221; font_icon=&#8221;&#x24;||divi||400&#8243; icon_color=&#8221;#DEBAA3&#8243; _builder_version=&#8221;4.27.4&#8243; _module_preset=&#8221;default&#8221; custom_margin=&#8221;||0px|||&#8221; global_colors_info=&#8221;{}&#8221;][\/et_pb_blurb][et_pb_text _builder_version=&#8221;4.27.4&#8243; _module_preset=&#8221;default&#8221; custom_margin=&#8221;30px||30px||true|false&#8221; global_colors_info=&#8221;{}&#8221;]<\/p>\n<p>Une solution de remodelage pour la peau. Une peau lisse et uniforme est un signe de jeunesse et de sant\u00e9, mais la conserver peut \u00eatre un d\u00e9fi en raison de l&#8217;acn\u00e9, des signes de vieillissement ou de marques telles que les cicatrices ou les vergetures.<\/p>\n<p>Le Prolift RFM (Radiofr\u00e9quence micro-aiguillage) r\u00e9pond \u00e0 ces pr\u00e9occupations tant pour le visage que pour le corps, en combinant les avantages du micro-aiguillage et de la RF pour aider la peau \u00e0 se remodeler et \u00e0 se r\u00e9parer de l&#8217;int\u00e9rieur. Les avantages du traitement comprennent une augmentation de l&#8217;\u00e9lasticit\u00e9 de la peau, une r\u00e9duction des rides et des ridules, une am\u00e9lioration du grain de la peau et une r\u00e9duction des cicatrices et des vergetures.<\/p>\n<p>[\/et_pb_text][\/et_pb_column][et_pb_column type=&#8221;1_2&#8243; _builder_version=&#8221;4.16&#8243; _module_preset=&#8221;default&#8221; global_colors_info=&#8221;{}&#8221;][et_pb_image src=&#8221;https:\/\/brisamedicspa.com\/wp-content\/uploads\/2025\/03\/IMG_1479.jpg&#8221; title_text=&#8221;IMG_1479&#8243; _builder_version=&#8221;4.27.4&#8243; _module_preset=&#8221;default&#8221; hover_enabled=&#8221;0&#8243; global_colors_info=&#8221;{}&#8221; sticky_enabled=&#8221;0&#8243;][\/et_pb_image][et_pb_image src=&#8221;https:\/\/brisamedicspa.com\/wp-content\/uploads\/2025\/03\/IMG_1477.jpg&#8221; _builder_version=&#8221;4.27.4&#8243; _module_preset=&#8221;default&#8221; theme_builder_area=&#8221;post_content&#8221; hover_enabled=&#8221;0&#8243; sticky_enabled=&#8221;0&#8243;][\/et_pb_image][\/et_pb_column][\/et_pb_row][et_pb_row column_structure=&#8221;1_2,1_2&#8243; make_equal=&#8221;on&#8221; _builder_version=&#8221;4.27.4&#8243; _module_preset=&#8221;default&#8221; global_colors_info=&#8221;{}&#8221;][et_pb_column type=&#8221;1_2&#8243; _builder_version=&#8221;4.16&#8243; _module_preset=&#8221;default&#8221; global_colors_info=&#8221;{}&#8221;][et_pb_image src=&#8221;https:\/\/brisamedicspa.com\/wp-content\/uploads\/2025\/03\/IMG_1445.jpg&#8221; title_text=&#8221;IMG_1445&#8243; _builder_version=&#8221;4.27.4&#8243; _module_preset=&#8221;default&#8221; hover_enabled=&#8221;0&#8243; global_colors_info=&#8221;{}&#8221; sticky_enabled=&#8221;0&#8243;][\/et_pb_image][et_pb_image src=&#8221;https:\/\/brisamedicspa.com\/wp-content\/uploads\/2025\/03\/IMG_1446.jpg&#8221; title_text=&#8221;IMG_1446&#8243; _builder_version=&#8221;4.27.4&#8243; _module_preset=&#8221;default&#8221; hover_enabled=&#8221;0&#8243; global_colors_info=&#8221;{}&#8221; sticky_enabled=&#8221;0&#8243;][\/et_pb_image][et_pb_image src=&#8221;https:\/\/brisamedicspa.com\/wp-content\/uploads\/2025\/03\/IMG_1447.jpg&#8221; title_text=&#8221;IMG_1447&#8243; _builder_version=&#8221;4.27.4&#8243; _module_preset=&#8221;default&#8221; hover_enabled=&#8221;0&#8243; global_colors_info=&#8221;{}&#8221; sticky_enabled=&#8221;0&#8243;][\/et_pb_image][\/et_pb_column][et_pb_column type=&#8221;1_2&#8243; _builder_version=&#8221;4.16&#8243; _module_preset=&#8221;default&#8221; background_color=&#8221;#FFFFFF&#8221; custom_padding=&#8221;50px|50px|50px|50px|true|true&#8221; custom_padding_tablet=&#8221;50px|50px|50px|50px|true|true&#8221; custom_padding_phone=&#8221;25px|25px|25px|25px|true|true&#8221; custom_padding_last_edited=&#8221;on|phone&#8221; scroll_vertical_motion_enable=&#8221;on&#8221; scroll_vertical_motion=&#8221;0|50|50|100|1|0|-1&#8243; global_colors_info=&#8221;{}&#8221;][et_pb_text _builder_version=&#8221;4.27.4&#8243; _module_preset=&#8221;default&#8221; custom_margin=&#8221;2px||||false|false&#8221; global_colors_info=&#8221;{}&#8221;]<\/p>\n<h4>Prolift HIFU<\/h4>\n<p>[\/et_pb_text][et_pb_blurb title=&#8221;Technologie : Prolift HIFU&#8221; use_icon=&#8221;on&#8221; font_icon=&#8221;&#x24;||divi||400&#8243; icon_color=&#8221;#DEBAA3&#8243; _builder_version=&#8221;4.27.4&#8243; _module_preset=&#8221;default&#8221; custom_margin=&#8221;||0px|||&#8221; global_colors_info=&#8221;{}&#8221;][\/et_pb_blurb][et_pb_blurb title=&#8221;Traitements : 1 \u00e0 2 s\u00e9ances&#8221; use_icon=&#8221;on&#8221; font_icon=&#8221;&#x24;||divi||400&#8243; icon_color=&#8221;#DEBAA3&#8243; _builder_version=&#8221;4.27.4&#8243; _module_preset=&#8221;default&#8221; custom_margin=&#8221;||0px|||&#8221; global_colors_info=&#8221;{}&#8221;][\/et_pb_blurb][et_pb_blurb title=&#8221;Intervalle : 4 semaines&#8221; use_icon=&#8221;on&#8221; font_icon=&#8221;&#x24;||divi||400&#8243; icon_color=&#8221;#DEBAA3&#8243; _builder_version=&#8221;4.27.4&#8243; _module_preset=&#8221;default&#8221; custom_margin=&#8221;||0px|||&#8221; global_colors_info=&#8221;{}&#8221;][\/et_pb_blurb][et_pb_text _builder_version=&#8221;4.16&#8243; _module_preset=&#8221;default&#8221; custom_margin=&#8221;30px||30px||true|false&#8221; global_colors_info=&#8221;{}&#8221;]<\/p>\n<p>Votre solution de lifting du visage. Alors que beaucoup de choses peuvent augmenter et s&#8217;am\u00e9liorer avec l&#8217;\u00e2ge (l&#8217;exp\u00e9rience, la sagesse et la s\u00e9curit\u00e9 financi\u00e8re)., la production de collag\u00e8ne n\u2019en fait malheureusement pas partie.<\/p>\n<p>Lorsque la peau renferme moins de collag\u00e8ne, sa structure s&#8217;affaiblit ce qui peut entra\u00eener l&#8217;apparence de rides, un affaissement du visage, cr\u00e9ant une apparence vieillie pour des personnes autrement en bonne sant\u00e9 et dynamique.<\/p>\n<p>Le HIFU PROLIFT peut redonner un air de jeunesse en utilisant la chaleur cr\u00e9\u00e9e par de l&#8217;\u00e9nergie ultrasonique focalis\u00e9e qui provoque la reconstitution du collag\u00e8ne et renouvellement cellulaire. Les r\u00e9sultats comprennent une \u00e9lasticit\u00e9 accrue, un resserrement et un lifting. Le tout sans chirurgie ni temps d&#8217;arr\u00eat.<\/p>\n<p>[\/et_pb_text][\/et_pb_column][\/et_pb_row][\/et_pb_section][et_pb_section fb_built=&#8221;1&#8243; theme_builder_area=&#8221;post_content&#8221; _builder_version=&#8221;4.27.4&#8243; _module_preset=&#8221;default&#8221;][et_pb_row _builder_version=&#8221;4.27.4&#8243; _module_preset=&#8221;default&#8221; theme_builder_area=&#8221;post_content&#8221;][et_pb_column _builder_version=&#8221;4.27.4&#8243; _module_preset=&#8221;default&#8221; theme_builder_area=&#8221;post_content&#8221; type=&#8221;4_4&#8243;][\/et_pb_column][\/et_pb_row][\/et_pb_section]<\/p>\n","protected":false},"excerpt":{"rendered":"<p>Prolift RFMUne solution de remodelage pour la peau. Une peau lisse et uniforme est un signe de jeunesse et de sant\u00e9, mais la conserver peut \u00eatre un d\u00e9fi en raison de l&#8217;acn\u00e9, des signes de vieillissement ou de marques telles que les cicatrices ou les vergetures. Le Prolift RFM (Radiofr\u00e9quence micro-aiguillage) r\u00e9pond \u00e0 ces pr\u00e9occupations [&hellip;]<\/p>\n","protected":false},"author":123457,"featured_media":237911,"parent":238241,"menu_order":0,"comment_status":"closed","ping_status":"closed","template":"","meta":{"_et_pb_use_builder":"on","_et_pb_old_content":"","_et_gb_content_width":"","footnotes":""},"class_list":["post-238955","page","type-page","status-publish","has-post-thumbnail","hentry"],"yoast_head":"<!-- This site is optimized with the Yoast SEO plugin v27.2 - https:\/\/yoast.com\/product\/yoast-seo-wordpress\/ -->\n<title>Prolift | Brisa MedicSpa<\/title>\n<meta name=\"description\" content=\"Prolift offre une technologie innovante pour lifter, raffermir et rajeunir la peau sans chirurgie. Retrouvez une apparence jeune et \u00e9clatante !\" \/>\n<meta name=\"robots\" content=\"index, follow, max-snippet:-1, max-image-preview:large, max-video-preview:-1\" \/>\n<link rel=\"canonical\" href=\"https:\/\/brisamedicspa.com\/fr\/medico-esthetique\/prolift\/\" \/>\n<meta property=\"og:locale\" content=\"fr_FR\" \/>\n<meta property=\"og:type\" content=\"article\" \/>\n<meta property=\"og:title\" content=\"Prolift | Brisa MedicSpa\" \/>\n<meta property=\"og:description\" content=\"Prolift offre une technologie innovante pour lifter, raffermir et rajeunir la peau sans chirurgie. Retrouvez une apparence jeune et \u00e9clatante !\" \/>\n<meta property=\"og:url\" content=\"https:\/\/brisamedicspa.com\/fr\/medico-esthetique\/prolift\/\" \/>\n<meta property=\"og:site_name\" content=\"Brisa MedicSpa\" \/>\n<meta property=\"article:modified_time\" content=\"2025-03-19T17:46:56+00:00\" \/>\n<meta property=\"og:image\" content=\"https:\/\/brisamedicspa.com\/wp-content\/uploads\/2022\/03\/Hair-Removal.jpg\" \/>\n\t<meta property=\"og:image:width\" content=\"1920\" \/>\n\t<meta property=\"og:image:height\" content=\"575\" \/>\n\t<meta property=\"og:image:type\" content=\"image\/jpeg\" \/>\n<meta name=\"twitter:card\" content=\"summary_large_image\" \/>\n<meta name=\"twitter:label1\" content=\"Est. reading time\" \/>\n\t<meta name=\"twitter:data1\" content=\"2 minutes\" \/>\n<script type=\"application\/ld+json\" class=\"yoast-schema-graph\">{\"@context\":\"https:\/\/schema.org\",\"@graph\":[{\"@type\":\"WebPage\",\"@id\":\"https:\/\/brisamedicspa.com\/fr\/medico-esthetique\/prolift\/\",\"url\":\"https:\/\/brisamedicspa.com\/fr\/medico-esthetique\/prolift\/\",\"name\":\"Prolift | Brisa MedicSpa\",\"isPartOf\":{\"@id\":\"https:\/\/brisamedicspa.com\/fr\/#website\"},\"primaryImageOfPage\":{\"@id\":\"https:\/\/brisamedicspa.com\/fr\/medico-esthetique\/prolift\/#primaryimage\"},\"image\":{\"@id\":\"https:\/\/brisamedicspa.com\/fr\/medico-esthetique\/prolift\/#primaryimage\"},\"thumbnailUrl\":\"https:\/\/brisamedicspa.com\/wp-content\/uploads\/2022\/03\/Hair-Removal.jpg\",\"datePublished\":\"2025-02-21T19:00:53+00:00\",\"dateModified\":\"2025-03-19T17:46:56+00:00\",\"description\":\"Prolift offre une technologie innovante pour lifter, raffermir et rajeunir la peau sans chirurgie. Retrouvez une apparence jeune et \u00e9clatante !\",\"breadcrumb\":{\"@id\":\"https:\/\/brisamedicspa.com\/fr\/medico-esthetique\/prolift\/#breadcrumb\"},\"inLanguage\":\"fr-FR\",\"potentialAction\":[{\"@type\":\"ReadAction\",\"target\":[\"https:\/\/brisamedicspa.com\/fr\/medico-esthetique\/prolift\/\"]}]},{\"@type\":\"ImageObject\",\"inLanguage\":\"fr-FR\",\"@id\":\"https:\/\/brisamedicspa.com\/fr\/medico-esthetique\/prolift\/#primaryimage\",\"url\":\"https:\/\/brisamedicspa.com\/wp-content\/uploads\/2022\/03\/Hair-Removal.jpg\",\"contentUrl\":\"https:\/\/brisamedicspa.com\/wp-content\/uploads\/2022\/03\/Hair-Removal.jpg\",\"width\":1920,\"height\":575},{\"@type\":\"BreadcrumbList\",\"@id\":\"https:\/\/brisamedicspa.com\/fr\/medico-esthetique\/prolift\/#breadcrumb\",\"itemListElement\":[{\"@type\":\"ListItem\",\"position\":1,\"name\":\"Home\",\"item\":\"https:\/\/brisamedicspa.com\/fr\/\"},{\"@type\":\"ListItem\",\"position\":2,\"name\":\"Esth\u00e9tique m\u00e9dicale\",\"item\":\"https:\/\/brisamedicspa.com\/fr\/medico-esthetique\/\"},{\"@type\":\"ListItem\",\"position\":3,\"name\":\"Prolift\"}]},{\"@type\":\"WebSite\",\"@id\":\"https:\/\/brisamedicspa.com\/fr\/#website\",\"url\":\"https:\/\/brisamedicspa.com\/fr\/\",\"name\":\"Brisa MedicSpa\",\"description\":\"Spa in Gatineau and Aylmer\",\"potentialAction\":[{\"@type\":\"SearchAction\",\"target\":{\"@type\":\"EntryPoint\",\"urlTemplate\":\"https:\/\/brisamedicspa.com\/fr\/?s={search_term_string}\"},\"query-input\":{\"@type\":\"PropertyValueSpecification\",\"valueRequired\":true,\"valueName\":\"search_term_string\"}}],\"inLanguage\":\"fr-FR\"}]}<\/script>\n<!-- \/ Yoast SEO plugin. -->","yoast_head_json":{"title":"Prolift | Brisa MedicSpa","description":"Prolift offre une technologie innovante pour lifter, raffermir et rajeunir la peau sans chirurgie. Retrouvez une apparence jeune et \u00e9clatante !","robots":{"index":"index","follow":"follow","max-snippet":"max-snippet:-1","max-image-preview":"max-image-preview:large","max-video-preview":"max-video-preview:-1"},"canonical":"https:\/\/brisamedicspa.com\/fr\/medico-esthetique\/prolift\/","og_locale":"fr_FR","og_type":"article","og_title":"Prolift | Brisa MedicSpa","og_description":"Prolift offre une technologie innovante pour lifter, raffermir et rajeunir la peau sans chirurgie. Retrouvez une apparence jeune et \u00e9clatante !","og_url":"https:\/\/brisamedicspa.com\/fr\/medico-esthetique\/prolift\/","og_site_name":"Brisa MedicSpa","article_modified_time":"2025-03-19T17:46:56+00:00","og_image":[{"width":1920,"height":575,"url":"https:\/\/brisamedicspa.com\/wp-content\/uploads\/2022\/03\/Hair-Removal.jpg","type":"image\/jpeg"}],"twitter_card":"summary_large_image","twitter_misc":{"Est. reading time":"2 minutes"},"schema":{"@context":"https:\/\/schema.org","@graph":[{"@type":"WebPage","@id":"https:\/\/brisamedicspa.com\/fr\/medico-esthetique\/prolift\/","url":"https:\/\/brisamedicspa.com\/fr\/medico-esthetique\/prolift\/","name":"Prolift | Brisa MedicSpa","isPartOf":{"@id":"https:\/\/brisamedicspa.com\/fr\/#website"},"primaryImageOfPage":{"@id":"https:\/\/brisamedicspa.com\/fr\/medico-esthetique\/prolift\/#primaryimage"},"image":{"@id":"https:\/\/brisamedicspa.com\/fr\/medico-esthetique\/prolift\/#primaryimage"},"thumbnailUrl":"https:\/\/brisamedicspa.com\/wp-content\/uploads\/2022\/03\/Hair-Removal.jpg","datePublished":"2025-02-21T19:00:53+00:00","dateModified":"2025-03-19T17:46:56+00:00","description":"Prolift offre une technologie innovante pour lifter, raffermir et rajeunir la peau sans chirurgie. Retrouvez une apparence jeune et \u00e9clatante !","breadcrumb":{"@id":"https:\/\/brisamedicspa.com\/fr\/medico-esthetique\/prolift\/#breadcrumb"},"inLanguage":"fr-FR","potentialAction":[{"@type":"ReadAction","target":["https:\/\/brisamedicspa.com\/fr\/medico-esthetique\/prolift\/"]}]},{"@type":"ImageObject","inLanguage":"fr-FR","@id":"https:\/\/brisamedicspa.com\/fr\/medico-esthetique\/prolift\/#primaryimage","url":"https:\/\/brisamedicspa.com\/wp-content\/uploads\/2022\/03\/Hair-Removal.jpg","contentUrl":"https:\/\/brisamedicspa.com\/wp-content\/uploads\/2022\/03\/Hair-Removal.jpg","width":1920,"height":575},{"@type":"BreadcrumbList","@id":"https:\/\/brisamedicspa.com\/fr\/medico-esthetique\/prolift\/#breadcrumb","itemListElement":[{"@type":"ListItem","position":1,"name":"Home","item":"https:\/\/brisamedicspa.com\/fr\/"},{"@type":"ListItem","position":2,"name":"Esth\u00e9tique m\u00e9dicale","item":"https:\/\/brisamedicspa.com\/fr\/medico-esthetique\/"},{"@type":"ListItem","position":3,"name":"Prolift"}]},{"@type":"WebSite","@id":"https:\/\/brisamedicspa.com\/fr\/#website","url":"https:\/\/brisamedicspa.com\/fr\/","name":"Brisa MedicSpa","description":"Spa in Gatineau and Aylmer","potentialAction":[{"@type":"SearchAction","target":{"@type":"EntryPoint","urlTemplate":"https:\/\/brisamedicspa.com\/fr\/?s={search_term_string}"},"query-input":{"@type":"PropertyValueSpecification","valueRequired":true,"valueName":"search_term_string"}}],"inLanguage":"fr-FR"}]}},"_links":{"self":[{"href":"https:\/\/brisamedicspa.com\/fr\/wp-json\/wp\/v2\/pages\/238955","targetHints":{"allow":["GET"]}}],"collection":[{"href":"https:\/\/brisamedicspa.com\/fr\/wp-json\/wp\/v2\/pages"}],"about":[{"href":"https:\/\/brisamedicspa.com\/fr\/wp-json\/wp\/v2\/types\/page"}],"author":[{"embeddable":true,"href":"https:\/\/brisamedicspa.com\/fr\/wp-json\/wp\/v2\/users\/123457"}],"replies":[{"embeddable":true,"href":"https:\/\/brisamedicspa.com\/fr\/wp-json\/wp\/v2\/comments?post=238955"}],"version-history":[{"count":8,"href":"https:\/\/brisamedicspa.com\/fr\/wp-json\/wp\/v2\/pages\/238955\/revisions"}],"predecessor-version":[{"id":239191,"href":"https:\/\/brisamedicspa.com\/fr\/wp-json\/wp\/v2\/pages\/238955\/revisions\/239191"}],"up":[{"embeddable":true,"href":"https:\/\/brisamedicspa.com\/fr\/wp-json\/wp\/v2\/pages\/238241"}],"wp:featuredmedia":[{"embeddable":true,"href":"https:\/\/brisamedicspa.com\/fr\/wp-json\/wp\/v2\/media\/237911"}],"wp:attachment":[{"href":"https:\/\/brisamedicspa.com\/fr\/wp-json\/wp\/v2\/media?parent=238955"}],"curies":[{"name":"wp","href":"https:\/\/api.w.org\/{rel}","templated":true}]}}