{"id":238971,"date":"2025-02-21T14:33:45","date_gmt":"2025-02-21T19:33:45","guid":{"rendered":"https:\/\/brisamedicspa.com\/?page_id=238971"},"modified":"2025-03-19T16:20:12","modified_gmt":"2025-03-19T20:20:12","slug":"laser-clarity","status":"publish","type":"page","link":"https:\/\/brisamedicspa.com\/fr\/medico-esthetique\/laser-clarity\/","title":{"rendered":"Laser Clarity 2"},"content":{"rendered":"<p>[et_pb_section fb_built=&#8221;1&#8243; disabled_on=&#8221;off|off|off&#8221; _builder_version=&#8221;4.16&#8243; _module_preset=&#8221;default&#8221; background_color=&#8221;#dddcda&#8221; use_background_color_gradient=&#8221;on&#8221; background_color_gradient_direction=&#8221;90deg&#8221; background_color_gradient_stops=&#8221;#000000 9%|rgba(255,255,255,0) 60%&#8221; background_color_gradient_start=&#8221;#000000&#8243; background_color_gradient_start_position=&#8221;9%&#8221; background_color_gradient_end=&#8221;rgba(255,255,255,0)&#8221; background_color_gradient_end_position=&#8221;60%&#8221; background_image=&#8221;https:\/\/brisamedicspa.com\/wp-content\/uploads\/2022\/09\/2-Triton.jpg&#8221; background_repeat=&#8221;repeat&#8221; background_blend=&#8221;overlay&#8221; custom_padding=&#8221;5vw||150px||false|false&#8221; bottom_divider_style=&#8221;ramp2&#8243; bottom_divider_color=&#8221;#DEBAA3&#8243; bottom_divider_height=&#8221;120px&#8221; bottom_divider_repeat=&#8221;1x&#8221; bottom_divider_flip=&#8221;horizontal|vertical&#8221; saved_tabs=&#8221;all&#8221; global_colors_info=&#8221;{}&#8221;][et_pb_row column_structure=&#8221;1_2,1_2&#8243; _builder_version=&#8221;4.16&#8243; _module_preset=&#8221;default&#8221; custom_padding=&#8221;100px||100px||true|&#8221; global_colors_info=&#8221;{}&#8221;][et_pb_column type=&#8221;1_2&#8243; _builder_version=&#8221;4.16&#8243; _module_preset=&#8221;default&#8221; global_colors_info=&#8221;{}&#8221;][et_pb_text _builder_version=&#8221;4.16&#8243; _dynamic_attributes=&#8221;content&#8221; _module_preset=&#8221;default&#8221; global_colors_info=&#8221;{}&#8221;]@ET-DC@eyJkeW5hbWljIjp0cnVlLCJjb250ZW50IjoicG9zdF90aXRsZSIsInNldHRpbmdzIjp7ImJlZm9yZSI6IjxoMT4iLCJhZnRlciI6IjwvaDE+In19@[\/et_pb_text][\/et_pb_column][et_pb_column type=&#8221;1_2&#8243; _builder_version=&#8221;4.16&#8243; _module_preset=&#8221;default&#8221; global_colors_info=&#8221;{}&#8221;][\/et_pb_column][\/et_pb_row][\/et_pb_section][et_pb_section fb_built=&#8221;1&#8243; _builder_version=&#8221;4.16&#8243; _module_preset=&#8221;default&#8221; background_color=&#8221;#DEBAA3&#8243; background_color_gradient_direction=&#8221;90deg&#8221; background_color_gradient_start=&#8221;#f5f5f5&#8243; background_color_gradient_end=&#8221;#ffffff&#8221; background_enable_image=&#8221;off&#8221; background_size=&#8221;contain&#8221; background_position=&#8221;bottom_right&#8221; custom_margin=&#8221;0px||0px||true|false&#8221; custom_padding=&#8221;0px||0px||true|false&#8221; locked=&#8221;off&#8221; global_colors_info=&#8221;{}&#8221;][et_pb_row column_structure=&#8221;1_2,1_2&#8243; make_equal=&#8221;on&#8221; _builder_version=&#8221;4.16&#8243; _module_preset=&#8221;default&#8221; custom_margin=&#8221;||||true|false&#8221; custom_padding=&#8221;18px||18px||true|false&#8221; locked=&#8221;off&#8221; global_colors_info=&#8221;{}&#8221;][et_pb_column type=&#8221;1_2&#8243; _builder_version=&#8221;4.16&#8243; _module_preset=&#8221;default&#8221; global_colors_info=&#8221;{}&#8221;][et_pb_text _builder_version=&#8221;4.27.4&#8243; _module_preset=&#8221;default&#8221; header_2_font=&#8221;Cormorant Garamond|700|||||||&#8221; header_2_font_size=&#8221;34px&#8221; global_colors_info=&#8221;{}&#8221;]<\/p>\n<h2>LESIONS VASCULAIRES<\/h2>\n<p>Les traitements vasculaires Clarity II, sont extr\u00eamement efficaces pour r\u00e9duire l\u2019apparence de rougeur, veines superficielles et l\u00e9sions vasculaires.<\/p>\n<p>Clarity II utilise l&#8217;\u00e9nergie laser qui est absorb\u00e9e par le vaisseau sanguin et convertie en chaleur, ce qui cause la r\u00e9duction ou l&#8217;\u00e9limination de leurs apparences.<\/p>\n<p>Les l\u00e9sions vasculaires proviennent de sources naturelles et environnementales incluant, lentigo solaire, g\u00e9n\u00e9tique ou le vieillissement de la peau. Clarity est reconnue pour traiter plusieurs conditions vasculaires telles que, la rosac\u00e9e, la couperose, t\u00e9langiectasies, veines araign\u00e9es, lac veineux, tache de vin et angiomes.<\/p>\n<p>[\/et_pb_text][et_pb_blurb title=&#8221;Traitements : 1-3 sessions&#8221; use_icon=&#8221;on&#8221; font_icon=&#8221;&#x24;||divi||400&#8243; icon_color=&#8221;#000000&#8243; image_icon_background_color=&#8221;RGBA(255,255,255,0)&#8221; _builder_version=&#8221;4.27.4&#8243; _module_preset=&#8221;default&#8221; custom_margin=&#8221;||0px|||&#8221; global_colors_info=&#8221;{}&#8221;][\/et_pb_blurb][et_pb_blurb title=&#8221;Intervalle : 4 semaines&#8221; use_icon=&#8221;on&#8221; font_icon=&#8221;&#x24;||divi||400&#8243; icon_color=&#8221;#000000&#8243; image_icon_background_color=&#8221;RGBA(255,255,255,0)&#8221; _builder_version=&#8221;4.27.4&#8243; _module_preset=&#8221;default&#8221; custom_margin=&#8221;||0px|||&#8221; global_colors_info=&#8221;{}&#8221;][\/et_pb_blurb][et_pb_image src=&#8221;https:\/\/brisamedicspa.com\/wp-content\/uploads\/2025\/02\/facial-vascular.jpg&#8221; title_text=&#8221;facial-vascular&#8221; _builder_version=&#8221;4.27.4&#8243; _module_preset=&#8221;default&#8221; global_colors_info=&#8221;{}&#8221;][\/et_pb_image][et_pb_image src=&#8221;https:\/\/brisamedicspa.com\/wp-content\/uploads\/2025\/02\/facial-vascular-2.jpg&#8221; title_text=&#8221;facial-vascular-2&#8243; _builder_version=&#8221;4.27.4&#8243; _module_preset=&#8221;default&#8221; global_colors_info=&#8221;{}&#8221;][\/et_pb_image][\/et_pb_column][et_pb_column type=&#8221;1_2&#8243; _builder_version=&#8221;4.16&#8243; _module_preset=&#8221;default&#8221; background_enable_image=&#8221;off&#8221; global_colors_info=&#8221;{}&#8221;][et_pb_image src=&#8221;https:\/\/brisamedicspa.com\/wp-content\/uploads\/2025\/02\/angioma.jpg&#8221; title_text=&#8221;angioma&#8221; _builder_version=&#8221;4.27.4&#8243; _module_preset=&#8221;default&#8221; scroll_vertical_motion_enable=&#8221;on&#8221; scroll_vertical_motion=&#8221;0|50|50|100|1|0|-1&#8243; global_colors_info=&#8221;{}&#8221;][\/et_pb_image][et_pb_image src=&#8221;https:\/\/brisamedicspa.com\/wp-content\/uploads\/2025\/02\/venous-lake.jpg&#8221; title_text=&#8221;venous-lake&#8221; _builder_version=&#8221;4.27.4&#8243; _module_preset=&#8221;default&#8221; global_colors_info=&#8221;{}&#8221;][\/et_pb_image][et_pb_image src=&#8221;https:\/\/brisamedicspa.com\/wp-content\/uploads\/2025\/02\/leg-veins.jpg&#8221; title_text=&#8221;leg-veins&#8221; _builder_version=&#8221;4.27.4&#8243; _module_preset=&#8221;default&#8221; scroll_vertical_motion_enable=&#8221;on&#8221; scroll_vertical_motion=&#8221;0|50|50|100|1|0|-1&#8243; global_colors_info=&#8221;{}&#8221;][\/et_pb_image][\/et_pb_column][\/et_pb_row][\/et_pb_section][et_pb_section fb_built=&#8221;1&#8243; admin_label=&#8221;Mission&#8221; _builder_version=&#8221;4.16&#8243; background_color=&#8221;#9D9D9C&#8221; use_background_color_gradient=&#8221;on&#8221; background_color_gradient_stops=&#8221;#9d9d9c 50%|#9d9d9c 50%&#8221; background_color_gradient_start=&#8221;#9d9d9c&#8221; background_color_gradient_start_position=&#8221;50%&#8221; background_color_gradient_end=&#8221;#9d9d9c&#8221; background_color_gradient_end_position=&#8221;0%&#8221; background_enable_image=&#8221;off&#8221; background_size=&#8221;initial&#8221; background_position=&#8221;center_left&#8221; locked=&#8221;off&#8221; global_colors_info=&#8221;{}&#8221;][et_pb_row column_structure=&#8221;1_2,1_2&#8243; _builder_version=&#8221;4.16&#8243; background_color=&#8221;#FFFFFF&#8221; custom_padding=&#8221;||||false|false&#8221; locked=&#8221;off&#8221; global_colors_info=&#8221;{}&#8221;][et_pb_column type=&#8221;1_2&#8243; _builder_version=&#8221;4.16&#8243; background_color=&#8221;#ffffff&#8221; custom_padding=&#8221;20px|20px|20px|20px|true|true&#8221; global_colors_info=&#8221;{}&#8221;][et_pb_text _builder_version=&#8221;4.27.4&#8243; text_font_size=&#8221;18px&#8221; header_4_font=&#8221;Cormorant Garamond||||||||&#8221; header_4_text_color=&#8221;#0b1115&#8243; header_4_font_size=&#8221;34px&#8221; custom_padding=&#8221;0px|0px|0px|0px|false|false&#8221; global_colors_info=&#8221;{}&#8221;]<\/p>\n<h4>L\u00c9SIONS PIGMENTAIRES<\/h4>\n<p>L&#8217;\u00e9nergie laser Clarity II, cible les l\u00e9sions pigmentaires dans les couches superficielles de la peau pour r\u00e9duire l\u2019apparence ou l&#8217;\u00e9liminer.<\/p>\n<p>Taches de vieillissement, tache de rousseurs, tache de naissance et autres l\u00e9sions pigmentaires b\u00e9nignes peuvent survenir de plusieurs facteurs soit naturels ou environnementaux. Elles peuvent \u00eatre vari\u00e9es en dimensions, formes ou pr\u00e9valence dans de nombreux endroits. Clarity est reconnu pour s\u00e9curitairement r\u00e9duire ou \u00e9liminer ces pigments sur tous les types de peau.<\/p>\n<p>[\/et_pb_text][et_pb_blurb title=&#8221;Traitements : 1-3 sessions&#8221; use_icon=&#8221;on&#8221; font_icon=&#8221;&#x24;||divi||400&#8243; icon_color=&#8221;#DEBAA3&#8243; _builder_version=&#8221;4.27.4&#8243; _module_preset=&#8221;default&#8221; custom_margin=&#8221;||0px|||&#8221; global_colors_info=&#8221;{}&#8221;][\/et_pb_blurb][et_pb_blurb title=&#8221;Intervalle : 4 semaines&#8221; use_icon=&#8221;on&#8221; font_icon=&#8221;&#x24;||divi||400&#8243; icon_color=&#8221;#DEBAA3&#8243; _builder_version=&#8221;4.27.4&#8243; _module_preset=&#8221;default&#8221; custom_margin=&#8221;||0px|||&#8221; global_colors_info=&#8221;{}&#8221;][\/et_pb_blurb][\/et_pb_column][et_pb_column type=&#8221;1_2&#8243; _builder_version=&#8221;4.16&#8243; _module_preset=&#8221;default&#8221; background_color=&#8221;#FFFFFF&#8221; global_colors_info=&#8221;{}&#8221;][et_pb_image src=&#8221;https:\/\/brisamedicspa.com\/wp-content\/uploads\/2025\/02\/facial-toning.jpg&#8221; title_text=&#8221;facial-toning&#8221; _builder_version=&#8221;4.27.4&#8243; _module_preset=&#8221;default&#8221; global_colors_info=&#8221;{}&#8221;][\/et_pb_image][\/et_pb_column][\/et_pb_row][\/et_pb_section][et_pb_section fb_built=&#8221;1&#8243; _builder_version=&#8221;4.16&#8243; _module_preset=&#8221;default&#8221; background_color=&#8221;#DEBAA3&#8243; global_colors_info=&#8221;{}&#8221;][et_pb_row column_structure=&#8221;1_2,1_2&#8243; make_equal=&#8221;on&#8221; _builder_version=&#8221;4.27.4&#8243; _module_preset=&#8221;default&#8221; locked=&#8221;off&#8221; global_colors_info=&#8221;{}&#8221;][et_pb_column type=&#8221;1_2&#8243; _builder_version=&#8221;4.16&#8243; _module_preset=&#8221;default&#8221; global_colors_info=&#8221;{}&#8221;][et_pb_text _builder_version=&#8221;4.27.4&#8243; _module_preset=&#8221;default&#8221; header_2_font=&#8221;Cormorant Garamond|700|||||||&#8221; header_2_font_size=&#8221;34px&#8221; global_colors_info=&#8221;{}&#8221;]<\/p>\n<h2>EPILATION LASER<\/h2>\n<p>L&#8217;\u00e9pilation laser Clarity II est une fa\u00e7on efficace non-invasive pour obtenir une r\u00e9duction de la pilosit\u00e9.<\/p>\n<p>Avec deux longueurs d\u2019ondes disponibles, Clarity II offre des r\u00e9sultats s\u00e9curitaires et efficaces pour tous les types de peau.<\/p>\n<p>Ces plateformes digitalement op\u00e9r\u00e9es permettent le contr\u00f4le pr\u00e9cis des traitements et une versatilit\u00e9 exceptionnelle pour \u00e9galement adresser d\u2019autres probl\u00e9matiques esth\u00e9tiques.<\/p>\n<p>Vos traitements sont personnalis\u00e9s permettant d\u2019obtenir et de rencontrer vos besoins sp\u00e9cifiques, en toute s\u00e9curit\u00e9 et confort.<\/p>\n<p>[\/et_pb_text][et_pb_blurb title=&#8221;Traitements : 5-8 sessions&#8221; use_icon=&#8221;on&#8221; font_icon=&#8221;&#x24;||divi||400&#8243; icon_color=&#8221;#000000&#8243; _builder_version=&#8221;4.27.4&#8243; _module_preset=&#8221;default&#8221; custom_margin=&#8221;||0px|||&#8221; global_colors_info=&#8221;{}&#8221;][\/et_pb_blurb][et_pb_blurb title=&#8221;Intervalle : 4 \u00e0 8 semaines&#8221; use_icon=&#8221;on&#8221; font_icon=&#8221;&#x24;||divi||400&#8243; icon_color=&#8221;#000000&#8243; _builder_version=&#8221;4.27.4&#8243; _module_preset=&#8221;default&#8221; custom_margin=&#8221;||0px|||&#8221; global_colors_info=&#8221;{}&#8221;][\/et_pb_blurb][\/et_pb_column][et_pb_column type=&#8221;1_2&#8243; _builder_version=&#8221;4.16&#8243; _module_preset=&#8221;default&#8221; global_colors_info=&#8221;{}&#8221;][et_pb_image src=&#8221;https:\/\/brisamedicspa.com\/wp-content\/uploads\/2025\/02\/epilation-laser.jpg&#8221; title_text=&#8221;epilation-laser&#8221; _builder_version=&#8221;4.27.4&#8243; _module_preset=&#8221;default&#8221; scroll_vertical_motion_enable=&#8221;on&#8221; scroll_vertical_motion=&#8221;0|50|50|100|1|0|-1&#8243; global_colors_info=&#8221;{}&#8221;][\/et_pb_image][\/et_pb_column][\/et_pb_row][\/et_pb_section]<\/p>\n","protected":false},"excerpt":{"rendered":"<p>LESIONS VASCULAIRES Les traitements vasculaires Clarity II, sont extr\u00eamement efficaces pour r\u00e9duire l\u2019apparence de rougeur, veines superficielles et l\u00e9sions vasculaires. Clarity II utilise l&#8217;\u00e9nergie laser qui est absorb\u00e9e par le vaisseau sanguin et convertie en chaleur, ce qui cause la r\u00e9duction ou l&#8217;\u00e9limination de leurs apparences. Les l\u00e9sions vasculaires proviennent de sources naturelles et environnementales [&hellip;]<\/p>\n","protected":false},"author":123457,"featured_media":237913,"parent":238241,"menu_order":0,"comment_status":"closed","ping_status":"closed","template":"","meta":{"_et_pb_use_builder":"on","_et_pb_old_content":"","_et_gb_content_width":"","footnotes":""},"class_list":["post-238971","page","type-page","status-publish","has-post-thumbnail","hentry"],"yoast_head":"<!-- This site is optimized with the Yoast SEO plugin v27.2 - https:\/\/yoast.com\/product\/yoast-seo-wordpress\/ -->\n<title>Laser Clarity II \u2013 Technologie Laser Avanc\u00e9e |\u00a0Brisa MedicSpa<\/title>\n<meta name=\"description\" content=\"D\u00e9couvrez Laser Clarity II, une technologie laser de pointe pour le rajeunissement de la peau, la correction des taches pigmentaires et un teint parfait.\" \/>\n<meta name=\"robots\" content=\"index, follow, max-snippet:-1, max-image-preview:large, max-video-preview:-1\" \/>\n<link rel=\"canonical\" href=\"https:\/\/brisamedicspa.com\/fr\/medico-esthetique\/laser-clarity\/\" \/>\n<meta property=\"og:locale\" content=\"fr_FR\" \/>\n<meta property=\"og:type\" content=\"article\" \/>\n<meta property=\"og:title\" content=\"Laser Clarity II \u2013 Technologie Laser Avanc\u00e9e |\u00a0Brisa MedicSpa\" \/>\n<meta property=\"og:description\" content=\"D\u00e9couvrez Laser Clarity II, une technologie laser de pointe pour le rajeunissement de la peau, la correction des taches pigmentaires et un teint parfait.\" \/>\n<meta property=\"og:url\" content=\"https:\/\/brisamedicspa.com\/fr\/medico-esthetique\/laser-clarity\/\" \/>\n<meta property=\"og:site_name\" content=\"Brisa MedicSpa\" \/>\n<meta property=\"article:modified_time\" content=\"2025-03-19T20:20:12+00:00\" \/>\n<meta property=\"og:image\" content=\"https:\/\/brisamedicspa.com\/wp-content\/uploads\/2022\/03\/Veins.jpg\" \/>\n\t<meta property=\"og:image:width\" content=\"1920\" \/>\n\t<meta property=\"og:image:height\" content=\"575\" \/>\n\t<meta property=\"og:image:type\" content=\"image\/jpeg\" \/>\n<meta name=\"twitter:card\" content=\"summary_large_image\" \/>\n<meta name=\"twitter:label1\" content=\"Est. reading time\" \/>\n\t<meta name=\"twitter:data1\" content=\"3 minutes\" \/>\n<script type=\"application\/ld+json\" class=\"yoast-schema-graph\">{\"@context\":\"https:\/\/schema.org\",\"@graph\":[{\"@type\":\"WebPage\",\"@id\":\"https:\/\/brisamedicspa.com\/fr\/medico-esthetique\/laser-clarity\/\",\"url\":\"https:\/\/brisamedicspa.com\/fr\/medico-esthetique\/laser-clarity\/\",\"name\":\"Laser Clarity II \u2013 Technologie Laser Avanc\u00e9e |\u00a0Brisa MedicSpa\",\"isPartOf\":{\"@id\":\"https:\/\/brisamedicspa.com\/fr\/#website\"},\"primaryImageOfPage\":{\"@id\":\"https:\/\/brisamedicspa.com\/fr\/medico-esthetique\/laser-clarity\/#primaryimage\"},\"image\":{\"@id\":\"https:\/\/brisamedicspa.com\/fr\/medico-esthetique\/laser-clarity\/#primaryimage\"},\"thumbnailUrl\":\"https:\/\/brisamedicspa.com\/wp-content\/uploads\/2022\/03\/Veins.jpg\",\"datePublished\":\"2025-02-21T19:33:45+00:00\",\"dateModified\":\"2025-03-19T20:20:12+00:00\",\"description\":\"D\u00e9couvrez Laser Clarity II, une technologie laser de pointe pour le rajeunissement de la peau, la correction des taches pigmentaires et un teint parfait.\",\"breadcrumb\":{\"@id\":\"https:\/\/brisamedicspa.com\/fr\/medico-esthetique\/laser-clarity\/#breadcrumb\"},\"inLanguage\":\"fr-FR\",\"potentialAction\":[{\"@type\":\"ReadAction\",\"target\":[\"https:\/\/brisamedicspa.com\/fr\/medico-esthetique\/laser-clarity\/\"]}]},{\"@type\":\"ImageObject\",\"inLanguage\":\"fr-FR\",\"@id\":\"https:\/\/brisamedicspa.com\/fr\/medico-esthetique\/laser-clarity\/#primaryimage\",\"url\":\"https:\/\/brisamedicspa.com\/wp-content\/uploads\/2022\/03\/Veins.jpg\",\"contentUrl\":\"https:\/\/brisamedicspa.com\/wp-content\/uploads\/2022\/03\/Veins.jpg\",\"width\":1920,\"height\":575},{\"@type\":\"BreadcrumbList\",\"@id\":\"https:\/\/brisamedicspa.com\/fr\/medico-esthetique\/laser-clarity\/#breadcrumb\",\"itemListElement\":[{\"@type\":\"ListItem\",\"position\":1,\"name\":\"Home\",\"item\":\"https:\/\/brisamedicspa.com\/fr\/\"},{\"@type\":\"ListItem\",\"position\":2,\"name\":\"Esth\u00e9tique m\u00e9dicale\",\"item\":\"https:\/\/brisamedicspa.com\/fr\/medico-esthetique\/\"},{\"@type\":\"ListItem\",\"position\":3,\"name\":\"Laser Clarity 2\"}]},{\"@type\":\"WebSite\",\"@id\":\"https:\/\/brisamedicspa.com\/fr\/#website\",\"url\":\"https:\/\/brisamedicspa.com\/fr\/\",\"name\":\"Brisa MedicSpa\",\"description\":\"Spa in Gatineau and Aylmer\",\"potentialAction\":[{\"@type\":\"SearchAction\",\"target\":{\"@type\":\"EntryPoint\",\"urlTemplate\":\"https:\/\/brisamedicspa.com\/fr\/?s={search_term_string}\"},\"query-input\":{\"@type\":\"PropertyValueSpecification\",\"valueRequired\":true,\"valueName\":\"search_term_string\"}}],\"inLanguage\":\"fr-FR\"}]}<\/script>\n<!-- \/ Yoast SEO plugin. -->","yoast_head_json":{"title":"Laser Clarity II \u2013 Technologie Laser Avanc\u00e9e |\u00a0Brisa MedicSpa","description":"D\u00e9couvrez Laser Clarity II, une technologie laser de pointe pour le rajeunissement de la peau, la correction des taches pigmentaires et un teint parfait.","robots":{"index":"index","follow":"follow","max-snippet":"max-snippet:-1","max-image-preview":"max-image-preview:large","max-video-preview":"max-video-preview:-1"},"canonical":"https:\/\/brisamedicspa.com\/fr\/medico-esthetique\/laser-clarity\/","og_locale":"fr_FR","og_type":"article","og_title":"Laser Clarity II \u2013 Technologie Laser Avanc\u00e9e |\u00a0Brisa MedicSpa","og_description":"D\u00e9couvrez Laser Clarity II, une technologie laser de pointe pour le rajeunissement de la peau, la correction des taches pigmentaires et un teint parfait.","og_url":"https:\/\/brisamedicspa.com\/fr\/medico-esthetique\/laser-clarity\/","og_site_name":"Brisa MedicSpa","article_modified_time":"2025-03-19T20:20:12+00:00","og_image":[{"width":1920,"height":575,"url":"https:\/\/brisamedicspa.com\/wp-content\/uploads\/2022\/03\/Veins.jpg","type":"image\/jpeg"}],"twitter_card":"summary_large_image","twitter_misc":{"Est. reading time":"3 minutes"},"schema":{"@context":"https:\/\/schema.org","@graph":[{"@type":"WebPage","@id":"https:\/\/brisamedicspa.com\/fr\/medico-esthetique\/laser-clarity\/","url":"https:\/\/brisamedicspa.com\/fr\/medico-esthetique\/laser-clarity\/","name":"Laser Clarity II \u2013 Technologie Laser Avanc\u00e9e |\u00a0Brisa MedicSpa","isPartOf":{"@id":"https:\/\/brisamedicspa.com\/fr\/#website"},"primaryImageOfPage":{"@id":"https:\/\/brisamedicspa.com\/fr\/medico-esthetique\/laser-clarity\/#primaryimage"},"image":{"@id":"https:\/\/brisamedicspa.com\/fr\/medico-esthetique\/laser-clarity\/#primaryimage"},"thumbnailUrl":"https:\/\/brisamedicspa.com\/wp-content\/uploads\/2022\/03\/Veins.jpg","datePublished":"2025-02-21T19:33:45+00:00","dateModified":"2025-03-19T20:20:12+00:00","description":"D\u00e9couvrez Laser Clarity II, une technologie laser de pointe pour le rajeunissement de la peau, la correction des taches pigmentaires et un teint parfait.","breadcrumb":{"@id":"https:\/\/brisamedicspa.com\/fr\/medico-esthetique\/laser-clarity\/#breadcrumb"},"inLanguage":"fr-FR","potentialAction":[{"@type":"ReadAction","target":["https:\/\/brisamedicspa.com\/fr\/medico-esthetique\/laser-clarity\/"]}]},{"@type":"ImageObject","inLanguage":"fr-FR","@id":"https:\/\/brisamedicspa.com\/fr\/medico-esthetique\/laser-clarity\/#primaryimage","url":"https:\/\/brisamedicspa.com\/wp-content\/uploads\/2022\/03\/Veins.jpg","contentUrl":"https:\/\/brisamedicspa.com\/wp-content\/uploads\/2022\/03\/Veins.jpg","width":1920,"height":575},{"@type":"BreadcrumbList","@id":"https:\/\/brisamedicspa.com\/fr\/medico-esthetique\/laser-clarity\/#breadcrumb","itemListElement":[{"@type":"ListItem","position":1,"name":"Home","item":"https:\/\/brisamedicspa.com\/fr\/"},{"@type":"ListItem","position":2,"name":"Esth\u00e9tique m\u00e9dicale","item":"https:\/\/brisamedicspa.com\/fr\/medico-esthetique\/"},{"@type":"ListItem","position":3,"name":"Laser Clarity 2"}]},{"@type":"WebSite","@id":"https:\/\/brisamedicspa.com\/fr\/#website","url":"https:\/\/brisamedicspa.com\/fr\/","name":"Brisa MedicSpa","description":"Spa in Gatineau and Aylmer","potentialAction":[{"@type":"SearchAction","target":{"@type":"EntryPoint","urlTemplate":"https:\/\/brisamedicspa.com\/fr\/?s={search_term_string}"},"query-input":{"@type":"PropertyValueSpecification","valueRequired":true,"valueName":"search_term_string"}}],"inLanguage":"fr-FR"}]}},"_links":{"self":[{"href":"https:\/\/brisamedicspa.com\/fr\/wp-json\/wp\/v2\/pages\/238971","targetHints":{"allow":["GET"]}}],"collection":[{"href":"https:\/\/brisamedicspa.com\/fr\/wp-json\/wp\/v2\/pages"}],"about":[{"href":"https:\/\/brisamedicspa.com\/fr\/wp-json\/wp\/v2\/types\/page"}],"author":[{"embeddable":true,"href":"https:\/\/brisamedicspa.com\/fr\/wp-json\/wp\/v2\/users\/123457"}],"replies":[{"embeddable":true,"href":"https:\/\/brisamedicspa.com\/fr\/wp-json\/wp\/v2\/comments?post=238971"}],"version-history":[{"count":10,"href":"https:\/\/brisamedicspa.com\/fr\/wp-json\/wp\/v2\/pages\/238971\/revisions"}],"predecessor-version":[{"id":239205,"href":"https:\/\/brisamedicspa.com\/fr\/wp-json\/wp\/v2\/pages\/238971\/revisions\/239205"}],"up":[{"embeddable":true,"href":"https:\/\/brisamedicspa.com\/fr\/wp-json\/wp\/v2\/pages\/238241"}],"wp:featuredmedia":[{"embeddable":true,"href":"https:\/\/brisamedicspa.com\/fr\/wp-json\/wp\/v2\/media\/237913"}],"wp:attachment":[{"href":"https:\/\/brisamedicspa.com\/fr\/wp-json\/wp\/v2\/media?parent=238971"}],"curies":[{"name":"wp","href":"https:\/\/api.w.org\/{rel}","templated":true}]}}