{"id":239030,"date":"2025-02-25T08:51:47","date_gmt":"2025-02-25T13:51:47","guid":{"rendered":"https:\/\/brisamedicspa.com\/?page_id=239030"},"modified":"2025-03-20T09:01:09","modified_gmt":"2025-03-20T13:01:09","slug":"dp4-microneedling","status":"publish","type":"page","link":"https:\/\/brisamedicspa.com\/fr\/medico-esthetique\/dp4-microneedling\/","title":{"rendered":"Dp4 microneedling"},"content":{"rendered":"<p>[et_pb_section fb_built=&#8221;1&#8243; next_background_color=&#8221;#f6f4f2&#8243; _builder_version=&#8221;4.27.4&#8243; _module_preset=&#8221;default&#8221; background_color=&#8221;#dddcda&#8221; use_background_color_gradient=&#8221;on&#8221; background_color_gradient_direction=&#8221;90deg&#8221; background_color_gradient_stops=&#8221;#333333 9%|rgba(255,255,255,0) 60%&#8221; background_color_gradient_start=&#8221;#333333&#8243; background_color_gradient_start_position=&#8221;9%&#8221; background_color_gradient_end=&#8221;rgba(255,255,255,0)&#8221; background_color_gradient_end_position=&#8221;60%&#8221; background_image=&#8221;https:\/\/brisamedicspa.com\/wp-content\/uploads\/2025\/03\/dp4txcmyk_VLdD.webp&#8221; background_repeat=&#8221;repeat&#8221; background_blend=&#8221;overlay&#8221; custom_padding=&#8221;5vw||150px||false|false&#8221; bottom_divider_style=&#8221;ramp2&#8243; bottom_divider_height=&#8221;120px&#8221; bottom_divider_repeat=&#8221;1x&#8221; bottom_divider_flip=&#8221;horizontal|vertical&#8221; saved_tabs=&#8221;all&#8221; global_colors_info=&#8221;{}&#8221;][et_pb_row column_structure=&#8221;1_2,1_2&#8243; _builder_version=&#8221;4.16&#8243; _module_preset=&#8221;default&#8221; custom_padding=&#8221;100px||100px||true|&#8221; global_colors_info=&#8221;{}&#8221;][et_pb_column type=&#8221;1_2&#8243; _builder_version=&#8221;4.16&#8243; _module_preset=&#8221;default&#8221; global_colors_info=&#8221;{}&#8221;][et_pb_text _builder_version=&#8221;4.16&#8243; _dynamic_attributes=&#8221;content&#8221; _module_preset=&#8221;default&#8221; global_colors_info=&#8221;{}&#8221;]@ET-DC@eyJkeW5hbWljIjp0cnVlLCJjb250ZW50IjoicG9zdF90aXRsZSIsInNldHRpbmdzIjp7ImJlZm9yZSI6IjxoMT4iLCJhZnRlciI6IjwvaDE+In19@[\/et_pb_text][\/et_pb_column][et_pb_column type=&#8221;1_2&#8243; _builder_version=&#8221;4.16&#8243; _module_preset=&#8221;default&#8221; global_colors_info=&#8221;{}&#8221;][\/et_pb_column][\/et_pb_row][\/et_pb_section][et_pb_section fb_built=&#8221;1&#8243; _builder_version=&#8221;4.27.4&#8243; _module_preset=&#8221;default&#8221; background_color=&#8221;#f6f4f2&#8243; custom_margin=&#8221;||0px||false|false&#8221; custom_padding=&#8221;0px||0px||false|false&#8221; global_colors_info=&#8221;{}&#8221;][et_pb_row column_structure=&#8221;1_2,1_2&#8243; make_equal=&#8221;on&#8221; _builder_version=&#8221;4.16&#8243; _module_preset=&#8221;default&#8221; custom_margin=&#8221;0px||0px||true|false&#8221; custom_padding=&#8221;0px||0px||true|false&#8221; global_colors_info=&#8221;{}&#8221;][et_pb_column type=&#8221;1_2&#8243; _builder_version=&#8221;4.16&#8243; _module_preset=&#8221;default&#8221; background_color=&#8221;#FFFFFF&#8221; custom_padding=&#8221;50px|50px|50px|50px|true|true&#8221; scroll_vertical_motion_enable=&#8221;on&#8221; scroll_vertical_motion=&#8221;0|50|50|100|1|0|-1&#8243; global_colors_info=&#8221;{}&#8221;][et_pb_text _builder_version=&#8221;4.16&#8243; _module_preset=&#8221;default&#8221; header_2_font=&#8221;Cormorant Garamond|700|||||||&#8221; header_2_font_size=&#8221;34px&#8221; global_colors_info=&#8221;{}&#8221;]<\/p>\n<h2>Que sont les traitements Dermapen?<\/h2>\n<p>[\/et_pb_text][et_pb_text _builder_version=&#8221;4.16&#8243; _module_preset=&#8221;default&#8221; global_colors_info=&#8221;{}&#8221;]<\/p>\n<p>Dp4 est la perc\u00e9e de la d\u00e9cennie utilisant l\u2019innovation la plus avanc\u00e9e en mati\u00e8re de cartouche d\u2019aiguille pour percer verticalement la peau . DP4 glisse sur la peau en cr\u00e9ant des millions de fins canaux fractionn\u00e9s jusqu&#8217;\u00e0 104% plus rapidement que les autres appareils de microneedling. Ces canaux peuvent transporter jusqu&#8217;\u00e0 80% plus de nutriments topiques suppl\u00e9mentaires plus profond\u00e9ment dans la peau. La r\u00e9ponse naturelle de notre corps d\u00e9clenche alors un processus naturel de r\u00e9paration.. Il en r\u00e9sulte <strong>une augmentation de la production de collag\u00e8ne et d&#8217;\u00e9lastine, un resurfa\u00e7age, une retexturation et un renouvellement g\u00e9n\u00e9ral de la peau<\/strong> partout sur le corps, qu\u2019il s\u2019agisse de zone difficiles \u00e0 atteindre comme le contour des yeux, les paupi\u00e8res, les lobes d\u2019oreille, le cou, les l\u00e8vres, ;le nez ou de zones plus larges du cou et d\u00e9collet\u00e9, du ventre et des jambes pour le traitement des vergetures.<\/p>\n<p>Dp4 est l\u2019appareil de microneedling le plus avanc\u00e9 du march\u00e9. Les traitements Dp4 sont plus rapides, plus s\u00fbrs et produisent des r\u00e9sultats optimaux.<\/p>\n<p>La synergie du Dp4 et Dp Dermaceuticals utilis\u00e9s comme protocoles non seulement pendant, mais avant et apr\u00e8s une proc\u00e9dure de microneedling Dp4 pour les soins de la peau a domicile est ce qui forme un v\u00e9ritable \u201ctraitement Dermapen\u201d.<\/p>\n<p>[\/et_pb_text][\/et_pb_column][et_pb_column type=&#8221;1_2&#8243; _builder_version=&#8221;4.16&#8243; _module_preset=&#8221;default&#8221; global_colors_info=&#8221;{}&#8221;][et_pb_image src=&#8221;https:\/\/brisamedicspa.com\/wp-content\/uploads\/2025\/02\/dp4.png&#8221; title_text=&#8221;dp4&#8243; _builder_version=&#8221;4.27.4&#8243; _module_preset=&#8221;default&#8221; global_colors_info=&#8221;{}&#8221;][\/et_pb_image][\/et_pb_column][\/et_pb_row][\/et_pb_section][et_pb_section fb_built=&#8221;1&#8243; _builder_version=&#8221;4.27.4&#8243; _module_preset=&#8221;default&#8221; background_color=&#8221;#f6f4f2&#8243; custom_margin=&#8221;0px||||false|false&#8221; custom_padding=&#8221;0px||||false|false&#8221; global_colors_info=&#8221;{}&#8221;][et_pb_row column_structure=&#8221;1_3,1_3,1_3&#8243; use_custom_gutter=&#8221;on&#8221; gutter_width=&#8221;1&#8243; custom_padding_last_edited=&#8221;on|desktop&#8221; _builder_version=&#8221;4.27.4&#8243; _module_preset=&#8221;default&#8221; width=&#8221;100%&#8221; custom_padding=&#8221;||||false|false&#8221; custom_padding_tablet=&#8221;||0px||false|false&#8221; custom_padding_phone=&#8221;||0px||false|false&#8221; locked=&#8221;off&#8221; global_colors_info=&#8221;{}&#8221;][et_pb_column type=&#8221;1_3&#8243; _builder_version=&#8221;4.16&#8243; _module_preset=&#8221;default&#8221; background_color=&#8221;#FFFFFF&#8221; custom_padding=&#8221;25px|25px|25px|25px|true|true&#8221; custom_padding_tablet=&#8221;25px||25px||true|true&#8221; custom_padding_phone=&#8221;25px||25px||true|true&#8221; custom_padding_last_edited=&#8221;on|phone&#8221; global_colors_info=&#8221;{}&#8221;][et_pb_text _builder_version=&#8221;4.27.4&#8243; _module_preset=&#8221;default&#8221; header_2_font=&#8221;Cormorant Garamond|700|||||||&#8221; header_2_font_size=&#8221;34px&#8221; border_width_bottom=&#8221;1px&#8221; border_color_bottom=&#8221;#E3BEC9&#8243; global_colors_info=&#8221;{}&#8221;]<\/p>\n<h4>Rajeunissement<\/h4>\n<p>[\/et_pb_text][et_pb_text _builder_version=&#8221;4.27.4&#8243; _module_preset=&#8221;default&#8221; global_colors_info=&#8221;{}&#8221;]<\/p>\n<p><strong>Traitements<\/strong><\/p>\n<p><span style=\"font-weight: 400;\"><strong>\u00a0\u00a0 +\u00a0<\/strong> 3-6 sessions<\/span><\/p>\n<p class=\"et_pb_module_header\"><strong>Intervalle<\/strong><\/p>\n<p><span style=\"font-weight: 400;\"><strong>\u00a0\u00a0 +<\/strong>\u00a0 6-8 semaines<\/span><\/p>\n<p>[\/et_pb_text][\/et_pb_column][et_pb_column type=&#8221;1_3&#8243; _builder_version=&#8221;4.16&#8243; _module_preset=&#8221;default&#8221; background_color=&#8221;rgba(227,190,201,0.1)&#8221; custom_padding=&#8221;25px|25px|25px|25px|false|true&#8221; custom_padding_tablet=&#8221;25px||25px||true|true&#8221; custom_padding_phone=&#8221;25px||25px||true|true&#8221; custom_padding_last_edited=&#8221;on|tablet&#8221; global_colors_info=&#8221;{}&#8221;][et_pb_text _builder_version=&#8221;4.27.4&#8243; _module_preset=&#8221;default&#8221; border_width_bottom=&#8221;1px&#8221; border_color_bottom=&#8221;#E3BEC9&#8243; global_colors_info=&#8221;{}&#8221;]<\/p>\n<h4>Cicatrices d\u2019acne<\/h4>\n<p>[\/et_pb_text][et_pb_text _builder_version=&#8221;4.27.4&#8243; _module_preset=&#8221;default&#8221; locked=&#8221;off&#8221; global_colors_info=&#8221;{}&#8221;]<\/p>\n<p><strong>Traitements<\/strong><\/p>\n<p><span style=\"font-weight: 400;\"><strong>\u00a0\u00a0 +\u00a0<\/strong> 4-6 sessions<\/span><\/p>\n<p class=\"et_pb_module_header\"><strong>Intervalle<\/strong><\/p>\n<p><span style=\"font-weight: 400;\"><strong>\u00a0\u00a0 +<\/strong>\u00a0 6-8 semaines<\/span><\/p>\n<p>[\/et_pb_text][\/et_pb_column][et_pb_column type=&#8221;1_3&#8243; _builder_version=&#8221;4.27.4&#8243; _module_preset=&#8221;default&#8221; background_color=&#8221;rgba(157,157,156,0.09)&#8221; custom_padding=&#8221;25px|25px|25px|25px|true|true&#8221; custom_padding_tablet=&#8221;25px||25px||true|true&#8221; custom_padding_phone=&#8221;25px||25px||true|true&#8221; custom_padding_last_edited=&#8221;on|phone&#8221; global_colors_info=&#8221;{}&#8221;][et_pb_text _builder_version=&#8221;4.27.4&#8243; _module_preset=&#8221;default&#8221; border_width_bottom=&#8221;1px&#8221; border_color_bottom=&#8221;#E3BEC9&#8243; global_colors_info=&#8221;{}&#8221;]<\/p>\n<h4>Les vergetures<\/h4>\n<p>[\/et_pb_text][et_pb_text _builder_version=&#8221;4.27.4&#8243; _module_preset=&#8221;default&#8221; locked=&#8221;off&#8221; global_colors_info=&#8221;{}&#8221;]<\/p>\n<p><strong>Traitements<\/strong><\/p>\n<p><span style=\"font-weight: 400;\"><strong>\u00a0\u00a0 +\u00a0<\/strong> 4-8 sessions<\/span><\/p>\n<p class=\"et_pb_module_header\"><strong>Intervalle<\/strong><\/p>\n<p><span style=\"font-weight: 400;\"><strong>\u00a0\u00a0 +<\/strong>\u00a0 6-8 semaines<\/span><\/p>\n<p>[\/et_pb_text][\/et_pb_column][\/et_pb_row][et_pb_row column_structure=&#8221;1_3,1_3,1_3&#8243; use_custom_gutter=&#8221;on&#8221; gutter_width=&#8221;1&#8243; custom_padding_last_edited=&#8221;on|phone&#8221; _builder_version=&#8221;4.27.4&#8243; _module_preset=&#8221;default&#8221; width=&#8221;100%&#8221; custom_margin_tablet=&#8221;0px||0px||false|false&#8221; custom_margin_phone=&#8221;0px||0px||false|false&#8221; custom_margin_last_edited=&#8221;on|tablet&#8221; custom_padding=&#8221;0px||||false|false&#8221; custom_padding_tablet=&#8221;0px||||false|false&#8221; custom_padding_phone=&#8221;0px||||false|false&#8221; locked=&#8221;off&#8221; global_colors_info=&#8221;{}&#8221;][et_pb_column type=&#8221;1_3&#8243; _builder_version=&#8221;4.16&#8243; _module_preset=&#8221;default&#8221; background_color=&#8221;#FFFFFF&#8221; custom_padding=&#8221;25px|25px|25px|25px|true|true&#8221; custom_padding_tablet=&#8221;25px||25px||true|true&#8221; custom_padding_phone=&#8221;25px||25px||true|true&#8221; custom_padding_last_edited=&#8221;on|phone&#8221; global_colors_info=&#8221;{}&#8221;][et_pb_text _builder_version=&#8221;4.27.4&#8243; _module_preset=&#8221;default&#8221; header_2_font=&#8221;Cormorant Garamond|700|||||||&#8221; header_2_font_size=&#8221;34px&#8221; border_width_bottom=&#8221;1px&#8221; border_color_bottom=&#8221;#E3BEC9&#8243; global_colors_info=&#8221;{}&#8221;]<\/p>\n<h4>Pigmentation<\/h4>\n<p>[\/et_pb_text][et_pb_text _builder_version=&#8221;4.27.4&#8243; _module_preset=&#8221;default&#8221; locked=&#8221;off&#8221; global_colors_info=&#8221;{}&#8221;]<\/p>\n<p><strong>Traitements<\/strong><\/p>\n<p><span style=\"font-weight: 400;\"><strong>\u00a0\u00a0 +\u00a0<\/strong> 4-6 sessions<\/span><\/p>\n<p class=\"et_pb_module_header\"><strong>Intervalle<\/strong><\/p>\n<p><span style=\"font-weight: 400;\"><strong>\u00a0\u00a0 +<\/strong>\u00a0 2-4 semaines<\/span><\/p>\n<p>[\/et_pb_text][\/et_pb_column][et_pb_column type=&#8221;1_3&#8243; _builder_version=&#8221;4.16&#8243; _module_preset=&#8221;default&#8221; background_color=&#8221;rgba(227,190,201,0.1)&#8221; custom_padding=&#8221;25px|25px|25px|25px|false|true&#8221; custom_padding_tablet=&#8221;25px||25px||true|true&#8221; custom_padding_phone=&#8221;25px||25px||true|true&#8221; custom_padding_last_edited=&#8221;on|tablet&#8221; global_colors_info=&#8221;{}&#8221;][et_pb_text _builder_version=&#8221;4.27.4&#8243; _module_preset=&#8221;default&#8221; border_width_bottom=&#8221;1px&#8221; border_color_bottom=&#8221;#E3BEC9&#8243; global_colors_info=&#8221;{}&#8221;]<\/p>\n<h4>Hypopigmentation ou Vitiligo<\/h4>\n<p>[\/et_pb_text][et_pb_text _builder_version=&#8221;4.27.4&#8243; _module_preset=&#8221;default&#8221; locked=&#8221;off&#8221; global_colors_info=&#8221;{}&#8221;]<\/p>\n<p><strong>Traitements<\/strong><\/p>\n<p><span style=\"font-weight: 400;\"><strong>\u00a0\u00a0 +\u00a0<\/strong> 4-8 sessions<\/span><\/p>\n<p class=\"et_pb_module_header\"><strong>Intervalle<\/strong><\/p>\n<p><span style=\"font-weight: 400;\"><strong>\u00a0\u00a0 +<\/strong>\u00a0 2-4 semaines<\/span><\/p>\n<p>[\/et_pb_text][\/et_pb_column][et_pb_column type=&#8221;1_3&#8243; _builder_version=&#8221;4.16&#8243; _module_preset=&#8221;default&#8221; global_colors_info=&#8221;{}&#8221;][\/et_pb_column][\/et_pb_row][\/et_pb_section]<\/p>\n","protected":false},"excerpt":{"rendered":"<p>Que sont les traitements Dermapen?Dp4 est la perc\u00e9e de la d\u00e9cennie utilisant l\u2019innovation la plus avanc\u00e9e en mati\u00e8re de cartouche d\u2019aiguille pour percer verticalement la peau . DP4 glisse sur la peau en cr\u00e9ant des millions de fins canaux fractionn\u00e9s jusqu&#8217;\u00e0 104% plus rapidement que les autres appareils de microneedling. Ces canaux peuvent transporter jusqu&#8217;\u00e0 [&hellip;]<\/p>\n","protected":false},"author":123457,"featured_media":239211,"parent":238241,"menu_order":0,"comment_status":"closed","ping_status":"closed","template":"","meta":{"_et_pb_use_builder":"on","_et_pb_old_content":"","_et_gb_content_width":"","footnotes":""},"class_list":["post-239030","page","type-page","status-publish","has-post-thumbnail","hentry"],"yoast_head":"<!-- This site is optimized with the Yoast SEO plugin v27.2 - https:\/\/yoast.com\/product\/yoast-seo-wordpress\/ -->\n<title>Dp4 Microneedling | Brisa MedicSpa<\/title>\n<meta name=\"description\" content=\"&quot;Dp4 est le dispositif de microneedling le plus avanc\u00e9, stimulant le collag\u00e8ne et le renouvellement de la peau pour des r\u00e9sultats optimaux.\" \/>\n<meta name=\"robots\" content=\"index, follow, max-snippet:-1, max-image-preview:large, max-video-preview:-1\" \/>\n<link rel=\"canonical\" href=\"https:\/\/brisamedicspa.com\/fr\/medico-esthetique\/dp4-microneedling\/\" \/>\n<meta property=\"og:locale\" content=\"fr_FR\" \/>\n<meta property=\"og:type\" content=\"article\" \/>\n<meta property=\"og:title\" content=\"Dp4 Microneedling | Brisa MedicSpa\" \/>\n<meta property=\"og:description\" content=\"&quot;Dp4 est le dispositif de microneedling le plus avanc\u00e9, stimulant le collag\u00e8ne et le renouvellement de la peau pour des r\u00e9sultats optimaux.\" \/>\n<meta property=\"og:url\" content=\"https:\/\/brisamedicspa.com\/fr\/medico-esthetique\/dp4-microneedling\/\" \/>\n<meta property=\"og:site_name\" content=\"Brisa MedicSpa\" \/>\n<meta property=\"article:modified_time\" content=\"2025-03-20T13:01:09+00:00\" \/>\n<meta property=\"og:image\" content=\"https:\/\/brisamedicspa.com\/wp-content\/uploads\/2025\/03\/dp4txcmyk_VLdD.webp\" \/>\n\t<meta property=\"og:image:width\" content=\"1800\" \/>\n\t<meta property=\"og:image:height\" content=\"1200\" \/>\n\t<meta property=\"og:image:type\" content=\"image\/webp\" \/>\n<meta name=\"twitter:card\" content=\"summary_large_image\" \/>\n<meta name=\"twitter:label1\" content=\"Est. reading time\" \/>\n\t<meta name=\"twitter:data1\" content=\"2 minutes\" \/>\n<script type=\"application\/ld+json\" class=\"yoast-schema-graph\">{\"@context\":\"https:\/\/schema.org\",\"@graph\":[{\"@type\":\"WebPage\",\"@id\":\"https:\/\/brisamedicspa.com\/fr\/medico-esthetique\/dp4-microneedling\/\",\"url\":\"https:\/\/brisamedicspa.com\/fr\/medico-esthetique\/dp4-microneedling\/\",\"name\":\"Dp4 Microneedling | Brisa MedicSpa\",\"isPartOf\":{\"@id\":\"https:\/\/brisamedicspa.com\/fr\/#website\"},\"primaryImageOfPage\":{\"@id\":\"https:\/\/brisamedicspa.com\/fr\/medico-esthetique\/dp4-microneedling\/#primaryimage\"},\"image\":{\"@id\":\"https:\/\/brisamedicspa.com\/fr\/medico-esthetique\/dp4-microneedling\/#primaryimage\"},\"thumbnailUrl\":\"https:\/\/brisamedicspa.com\/wp-content\/uploads\/2025\/03\/dp4txcmyk_VLdD.webp\",\"datePublished\":\"2025-02-25T13:51:47+00:00\",\"dateModified\":\"2025-03-20T13:01:09+00:00\",\"description\":\"\\\"Dp4 est le dispositif de microneedling le plus avanc\u00e9, stimulant le collag\u00e8ne et le renouvellement de la peau pour des r\u00e9sultats optimaux.\",\"breadcrumb\":{\"@id\":\"https:\/\/brisamedicspa.com\/fr\/medico-esthetique\/dp4-microneedling\/#breadcrumb\"},\"inLanguage\":\"fr-FR\",\"potentialAction\":[{\"@type\":\"ReadAction\",\"target\":[\"https:\/\/brisamedicspa.com\/fr\/medico-esthetique\/dp4-microneedling\/\"]}]},{\"@type\":\"ImageObject\",\"inLanguage\":\"fr-FR\",\"@id\":\"https:\/\/brisamedicspa.com\/fr\/medico-esthetique\/dp4-microneedling\/#primaryimage\",\"url\":\"https:\/\/brisamedicspa.com\/wp-content\/uploads\/2025\/03\/dp4txcmyk_VLdD.webp\",\"contentUrl\":\"https:\/\/brisamedicspa.com\/wp-content\/uploads\/2025\/03\/dp4txcmyk_VLdD.webp\",\"width\":1800,\"height\":1200},{\"@type\":\"BreadcrumbList\",\"@id\":\"https:\/\/brisamedicspa.com\/fr\/medico-esthetique\/dp4-microneedling\/#breadcrumb\",\"itemListElement\":[{\"@type\":\"ListItem\",\"position\":1,\"name\":\"Home\",\"item\":\"https:\/\/brisamedicspa.com\/fr\/\"},{\"@type\":\"ListItem\",\"position\":2,\"name\":\"Esth\u00e9tique m\u00e9dicale\",\"item\":\"https:\/\/brisamedicspa.com\/fr\/medico-esthetique\/\"},{\"@type\":\"ListItem\",\"position\":3,\"name\":\"Dp4 microneedling\"}]},{\"@type\":\"WebSite\",\"@id\":\"https:\/\/brisamedicspa.com\/fr\/#website\",\"url\":\"https:\/\/brisamedicspa.com\/fr\/\",\"name\":\"Brisa MedicSpa\",\"description\":\"Spa in Gatineau and Aylmer\",\"potentialAction\":[{\"@type\":\"SearchAction\",\"target\":{\"@type\":\"EntryPoint\",\"urlTemplate\":\"https:\/\/brisamedicspa.com\/fr\/?s={search_term_string}\"},\"query-input\":{\"@type\":\"PropertyValueSpecification\",\"valueRequired\":true,\"valueName\":\"search_term_string\"}}],\"inLanguage\":\"fr-FR\"}]}<\/script>\n<!-- \/ Yoast SEO plugin. -->","yoast_head_json":{"title":"Dp4 Microneedling | Brisa MedicSpa","description":"\"Dp4 est le dispositif de microneedling le plus avanc\u00e9, stimulant le collag\u00e8ne et le renouvellement de la peau pour des r\u00e9sultats optimaux.","robots":{"index":"index","follow":"follow","max-snippet":"max-snippet:-1","max-image-preview":"max-image-preview:large","max-video-preview":"max-video-preview:-1"},"canonical":"https:\/\/brisamedicspa.com\/fr\/medico-esthetique\/dp4-microneedling\/","og_locale":"fr_FR","og_type":"article","og_title":"Dp4 Microneedling | Brisa MedicSpa","og_description":"\"Dp4 est le dispositif de microneedling le plus avanc\u00e9, stimulant le collag\u00e8ne et le renouvellement de la peau pour des r\u00e9sultats optimaux.","og_url":"https:\/\/brisamedicspa.com\/fr\/medico-esthetique\/dp4-microneedling\/","og_site_name":"Brisa MedicSpa","article_modified_time":"2025-03-20T13:01:09+00:00","og_image":[{"width":1800,"height":1200,"url":"https:\/\/brisamedicspa.com\/wp-content\/uploads\/2025\/03\/dp4txcmyk_VLdD.webp","type":"image\/webp"}],"twitter_card":"summary_large_image","twitter_misc":{"Est. reading time":"2 minutes"},"schema":{"@context":"https:\/\/schema.org","@graph":[{"@type":"WebPage","@id":"https:\/\/brisamedicspa.com\/fr\/medico-esthetique\/dp4-microneedling\/","url":"https:\/\/brisamedicspa.com\/fr\/medico-esthetique\/dp4-microneedling\/","name":"Dp4 Microneedling | Brisa MedicSpa","isPartOf":{"@id":"https:\/\/brisamedicspa.com\/fr\/#website"},"primaryImageOfPage":{"@id":"https:\/\/brisamedicspa.com\/fr\/medico-esthetique\/dp4-microneedling\/#primaryimage"},"image":{"@id":"https:\/\/brisamedicspa.com\/fr\/medico-esthetique\/dp4-microneedling\/#primaryimage"},"thumbnailUrl":"https:\/\/brisamedicspa.com\/wp-content\/uploads\/2025\/03\/dp4txcmyk_VLdD.webp","datePublished":"2025-02-25T13:51:47+00:00","dateModified":"2025-03-20T13:01:09+00:00","description":"\"Dp4 est le dispositif de microneedling le plus avanc\u00e9, stimulant le collag\u00e8ne et le renouvellement de la peau pour des r\u00e9sultats optimaux.","breadcrumb":{"@id":"https:\/\/brisamedicspa.com\/fr\/medico-esthetique\/dp4-microneedling\/#breadcrumb"},"inLanguage":"fr-FR","potentialAction":[{"@type":"ReadAction","target":["https:\/\/brisamedicspa.com\/fr\/medico-esthetique\/dp4-microneedling\/"]}]},{"@type":"ImageObject","inLanguage":"fr-FR","@id":"https:\/\/brisamedicspa.com\/fr\/medico-esthetique\/dp4-microneedling\/#primaryimage","url":"https:\/\/brisamedicspa.com\/wp-content\/uploads\/2025\/03\/dp4txcmyk_VLdD.webp","contentUrl":"https:\/\/brisamedicspa.com\/wp-content\/uploads\/2025\/03\/dp4txcmyk_VLdD.webp","width":1800,"height":1200},{"@type":"BreadcrumbList","@id":"https:\/\/brisamedicspa.com\/fr\/medico-esthetique\/dp4-microneedling\/#breadcrumb","itemListElement":[{"@type":"ListItem","position":1,"name":"Home","item":"https:\/\/brisamedicspa.com\/fr\/"},{"@type":"ListItem","position":2,"name":"Esth\u00e9tique m\u00e9dicale","item":"https:\/\/brisamedicspa.com\/fr\/medico-esthetique\/"},{"@type":"ListItem","position":3,"name":"Dp4 microneedling"}]},{"@type":"WebSite","@id":"https:\/\/brisamedicspa.com\/fr\/#website","url":"https:\/\/brisamedicspa.com\/fr\/","name":"Brisa MedicSpa","description":"Spa in Gatineau and Aylmer","potentialAction":[{"@type":"SearchAction","target":{"@type":"EntryPoint","urlTemplate":"https:\/\/brisamedicspa.com\/fr\/?s={search_term_string}"},"query-input":{"@type":"PropertyValueSpecification","valueRequired":true,"valueName":"search_term_string"}}],"inLanguage":"fr-FR"}]}},"_links":{"self":[{"href":"https:\/\/brisamedicspa.com\/fr\/wp-json\/wp\/v2\/pages\/239030","targetHints":{"allow":["GET"]}}],"collection":[{"href":"https:\/\/brisamedicspa.com\/fr\/wp-json\/wp\/v2\/pages"}],"about":[{"href":"https:\/\/brisamedicspa.com\/fr\/wp-json\/wp\/v2\/types\/page"}],"author":[{"embeddable":true,"href":"https:\/\/brisamedicspa.com\/fr\/wp-json\/wp\/v2\/users\/123457"}],"replies":[{"embeddable":true,"href":"https:\/\/brisamedicspa.com\/fr\/wp-json\/wp\/v2\/comments?post=239030"}],"version-history":[{"count":12,"href":"https:\/\/brisamedicspa.com\/fr\/wp-json\/wp\/v2\/pages\/239030\/revisions"}],"predecessor-version":[{"id":239217,"href":"https:\/\/brisamedicspa.com\/fr\/wp-json\/wp\/v2\/pages\/239030\/revisions\/239217"}],"up":[{"embeddable":true,"href":"https:\/\/brisamedicspa.com\/fr\/wp-json\/wp\/v2\/pages\/238241"}],"wp:featuredmedia":[{"embeddable":true,"href":"https:\/\/brisamedicspa.com\/fr\/wp-json\/wp\/v2\/media\/239211"}],"wp:attachment":[{"href":"https:\/\/brisamedicspa.com\/fr\/wp-json\/wp\/v2\/media?parent=239030"}],"curies":[{"name":"wp","href":"https:\/\/api.w.org\/{rel}","templated":true}]}}